{"id":13749,"date":"2024-11-30T10:52:42","date_gmt":"2024-11-30T10:52:42","guid":{"rendered":"https:\/\/healthtourismturkis.com\/?page_id=13749"},"modified":"2024-11-30T10:54:29","modified_gmt":"2024-11-30T10:54:29","slug":"balon-sinoplasti-ameliyati","status":"publish","type":"page","link":"https:\/\/healthtourismturkis.com\/fr\/balon-sinoplasti-ameliyati\/","title":{"rendered":"Sinoplastie par ballonnet"},"content":{"rendered":"<div data-elementor-type=\"wp-page\" data-elementor-id=\"13749\" class=\"elementor elementor-13749\" data-elementor-post-type=\"page\">\n\t\t\t\t\t\t<section class=\"elementor-section elementor-top-section elementor-element elementor-element-38ca8f76 elementor-section-boxed elementor-section-height-default elementor-section-height-default\" data-id=\"38ca8f76\" data-element_type=\"section\">\n\t\t\t\t\t\t<div class=\"elementor-container elementor-column-gap-default\">\n\t\t\t\t\t<div class=\"elementor-column elementor-col-50 elementor-top-column elementor-element elementor-element-2ff8a986\" data-id=\"2ff8a986\" data-element_type=\"column\">\n\t\t\t<div class=\"elementor-widget-wrap elementor-element-populated\">\n\t\t\t\t\t\t<section class=\"elementor-section elementor-inner-section elementor-element elementor-element-1d5b8582 elementor-section-boxed elementor-section-height-default elementor-section-height-default\" data-id=\"1d5b8582\" data-element_type=\"section\">\n\t\t\t\t\t\t<div class=\"elementor-container elementor-column-gap-default\">\n\t\t\t\t\t<div class=\"elementor-column elementor-col-100 elementor-inner-column elementor-element elementor-element-43b32d52\" data-id=\"43b32d52\" data-element_type=\"column\">\n\t\t\t<div class=\"elementor-widget-wrap elementor-element-populated\">\n\t\t\t\t\t\t<div class=\"elementor-element elementor-element-5c9972cb elementor-widget elementor-widget-witr_section_service\" data-id=\"5c9972cb\" data-element_type=\"widget\" data-widget_type=\"witr_section_service.default\">\n\t\t\t\t<div class=\"elementor-widget-container\">\n\t\t\t\t\t\t\t\n\t\t\t<div class=\"service-item all_color_service text-left\">\n\t\t\t\t<div class=\"service_top_image\">\n\t\t\t\t\t<!-- image -->\n\t\t\t\t\t\t\t\t\t\t\t<img decoding=\"async\" src=\"http:\/\/healthtourismturkis.com\/wp-content\/uploads\/2024\/11\/balon-sinoplasti-1.png\" alt=\"\" \/>\n\t\t\t\t\t\t\t\t\n\t\t\t\t<\/div>\n\t\t\t\t<div class=\"text_box all_icon_color\">\n\t\t\t\t\t<!-- icon -->\n\t\t\t\t\t\t\t\t\t\t<!-- custom icon -->\n\t\t\t\t\t\t\t\t\t\n\t\t\t\t\t<!-- image -->\n\t\t\t\t\t\t\n\t\t\t\t\t<!-- title -->\n\t\t\t\t\t\t\t\t\t\t\t\t\t\t\t<h3>Sinoplastie par ballonnet <\/h3>\n\t\t\t\t\t\t\t\t\t\t\t\t\t\t\t<!-- content -->\n\t\t\t\t\t\t\t\t\t\t<!-- button -->\n\t\t\t\t\t\t\t\t\t\n\t\t\t\t<\/div> <!-- text_box -->\t\t\t\t\t\t\t\n\t\t\t<\/div> <!-- service item -->\t\t\t\t\t\t\t\n \t\t\t\t\t\t<\/div>\n\t\t\t\t<\/div>\n\t\t\t\t<div class=\"elementor-element elementor-element-deb3976 elementor-widget elementor-widget-text-editor\" data-id=\"deb3976\" data-element_type=\"widget\" data-widget_type=\"text-editor.default\">\n\t\t\t\t<div class=\"elementor-widget-container\">\n\t\t\t\t\t\t\t\t\t<p><strong>Sinoplastie par ballonnet Traitement moderne et confortable de la sinusite<\/strong><\/p><p><strong>Qu'est-ce que la synoplastie par ballonnet ?<\/strong><\/p><p>La sinoplastie par ballonnets est une m\u00e9thode chirurgicale moderne et peu invasive utilis\u00e9e dans le traitement de la sinusite chronique. Cette m\u00e9thode, moins invasive que les chirurgies traditionnelles des sinus, \u00e9limine l'obstruction en \u00e9largissant les canaux sinusiens et offre aux patients un processus de r\u00e9tablissement plus confortable.<\/p><p><strong>Comment postuler ?<\/strong><\/p><p>Lors d'une sinoplastie par ballonnet, un cath\u00e9ter sp\u00e9cial est ins\u00e9r\u00e9 par le nez. Un ballonnet est plac\u00e9 dans la zone o\u00f9 se trouvent les canaux sinusiens obstru\u00e9s et gonfl\u00e9. Cette proc\u00e9dure permet d'ouvrir les zones r\u00e9tr\u00e9cies des canaux sinusiens. Le ballon est ensuite d\u00e9gonfl\u00e9 et retir\u00e9. Le tissu n'\u00e9tant pas endommag\u00e9, la p\u00e9riode de convalescence apr\u00e8s l'intervention est tr\u00e8s courte.<\/p><p><strong>Avantages de la sinoplastie par ballonnet<\/strong><\/p><ul><li><strong>R\u00e9cup\u00e9ration rapide :<\/strong>Elle offre la possibilit\u00e9 de retourner \u00e0 la vie quotidienne dans un d\u00e9lai plus court que les m\u00e9thodes traditionnelles.<\/li><li><strong>H\u00e9morragie minimale<\/strong>Les tissus sinusiens n'\u00e9tant pas endommag\u00e9s, le risque de saignement pendant et apr\u00e8s l'intervention est faible.<\/li><li><strong>Un processus indolore :<\/strong>Comme il est appliqu\u00e9 sans incision chirurgicale, la douleur apr\u00e8s la proc\u00e9dure est minime.<\/li><li><strong>Aucune hospitalisation n'est n\u00e9cessaire :<\/strong>Il s'agit g\u00e9n\u00e9ralement d'un traitement ambulatoire.<\/li><\/ul><p><strong>\u00c0 qui s'adresse-t-il ?<\/strong><\/p><p>La sinoplastie par ballonnet est particuli\u00e8rement recommand\u00e9e pour les patients souffrant de sinusite chronique, notamment lorsque les m\u00e9dicaments ne parviennent pas \u00e0 les soulager. Cependant, elle peut ne pas convenir \u00e0 tous les patients. Votre m\u00e9decin proc\u00e9dera \u00e0 une \u00e9valuation d\u00e9taill\u00e9e et d\u00e9terminera la meilleure m\u00e9thode de traitement pour vous.<\/p><p><strong>Processus de r\u00e9cup\u00e9ration<\/strong><\/p><p>Une l\u00e9g\u00e8re congestion nasale et un \u00e9coulement peuvent \u00eatre ressentis apr\u00e8s l'intervention. Toutefois, cet \u00e9tat dispara\u00eet en quelques jours. Les patients peuvent g\u00e9n\u00e9ralement reprendre leurs activit\u00e9s normales le jour m\u00eame.<\/p><p>\u00a0<\/p>\t\t\t\t\t\t\t\t<\/div>\n\t\t\t\t<\/div>\n\t\t\t\t\t<\/div>\n\t\t<\/div>\n\t\t\t\t\t<\/div>\n\t\t<\/section>\n\t\t\t\t\t<\/div>\n\t\t<\/div>\n\t\t\t\t<div class=\"elementor-column elementor-col-50 elementor-top-column elementor-element elementor-element-70b840a2\" data-id=\"70b840a2\" data-element_type=\"column\">\n\t\t\t<div class=\"elementor-widget-wrap elementor-element-populated\">\n\t\t\t\t\t\t<section class=\"elementor-section elementor-inner-section elementor-element elementor-element-76b9750f elementor-section-boxed elementor-section-height-default elementor-section-height-default\" data-id=\"76b9750f\" data-element_type=\"section\">\n\t\t\t\t\t\t<div class=\"elementor-container elementor-column-gap-default\">\n\t\t\t\t\t<div class=\"elementor-column elementor-col-100 elementor-inner-column elementor-element elementor-element-71a8ceb6\" data-id=\"71a8ceb6\" data-element_type=\"column\">\n\t\t\t<div class=\"elementor-widget-wrap elementor-element-populated\">\n\t\t\t\t\t\t<div class=\"elementor-element elementor-element-1432befa elementor-widget elementor-widget-witr_section_carousel_image\" data-id=\"1432befa\" data-element_type=\"widget\" data-widget_type=\"witr_section_carousel_image.default\">\n\t\t\t\t<div class=\"elementor-widget-container\">\n\t\t\t\t\t\t\t\t\t<!--======SCREENSHOTS PART START wittr_car_top_right ======-->\n\t\t\t\t<div class=\"imagess_area wittr_car_top_left\">\n\t\t\t\t\n\t\t\t\t\t\t<div class=\"witr_car_overlay imagess_id1\">\n\t\t\t\t\t\t\n\t\t\t\t\t\t\t<div class=\"witr_slick_columns\"><div class=\"slide_items\"><img decoding=\"async\" src=\"https:\/\/themexbd.com\/hisfull\/medical\/wp-content\/uploads\/2021\/01\/s1.jpg\" alt=\"\"\/><\/div><\/div><div class=\"witr_slick_columns\"><div class=\"slide_items\"><img decoding=\"async\" src=\"https:\/\/themexbd.com\/hisfull\/medical\/wp-content\/uploads\/2021\/01\/s3.jpg\" alt=\"\"\/><\/div><\/div>\n\t\t\t\t\t\t<\/div>\n\n\t\t\t\t\t\t\n\t\t\t\t\t\t\t\t\t\n\t\t\t\t<\/div> \n\t\t\t\t<!--======SCREENSHOTS PART ENDS ======-->\t\t\t\n\t\n\t<script type='text\/javascript'>\n\t\tjQuery(function($){\n\n\n\t\t\t\/*====== Screenshots Slide Slick =======*\/\n\t\t\t$('.imagess_id1').slick({\t\n\n\t\t\t\tinfinite: true,\n\t\t\t\tautoplay: true,\n\t\t\t\tautoplaySpeed: 2000,\n\t\t\t\tspeed: 1000,\t\t\t\t\t\n\t\t\t\tslidesToShow: 1,\n\t\t\t\tslidesToScroll: 1,\n\t\t\t\tcenterMode: true,\n\t\t\t\tcenterPadding: '',\t\t\t\t\t\n\t\t\t\tarrows: false,\n\t\t\t\tdots: false,\n\t\t\t\tresponsive: [\n\t\t\t\t\t{\n\t\t\t\t\t\tbreakpoint: 1200,\n\t\t\t\t\t\tsettings: {\n\t\t\t\t\t\t\tslidesToShow: 1,\n\t\t\t\t\t\t\tslidesToScroll: 1,\n\t\t\t\t\t\t}\n\t\t\t\t},\n\t\t\t\t\t{\n\t\t\t\t\t\tbreakpoint: 992,\n\t\t\t\t\t\tsettings: {\n\t\t\t\t\t\t\tslidesToShow: 1,\n\t\t\t\t\t\t\tslidesToScroll: 1,\n\t\t\t\t\t\t}\n\t\t\t\t},\n\t\t\t\t\t{\n\t\t\t\t\t\tbreakpoint: 768,\n\t\t\t\t\t\tsettings: {\n\t\t\t\t\t\t\tslidesToShow: 1,\n\t\t\t\t\t\t\tslidesToScroll: 1,\n\t\t\t\t\t\t}\n\t\t\t\t}\n\t\t\t\t\/\/ You can unslick at a given breakpoint now by adding:\n\t\t\t\t\/\/ settings: \"unslick\"\n\t\t\t\t\/\/ instead of a settings object\n\t\t\t\t]\n\t\t\t});\n\n\t\t});\n\t<\/script>\t\t\n\t\t\n\t\t\n\t\t\n\t\t\n\n\t\t\t\t<\/div>\n\t\t\t\t<\/div>\n\t\t\t\t<div class=\"elementor-element elementor-element-7debc266 hisfull-star-rating--align-left hisfull-star-rating--align-center elementor-widget elementor-widget-witr_section_apartment\" data-id=\"7debc266\" data-element_type=\"widget\" data-widget_type=\"witr_section_apartment.default\">\n\t\t\t\t<div class=\"elementor-widget-container\">\n\t\t\t\t\t\n\t\t\t\t\t<div class=\"apartment_area\">\t\t\t\t\n\t\t\t\t\t\t<div class=\"apartment_text\">\t\t\n\t\t\t\t\t\t\t<!-- title -->\n\t\t\t\t\t\t\t\t\t\t\t\t\t\t\t<h1>Contact<\/h1>\n\t\t\t\t\t\t\t\t\t\n\t\t\t\t\t\t\t<!-- content -->\n\t\t\t\t\t\t\t\t\t\t\t\t\t\t\t<h2>Nous sommes \u00e0 votre service 7\/24 <\/h2>\t\t\n\t\t\t\t\t\t\t\t\t\t\t\t\t\t\n\t\t\t\t\t\t<\/div>\t\t\n\t\t\t\t\t\t<div class=\"witr_apartment_form\">\n\t\t\t\t\t\t\t<p class=\"wpcf7-contact-form-not-found\"><strong>Erreur\u00a0:<\/strong> Formulaire de contact non trouv\u00e9\u00a0!<\/p>\t\t\t\t\t\t\n\t\t\t\t\t\t<\/div>\t\t\t\t\t\n\t\t\t\t\t<\/div>\t\t\t\t\t\n\t\t\n\t\t\t\t\t\t<\/div>\n\t\t\t\t<\/div>\n\t\t\t\t\t<\/div>\n\t\t<\/div>\n\t\t\t\t\t<\/div>\n\t\t<\/section>\n\t\t\t\t\t<\/div>\n\t\t<\/div>\n\t\t\t\t\t<\/div>\n\t\t<\/section>\n\t\t\t\t<section class=\"elementor-section elementor-top-section elementor-element elementor-element-68831a8b elementor-section-boxed elementor-section-height-default elementor-section-height-default\" data-id=\"68831a8b\" data-element_type=\"section\" data-settings=\"{&quot;background_background&quot;:&quot;classic&quot;}\">\n\t\t\t\t\t\t<div class=\"elementor-container elementor-column-gap-default\">\n\t\t\t\t\t<div class=\"elementor-column elementor-col-100 elementor-top-column elementor-element elementor-element-238455\" data-id=\"238455\" data-element_type=\"column\">\n\t\t\t<div class=\"elementor-widget-wrap elementor-element-populated\">\n\t\t\t\t\t\t<div class=\"elementor-element elementor-element-4cfeaebf elementor-widget elementor-widget-witr_section_title\" data-id=\"4cfeaebf\" data-element_type=\"widget\" data-widget_type=\"witr_section_title.default\">\n\t\t\t\t<div class=\"elementor-widget-container\">\n\t\t\t\t\t\t\t\t\t\t<!-- title center -->\n\t\t\t\t\t<div class=\"witr_section_title\">\n\t\t\t\t\t\t<div class=\"witr_section_title_inner text-center\">\n\t\t\t\t\t\t\n\t\t\t\t\t\t\t<!--<div class=\"witr_title_lines\"><span class=\"witr_line_shaps\"><span class=\"witr_shape_dv\">Divider <i aria-hidden=\"true\" class=\"fas fa-star\"><\/i><\/span><\/span><\/div>-->\n\t\t\t\t\t\t\t<!-- icon position -->\n\t\t\t\t\t\t\t\t\n\t\t\t\t\t\t\t<!-- end icon position -->\n\t\t\t\t\t\t\t\n\t\t\t\t\t\t\n\t\t\t\t\t\t\t<!-- title top -->\n\t\t\t\t\t\t\t\t\t\t\t\t\t\t\t<h2>Satisfaction des patients<\/h2>\t\t\n\t\t\t\t\t\t\t\n\n\t\t\t\t\t\t\t<!-- icon position -->\n\t\t\t\t\t\t\t\t\n\t\t\t\t\t\t\t<!-- end icon position -->\n\n\n\t\t\t\t\t\t\t\n\t\t\t\t\t\t\t<!-- title middle -->\n\t\t\t\t\t\t\t\t\t\t\t\t\t\t\t<h3>Belles pens\u00e9es de votre part<\/h3>\t\t\n\t\t\t\t\t\t\t\t\t\t\t\t\t\t<!-- title bottom -->\n\t\t\t\t\t\t\t\n\t\t\t\t\t\t\t\n\t\t\t\t\t\t\t\n\t\t\t\t\t\t\t\t\t\t\t\t\t\t\n\t\t\t\t\t\t\t<!-- image -->\n\t\t\t\t\t\t\t\t\t\t\t\t\t\t<!-- icon -->\n\t\t\t\t\t\t\t\t\t\t\t\t\t\t\n\t\t\t\t\t\t\t<!-- bar -->\n\t\t\t\t\t\t\t\t\t\t\t\t\t\t\n\t\t\t\t\t\t\t\t<div class=\"witr_bar_main\">\n\t\t\t\t\t\t\t\t\t<div class=\"witr_bar_inner\">\n\t\t\t\t\t\t\t\t\t<\/div>\n\t\t\t\t\t\t\t\t<\/div>\n\t\t\t\t\t\t\t\n\t\t\t\t\t\t\t\n\t\t\t\t\t\t\t\t\n\t\t\t\t\t\t\t\n\n\t\t\t\t\t\t\t\n\t\t\t\t\t\t\t<!-- content -->\n\t\t\t\t\t\t\t\t\t\t\t\t\t\t\n\t\t\t\t\t\t<\/div>\n\t\t\t\t\t\t\t<!-- inner title -->\n\t\t\t\t\t\t\t\t\t\t\t\t\t\n\t\t\t\t\t<\/div>\n\n\t\t\t\t\t\t\t\t<\/div>\n\t\t\t\t<\/div>\n\t\t\t\t<section class=\"elementor-section elementor-inner-section elementor-element elementor-element-47defed1 elementor-section-boxed elementor-section-height-default elementor-section-height-default\" data-id=\"47defed1\" data-element_type=\"section\">\n\t\t\t\t\t\t<div class=\"elementor-container elementor-column-gap-default\">\n\t\t\t\t\t<div class=\"elementor-column elementor-col-100 elementor-inner-column elementor-element elementor-element-7c376716\" data-id=\"7c376716\" data-element_type=\"column\">\n\t\t\t<div class=\"elementor-widget-wrap elementor-element-populated\">\n\t\t\t\t\t\t<div class=\"elementor-element elementor-element-187d50e8 elementor-widget elementor-widget-witr_testimonial_section\" data-id=\"187d50e8\" data-element_type=\"widget\" data-widget_type=\"witr_testimonial_section.default\">\n\t\t\t\t<div class=\"elementor-widget-container\">\n\t\t\t\t\t\t\t\t\n\t\t\t\t\t<div class=\"carso_id1 tshover testomonial-slide witr_testi_s10\">\t\n\t\t\t\t\t\t\t\t\t\t\t\t\n\t\t\t\t\t\t<!-- SINGLE TEAM -->\n\t\t\t\t\t\t<div class=\"witr_testi_itemt testi-width all_color_testimonial\">\t\n\t\t\t\t\t\t\n\t\t\t\t\t\t\t<!-- Start Single Testimonial -->\n\t\t\t\t\t\t\t<div class=\"em_single_testimonial\">\n\t\t\t\t\t\t\t\t\t<div class=\"test_q_icon\">\n\t\t\t\t\t\t\t\t\t\t<i class=\"fas fa-quote-left\"><\/i>\n\t\t\t\t\t\t\t\t\t<\/div>\n\t\t\t\t\t\t\t\t<div class=\"em_testi_content\">\n\t\t\t\t\t\t\t\t\t<div class=\"em_testi_text\">\n\t\t\t\t\t\t\t\t\t\t<!-- content -->\t\n\t\t\t\t\t\t\t\t\t\t<p>Si vous \u00eates \u00e0 la recherche d'une assurance automobile, nous vous aiderons \u00e0 trouver le Vous apportez une grande valeur \u00e0 l'entreprise. Nous avons g\u00e9n\u00e9r\u00e9 plus de prospects au cours des derni\u00e8res<\/p>\t\t\t\t\t\t\t\t\t<\/div>\n\t\t\t\t\t\t\t\t<\/div>\t\t\t\t\t\t\t\t\n\t\t\t\t\t\t\t\n\t\t\t\t\t\t\t\n\t\t\t\t\t\t\t\n\t\t\t\t\t\t\t\t \n\t\t\t\t\t\t\t\n\t\t\t\t\t\t\t\t\t<div class=\"em_test_thumb test-part\">\n\t\t\t\t\t\t\t\t\t\t<img decoding=\"async\" width=\"73\" height=\"73\" src=\"https:\/\/healthtourismturkis.com\/wp-content\/uploads\/2021\/02\/test-1.png\" class=\"attachment-post-thumbnail size-post-thumbnail wp-post-image\" alt=\"\" \/>\t\t\t\t\t\t\t\t\t<\/div>\n\t\t\t\t\t\t\t\t\t\t\t\t\t\t\t\t\t\t\t\t\n\t\t\t\t\t\t\t\t\t<div class=\"em_testi_title\">\n\t\t\t\t\t\t\t\t\t\t<h2>Farhan Smith <span>Mentor pour la sant\u00e9<\/span><\/h2>\t\t\t\t\t\t\t\t\t\t\t\n\t\t\t\t\t\t\t\t\t<\/div>\n\t\t\t\t\t\t\t\t\t<div class=\"em_testi_logo\">\n\t\t\t\t\t\t\t\t\t\t<div class=\"em_testilogo_inner\">\n\t\t\t\t\t\t\t\t\t\t\t\t\t\t\t\t\t\t\t\t\t\t\n\t\t\t\t\t\t\t\t\t\t<\/div>\n\t\t\t\t\t\t\t\t\t<\/div>\n\n\t\t\t\t\t\t\t\t\t\n\t\t\t\t\t\t\t<\/div>\t\t\t\t\t\t\t\t\t\t\n\t\t\t\t\t\t<\/div>\t\n\n\t\t\t\t\t\t\t\t\t\t\t\n\t\t\t\t\t\t<!-- SINGLE TEAM -->\n\t\t\t\t\t\t<div class=\"witr_testi_itemt testi-width all_color_testimonial\">\t\n\t\t\t\t\t\t\n\t\t\t\t\t\t\t<!-- Start Single Testimonial -->\n\t\t\t\t\t\t\t<div class=\"em_single_testimonial\">\n\t\t\t\t\t\t\t\t\t<div class=\"test_q_icon\">\n\t\t\t\t\t\t\t\t\t\t<i class=\"fas fa-quote-left\"><\/i>\n\t\t\t\t\t\t\t\t\t<\/div>\n\t\t\t\t\t\t\t\t<div class=\"em_testi_content\">\n\t\t\t\t\t\t\t\t\t<div class=\"em_testi_text\">\n\t\t\t\t\t\t\t\t\t\t<!-- content -->\t\n\t\t\t\t\t\t\t\t\t\t<p>Si vous \u00eates \u00e0 la recherche d'une assurance automobile, nous vous aiderons \u00e0 trouver le Vous apportez une grande valeur \u00e0 l'entreprise. Nous avons g\u00e9n\u00e9r\u00e9 plus de prospects au cours des derni\u00e8res<\/p>\t\t\t\t\t\t\t\t\t<\/div>\n\t\t\t\t\t\t\t\t<\/div>\t\t\t\t\t\t\t\t\n\t\t\t\t\t\t\t\n\t\t\t\t\t\t\t\n\t\t\t\t\t\t\t\n\t\t\t\t\t\t\t\t \n\t\t\t\t\t\t\t\n\t\t\t\t\t\t\t\t\t<div class=\"em_test_thumb test-part\">\n\t\t\t\t\t\t\t\t\t\t<img decoding=\"async\" width=\"73\" height=\"73\" src=\"https:\/\/healthtourismturkis.com\/wp-content\/uploads\/2021\/02\/test-2.png\" class=\"attachment-post-thumbnail size-post-thumbnail wp-post-image\" alt=\"\" \/>\t\t\t\t\t\t\t\t\t<\/div>\n\t\t\t\t\t\t\t\t\t\t\t\t\t\t\t\t\t\t\t\t\n\t\t\t\t\t\t\t\t\t<div class=\"em_testi_title\">\n\t\t\t\t\t\t\t\t\t\t<h2>Elwin Dawson <span>Sp\u00e9cialiste m\u00e9dical<\/span><\/h2>\t\t\t\t\t\t\t\t\t\t\t\n\t\t\t\t\t\t\t\t\t<\/div>\n\t\t\t\t\t\t\t\t\t<div class=\"em_testi_logo\">\n\t\t\t\t\t\t\t\t\t\t<div class=\"em_testilogo_inner\">\n\t\t\t\t\t\t\t\t\t\t\t\t\t\t\t\t\t\t\t\t\t\t\n\t\t\t\t\t\t\t\t\t\t<\/div>\n\t\t\t\t\t\t\t\t\t<\/div>\n\n\t\t\t\t\t\t\t\t\t\n\t\t\t\t\t\t\t<\/div>\t\t\t\t\t\t\t\t\t\t\n\t\t\t\t\t\t<\/div>\t\n\n\t\t\t\t\t\t\t\t\t\t\t\n\t\t\t\t\t\t<!-- SINGLE TEAM -->\n\t\t\t\t\t\t<div class=\"witr_testi_itemt testi-width all_color_testimonial\">\t\n\t\t\t\t\t\t\n\t\t\t\t\t\t\t<!-- Start Single Testimonial -->\n\t\t\t\t\t\t\t<div class=\"em_single_testimonial\">\n\t\t\t\t\t\t\t\t\t<div class=\"test_q_icon\">\n\t\t\t\t\t\t\t\t\t\t<i class=\"fas fa-quote-left\"><\/i>\n\t\t\t\t\t\t\t\t\t<\/div>\n\t\t\t\t\t\t\t\t<div class=\"em_testi_content\">\n\t\t\t\t\t\t\t\t\t<div class=\"em_testi_text\">\n\t\t\t\t\t\t\t\t\t\t<!-- content -->\t\n\t\t\t\t\t\t\t\t\t\t<p>Si vous \u00eates \u00e0 la recherche d'une assurance automobile, nous vous aiderons \u00e0 trouver le Vous apportez une grande valeur \u00e0 l'entreprise. Nous avons g\u00e9n\u00e9r\u00e9 plus de prospects au cours des derni\u00e8res<\/p>\t\t\t\t\t\t\t\t\t<\/div>\n\t\t\t\t\t\t\t\t<\/div>\t\t\t\t\t\t\t\t\n\t\t\t\t\t\t\t\n\t\t\t\t\t\t\t\n\t\t\t\t\t\t\t\n\t\t\t\t\t\t\t\t \n\t\t\t\t\t\t\t\n\t\t\t\t\t\t\t\t\t<div class=\"em_test_thumb test-part\">\n\t\t\t\t\t\t\t\t\t\t<img decoding=\"async\" width=\"73\" height=\"73\" src=\"https:\/\/healthtourismturkis.com\/wp-content\/uploads\/2021\/02\/test-3.png\" class=\"attachment-post-thumbnail size-post-thumbnail wp-post-image\" alt=\"\" \/>\t\t\t\t\t\t\t\t\t<\/div>\n\t\t\t\t\t\t\t\t\t\t\t\t\t\t\t\t\t\t\t\t\n\t\t\t\t\t\t\t\t\t<div class=\"em_testi_title\">\n\t\t\t\t\t\t\t\t\t\t<h2>Poral Dawson <span>Infirmi\u00e8re \u00e0 domicile<\/span><\/h2>\t\t\t\t\t\t\t\t\t\t\t\n\t\t\t\t\t\t\t\t\t<\/div>\n\t\t\t\t\t\t\t\t\t<div class=\"em_testi_logo\">\n\t\t\t\t\t\t\t\t\t\t<div class=\"em_testilogo_inner\">\n\t\t\t\t\t\t\t\t\t\t\t\t\t\t\t\t\t\t\t\t\t\t\n\t\t\t\t\t\t\t\t\t\t<\/div>\n\t\t\t\t\t\t\t\t\t<\/div>\n\n\t\t\t\t\t\t\t\t\t\n\t\t\t\t\t\t\t<\/div>\t\t\t\t\t\t\t\t\t\t\n\t\t\t\t\t\t<\/div>\t\n\n\t\t\t\t\t\t\t\t\t\t\t\n\t\t\t\t\t\t<!-- SINGLE TEAM -->\n\t\t\t\t\t\t<div class=\"witr_testi_itemt testi-width all_color_testimonial\">\t\n\t\t\t\t\t\t\n\t\t\t\t\t\t\t<!-- Start Single Testimonial -->\n\t\t\t\t\t\t\t<div class=\"em_single_testimonial\">\n\t\t\t\t\t\t\t\t\t<div class=\"test_q_icon\">\n\t\t\t\t\t\t\t\t\t\t<i class=\"fas fa-quote-left\"><\/i>\n\t\t\t\t\t\t\t\t\t<\/div>\n\t\t\t\t\t\t\t\t<div class=\"em_testi_content\">\n\t\t\t\t\t\t\t\t\t<div class=\"em_testi_text\">\n\t\t\t\t\t\t\t\t\t\t<!-- content -->\t\n\t\t\t\t\t\t\t\t\t\t<p>Si vous \u00eates \u00e0 la recherche d'une assurance automobile, nous vous aiderons \u00e0 trouver le Vous apportez une grande valeur \u00e0 l'entreprise. Nous avons g\u00e9n\u00e9r\u00e9 plus de prospects au cours des derni\u00e8res<\/p>\t\t\t\t\t\t\t\t\t<\/div>\n\t\t\t\t\t\t\t\t<\/div>\t\t\t\t\t\t\t\t\n\t\t\t\t\t\t\t\n\t\t\t\t\t\t\t\n\t\t\t\t\t\t\t\n\t\t\t\t\t\t\t\t \n\t\t\t\t\t\t\t\n\t\t\t\t\t\t\t\t\t<div class=\"em_test_thumb test-part\">\n\t\t\t\t\t\t\t\t\t\t<img decoding=\"async\" width=\"73\" height=\"73\" src=\"https:\/\/healthtourismturkis.com\/wp-content\/uploads\/2021\/02\/test-2.png\" class=\"attachment-post-thumbnail size-post-thumbnail wp-post-image\" alt=\"\" \/>\t\t\t\t\t\t\t\t\t<\/div>\n\t\t\t\t\t\t\t\t\t\t\t\t\t\t\t\t\t\t\t\t\n\t\t\t\t\t\t\t\t\t<div class=\"em_testi_title\">\n\t\t\t\t\t\t\t\t\t\t<h2>Cori Anderson <span>Sp\u00e9cialiste dentaire<\/span><\/h2>\t\t\t\t\t\t\t\t\t\t\t\n\t\t\t\t\t\t\t\t\t<\/div>\n\t\t\t\t\t\t\t\t\t<div class=\"em_testi_logo\">\n\t\t\t\t\t\t\t\t\t\t<div class=\"em_testilogo_inner\">\n\t\t\t\t\t\t\t\t\t\t\t\t\t\t\t\t\t\t\t\t\t\t\n\t\t\t\t\t\t\t\t\t\t<\/div>\n\t\t\t\t\t\t\t\t\t<\/div>\n\n\t\t\t\t\t\t\t\t\t\n\t\t\t\t\t\t\t<\/div>\t\t\t\t\t\t\t\t\t\t\n\t\t\t\t\t\t<\/div>\t\n\n\t\t\t\t\t\t\t\t\t\t<\/div>\n\t\t\t\t<script type='text\/javascript'>\n\t\t\t\t\tjQuery(function($){\n\n\t\t\t\t\t\t$('.carso_id1').slick({\n\t\t\t\t\t\t\tinfinite: true,\n\t\t\t\t\t\t\tautoplay: true,\n\t\t\t\t\t\t\tautoplaySpeed: 3000,\n\t\t\t\t\t\t\tspeed: 700,\t\t\t\t\t\n\t\t\t\t\t\t\tslidesToShow: 2,\n\t\t\t\t\t\t\tslidesToScroll: 1,\n\t\t\t\t\t\t\tarrows: true,\n\t\t\t\t\t\t\tdots: false,\n\t\t\t\t\t\t\tresponsive: [\n\t\t\t\t\t\t\t\t{\n\t\t\t\t\t\t\t\t\tbreakpoint: 1200,\n\t\t\t\t\t\t\t\t\tsettings: {\n\t\t\t\t\t\t\t\t\t\tslidesToShow: 2,\n\t\t\t\t\t\t\t\t\t\tslidesToScroll: 1,\n\t\t\t\t\t\t\t\t\t}\n\t\t\t\t\t\t\t},\n\t\t\t\t\t\t\t\t{\n\t\t\t\t\t\t\t\t\tbreakpoint: 992,\n\t\t\t\t\t\t\t\t\tsettings: {\n\t\t\t\t\t\t\t\t\t\tslidesToShow: 2,\n\t\t\t\t\t\t\t\t\t\tslidesToScroll: 1,\n\t\t\t\t\t\t\t\t\t}\n\t\t\t\t\t\t\t},\n\t\t\t\t\t\t\t\t{\n\t\t\t\t\t\t\t\t\tbreakpoint: 767,\n\t\t\t\t\t\t\t\t\tsettings: {\n\t\t\t\t\t\t\t\t\t\tslidesToShow: 1,\n\t\t\t\t\t\t\t\t\t\tslidesToScroll: 1,\n\t\t\t\t\t\t\t\t\t}\n\t\t\t\t\t\t\t}\n\t\t\t\t\t\t\t\/\/ You can unslick at a given breakpoint now by adding:\n\t\t\t\t\t\t\t\/\/ settings: \"unslick\"\n\t\t\t\t\t\t\t\/\/ instead of a settings object\n\t\t\t\t\t\t\t]\n\t\t\t\t\t\t});\n\n\t\t\t\t\t});\t\t\t\n\t\t\t\t\t\n\t\t\t\t<\/script>\t\t\t\t\t\t\t\n\t\t\t\t\t\t\t<\/div>\n\t\t\t\t<\/div>\n\t\t\t\t\t<\/div>\n\t\t<\/div>\n\t\t\t\t\t<\/div>\n\t\t<\/section>\n\t\t\t\t\t<\/div>\n\t\t<\/div>\n\t\t\t\t\t<\/div>\n\t\t<\/section>\n\t\t\t\t<section class=\"elementor-section elementor-top-section elementor-element elementor-element-11da3333 elementor-section-boxed elementor-section-height-default elementor-section-height-default\" data-id=\"11da3333\" data-element_type=\"section\">\n\t\t\t\t\t\t<div class=\"elementor-container elementor-column-gap-default\">\n\t\t\t\t\t<div class=\"elementor-column elementor-col-100 elementor-top-column elementor-element elementor-element-795ea41c\" data-id=\"795ea41c\" data-element_type=\"column\">\n\t\t\t<div class=\"elementor-widget-wrap elementor-element-populated\">\n\t\t\t\t\t\t<div class=\"elementor-element elementor-element-57737a7 elementor-widget elementor-widget-witr_section_title\" data-id=\"57737a7\" data-element_type=\"widget\" data-widget_type=\"witr_section_title.default\">\n\t\t\t\t<div class=\"elementor-widget-container\">\n\t\t\t\t\t\t\t\t\t\t<!-- title center -->\n\t\t\t\t\t<div class=\"witr_section_title\">\n\t\t\t\t\t\t<div class=\"witr_section_title_inner text-center\">\n\t\t\t\t\t\t\n\t\t\t\t\t\t\t<!--<div class=\"witr_title_lines\"><span class=\"witr_line_shaps\"><span class=\"witr_shape_dv\">Divider <i aria-hidden=\"true\" class=\"fas fa-star\"><\/i><\/span><\/span><\/div>-->\n\t\t\t\t\t\t\t<!-- icon position -->\n\t\t\t\t\t\t\t\t\n\t\t\t\t\t\t\t<!-- end icon position -->\n\t\t\t\t\t\t\t\n\t\t\t\t\t\t\n\t\t\t\t\t\t\t<!-- title top -->\n\t\t\t\t\t\t\t\t\t\t\t\t\t\t\t<h2>NOTRE \u00c9QUIPE<\/h2>\t\t\n\t\t\t\t\t\t\t\n\n\t\t\t\t\t\t\t<!-- icon position -->\n\t\t\t\t\t\t\t\t\t\t\t\t\t\t\n\t\t\t\t\t\t\t<!-- image -->\n\t\t\t\t\t\t\t\t\t\t\t\t\t\t<!-- icon -->\n\t\t\t\t\t\t\t\t\t\t\t\t\t\t\n\t\t\t\t\t\t\t<!-- bar -->\n\t\t\t\t\t\t\t\n\t\t\t\t\t\t\t\n\t\t\t\t\t\t\t\t\n\t\t\t\t\t\t\t<!-- end icon position -->\n\n\n\t\t\t\t\t\t\t\n\t\t\t\t\t\t\t<!-- title middle -->\n\t\t\t\t\t\t\t\t\t\t\t\t\t\t\t<h3>Explore Support Member\n\n<\/h3>\t\t\n\t\t\t\t\t\t\t\t\t\t\t\t\t\t<!-- title bottom -->\n\t\t\t\t\t\t\t\n\t\t\t\t\t\t\t\n\t\t\t\t\t\t\t\n\t\t\t\t\t\t\t\t\n\t\t\t\t\t\t\t\n\n\t\t\t\t\t\t\t\n\t\t\t\t\t\t\t<!-- content -->\n\t\t\t\t\t\t\t\t\t\t\t\t\t\t\n\t\t\t\t\t\t<\/div>\n\t\t\t\t\t\t\t<!-- inner title -->\n\t\t\t\t\t\t\t\t\t\t\t\t\t\n\t\t\t\t\t<\/div>\n\n\t\t\t\t\t\t\t\t<\/div>\n\t\t\t\t<\/div>\n\t\t\t\t\t<\/div>\n\t\t<\/div>\n\t\t\t\t\t<\/div>\n\t\t<\/section>\n\t\t\t\t<\/div>","protected":false},"excerpt":{"rendered":"<p>Balon Sinoplasti Ameliyat\u0131 Balon Sinoplasti: Modern ve Konforlu Sin\u00fczit Tedavisi Balon Sinoplasti Nedir? Balon sinoplasti, kronik sin\u00fczit tedavisinde kullan\u0131lan modern ve minimal invaziv bir cerrahi y\u00f6ntemdir. Geleneksel sin\u00fcs ameliyatlar\u0131na k\u0131yasla daha az invaziv olan bu y\u00f6ntem, sin\u00fcs kanallar\u0131n\u0131 geni\u015fleterek t\u0131kan\u0131kl\u0131\u011f\u0131 giderir ve hastalara daha konforlu bir iyile\u015fme s\u00fcreci sunar. Nas\u0131l Uygulan\u0131r? Balon sinoplasti s\u0131ras\u0131nda burun [&hellip;]<\/p>","protected":false},"author":1,"featured_media":0,"parent":0,"menu_order":0,"comment_status":"closed","ping_status":"closed","template":"","meta":{"footnotes":""},"class_list":["post-13749","page","type-page","status-publish","hentry"],"aioseo_notices":[],"_links":{"self":[{"href":"https:\/\/healthtourismturkis.com\/fr\/wp-json\/wp\/v2\/pages\/13749","targetHints":{"allow":["GET"]}}],"collection":[{"href":"https:\/\/healthtourismturkis.com\/fr\/wp-json\/wp\/v2\/pages"}],"about":[{"href":"https:\/\/healthtourismturkis.com\/fr\/wp-json\/wp\/v2\/types\/page"}],"author":[{"embeddable":true,"href":"https:\/\/healthtourismturkis.com\/fr\/wp-json\/wp\/v2\/users\/1"}],"replies":[{"embeddable":true,"href":"https:\/\/healthtourismturkis.com\/fr\/wp-json\/wp\/v2\/comments?post=13749"}],"version-history":[{"count":4,"href":"https:\/\/healthtourismturkis.com\/fr\/wp-json\/wp\/v2\/pages\/13749\/revisions"}],"predecessor-version":[{"id":13755,"href":"https:\/\/healthtourismturkis.com\/fr\/wp-json\/wp\/v2\/pages\/13749\/revisions\/13755"}],"wp:attachment":[{"href":"https:\/\/healthtourismturkis.com\/fr\/wp-json\/wp\/v2\/media?parent=13749"}],"curies":[{"name":"wp","href":"https:\/\/api.w.org\/{rel}","templated":true}]}}