{"id":13663,"date":"2024-11-30T09:56:04","date_gmt":"2024-11-30T09:56:04","guid":{"rendered":"https:\/\/healthtourismturkis.com\/?page_id=13663"},"modified":"2024-11-30T09:57:15","modified_gmt":"2024-11-30T09:57:15","slug":"botox","status":"publish","type":"page","link":"https:\/\/healthtourismturkis.com\/fr\/botox\/","title":{"rendered":"Le Botox"},"content":{"rendered":"<div data-elementor-type=\"wp-page\" data-elementor-id=\"13663\" class=\"elementor elementor-13663\" data-elementor-post-type=\"page\">\n\t\t\t\t\t\t<section class=\"elementor-section elementor-top-section elementor-element elementor-element-48827d44 elementor-section-boxed elementor-section-height-default elementor-section-height-default\" data-id=\"48827d44\" data-element_type=\"section\">\n\t\t\t\t\t\t<div class=\"elementor-container elementor-column-gap-default\">\n\t\t\t\t\t<div class=\"elementor-column elementor-col-50 elementor-top-column elementor-element elementor-element-7aea3ce2\" data-id=\"7aea3ce2\" data-element_type=\"column\">\n\t\t\t<div class=\"elementor-widget-wrap elementor-element-populated\">\n\t\t\t\t\t\t<section class=\"elementor-section elementor-inner-section elementor-element elementor-element-24e75e3 elementor-section-boxed elementor-section-height-default elementor-section-height-default\" data-id=\"24e75e3\" data-element_type=\"section\">\n\t\t\t\t\t\t<div class=\"elementor-container elementor-column-gap-default\">\n\t\t\t\t\t<div class=\"elementor-column elementor-col-100 elementor-inner-column elementor-element elementor-element-7dd055a\" data-id=\"7dd055a\" data-element_type=\"column\">\n\t\t\t<div class=\"elementor-widget-wrap elementor-element-populated\">\n\t\t\t\t\t\t<div class=\"elementor-element elementor-element-2322ef10 elementor-widget elementor-widget-witr_section_service\" data-id=\"2322ef10\" data-element_type=\"widget\" data-widget_type=\"witr_section_service.default\">\n\t\t\t\t<div class=\"elementor-widget-container\">\n\t\t\t\t\t\t\t\n\t\t\t<div class=\"service-item all_color_service text-left\">\n\t\t\t\t<div class=\"service_top_image\">\n\t\t\t\t\t<!-- image -->\n\t\t\t\t\t\t\t\t\t\t\t<img decoding=\"async\" src=\"http:\/\/healthtourismturkis.com\/wp-content\/uploads\/2024\/11\/botox-1.png\" alt=\"\" \/>\n\t\t\t\t\t\t\t\t\n\t\t\t\t<\/div>\n\t\t\t\t<div class=\"text_box all_icon_color\">\n\t\t\t\t\t<!-- icon -->\n\t\t\t\t\t\t\t\t\t\t<!-- custom icon -->\n\t\t\t\t\t\t\t\t\t\n\t\t\t\t\t<!-- image -->\n\t\t\t\t\t\t\n\t\t\t\t\t<!-- title -->\n\t\t\t\t\t\t\t\t\t\t\t\t\t\t\t<h3>Le Botox <\/h3>\n\t\t\t\t\t\t\t\t\t\t\t\t\t\t\t<!-- content -->\n\t\t\t\t\t\t\t\t\t\t<!-- button -->\n\t\t\t\t\t\t\t\t\t\n\t\t\t\t<\/div> <!-- text_box -->\t\t\t\t\t\t\t\n\t\t\t<\/div> <!-- service item -->\t\t\t\t\t\t\t\n \t\t\t\t\t\t<\/div>\n\t\t\t\t<\/div>\n\t\t\t\t<div class=\"elementor-element elementor-element-20f71a2 elementor-widget elementor-widget-text-editor\" data-id=\"20f71a2\" data-element_type=\"widget\" data-widget_type=\"text-editor.default\">\n\t\t\t\t<div class=\"elementor-widget-container\">\n\t\t\t\t\t\t\t\t\t<p><strong>L'utilisation du Botox en esth\u00e9tique : Le secret d'une apparence jeune et saine<\/strong><\/p><p>Dans les applications esth\u00e9tiques d'aujourd'hui, le Botox est une m\u00e9thode efficace qui reste populaire tant chez les femmes que chez les hommes. Cette application, qui offre un large \u00e9ventail de solutions allant des ridules aux rides profondes, permet d'obtenir une apparence plus jeune et plus fra\u00eeche sans avoir recours \u00e0 une intervention chirurgicale.<\/p><p><strong>Qu'est-ce que le Botox et comment fonctionne-t-il ?<\/strong><\/p><p>Le Botox est l'utilisation d'une toxine obtenue \u00e0 partir de la bact\u00e9rie Clostridiumbotulinum \u00e0 des fins m\u00e9dicales et esth\u00e9tiques. En emp\u00eachant la contraction excessive des muscles, il r\u00e9duit les rides \u00e0 la surface de la peau. L'application est particuli\u00e8rement efficace dans les zones o\u00f9 les rides mimiques sont intenses, comme le front, le pourtour des yeux (pattes d'oie) et entre les sourcils.<\/p><p><strong>Domaines d'utilisation esth\u00e9tique du Botox<\/strong><\/p><ol><li><strong>Imiter les rides et ridules<\/strong>: Les rides du front, les rides autour des yeux et les froncements de sourcils dus au vieillissement peuvent \u00eatre att\u00e9nu\u00e9s par le Botox.<\/li><li><strong>Lifting des sourcils<\/strong>: Le Botox peut donner une apparence plus jeune et dynamique en remontant les sourcils bas.<\/li><li><strong>Rides des l\u00e8vres et correction du sourire<\/strong>: Les probl\u00e8mes esth\u00e9tiques tels que les ridules autour des l\u00e8vres et le sourire gingival (gummysmile) peuvent \u00eatre \u00e9limin\u00e9s gr\u00e2ce au botox.<\/li><li><strong>Lignes de cou<\/strong>: Les lignes et les bandes musculaires dans la r\u00e9gion du cou peuvent \u00eatre att\u00e9nu\u00e9es par le botox.<\/li><\/ol><p><strong>A qui convient le Botox ?<\/strong><\/p><p>Le Botox est g\u00e9n\u00e9ralement sans danger pour les personnes \u00e2g\u00e9es de plus de 18 ans et en bonne sant\u00e9. Il est toutefois d\u00e9conseill\u00e9 aux femmes enceintes, aux m\u00e8res qui allaitent et aux personnes souffrant de certaines maladies neurologiques.<\/p><p><strong>Processus de mise en \u0153uvre et r\u00e9sultats<\/strong><\/p><p>L'application du Botox est assez simple et prend g\u00e9n\u00e9ralement 10 \u00e0 15 minutes. Apr\u00e8s l'application, les effets commencent \u00e0 se faire sentir dans les 3 \u00e0 7 jours et se poursuivent pendant 3 \u00e0 6 mois en moyenne. Le Botox, qui perd son effet \u00e0 la fin de cette p\u00e9riode, peut \u00eatre r\u00e9p\u00e9t\u00e9.<\/p><p><strong>Que faut-il envisager apr\u00e8s le Botox ?<\/strong><\/p><ul><li>Les mouvements excessifs des muscles du visage doivent \u00eatre \u00e9vit\u00e9s pendant les 24 heures suivant l'application.<\/li><li>Ne pas s'allonger pendant 4 \u00e0 6 heures et ne pas exercer de pression sur la zone d'application.<\/li><li>Les environnements \u00e0 haute temp\u00e9rature, tels que les saunas et les solariums, doivent \u00eatre \u00e9vit\u00e9s.<\/li><\/ul><p><strong>Avantages du Botox<\/strong><\/p><ul><li>Elle ne n\u00e9cessite pas d'intervention chirurgicale.<\/li><li>Il offre des r\u00e9sultats rapides et efficaces.<\/li><li>Il n'y a pas de p\u00e9riode de convalescence apr\u00e8s l'intervention, la vie quotidienne peut \u00eatre reprise imm\u00e9diatement.<\/li><\/ul><p>\u00a0<\/p>\t\t\t\t\t\t\t\t<\/div>\n\t\t\t\t<\/div>\n\t\t\t\t\t<\/div>\n\t\t<\/div>\n\t\t\t\t\t<\/div>\n\t\t<\/section>\n\t\t\t\t\t<\/div>\n\t\t<\/div>\n\t\t\t\t<div class=\"elementor-column elementor-col-50 elementor-top-column elementor-element elementor-element-b28add3\" data-id=\"b28add3\" data-element_type=\"column\">\n\t\t\t<div class=\"elementor-widget-wrap elementor-element-populated\">\n\t\t\t\t\t\t<section class=\"elementor-section elementor-inner-section elementor-element elementor-element-394c047b elementor-section-boxed elementor-section-height-default elementor-section-height-default\" data-id=\"394c047b\" data-element_type=\"section\">\n\t\t\t\t\t\t<div class=\"elementor-container elementor-column-gap-default\">\n\t\t\t\t\t<div class=\"elementor-column elementor-col-100 elementor-inner-column elementor-element elementor-element-32f8371\" data-id=\"32f8371\" data-element_type=\"column\">\n\t\t\t<div class=\"elementor-widget-wrap elementor-element-populated\">\n\t\t\t\t\t\t<div class=\"elementor-element elementor-element-43f3588a elementor-widget elementor-widget-witr_section_carousel_image\" data-id=\"43f3588a\" data-element_type=\"widget\" data-widget_type=\"witr_section_carousel_image.default\">\n\t\t\t\t<div class=\"elementor-widget-container\">\n\t\t\t\t\t\t\t\t\t<!--======SCREENSHOTS PART START wittr_car_top_right ======-->\n\t\t\t\t<div class=\"imagess_area wittr_car_top_left\">\n\t\t\t\t\n\t\t\t\t\t\t<div class=\"witr_car_overlay imagess_id1\">\n\t\t\t\t\t\t\n\t\t\t\t\t\t\t<div class=\"witr_slick_columns\"><div class=\"slide_items\"><img decoding=\"async\" src=\"https:\/\/themexbd.com\/hisfull\/medical\/wp-content\/uploads\/2021\/01\/s1.jpg\" alt=\"\"\/><\/div><\/div><div class=\"witr_slick_columns\"><div class=\"slide_items\"><img decoding=\"async\" src=\"https:\/\/themexbd.com\/hisfull\/medical\/wp-content\/uploads\/2021\/01\/s3.jpg\" alt=\"\"\/><\/div><\/div>\n\t\t\t\t\t\t<\/div>\n\n\t\t\t\t\t\t\n\t\t\t\t\t\t\t\t\t\n\t\t\t\t<\/div> \n\t\t\t\t<!--======SCREENSHOTS PART ENDS ======-->\t\t\t\n\t\n\t<script type='text\/javascript'>\n\t\tjQuery(function($){\n\n\n\t\t\t\/*====== Screenshots Slide Slick =======*\/\n\t\t\t$('.imagess_id1').slick({\t\n\n\t\t\t\tinfinite: true,\n\t\t\t\tautoplay: true,\n\t\t\t\tautoplaySpeed: 2000,\n\t\t\t\tspeed: 1000,\t\t\t\t\t\n\t\t\t\tslidesToShow: 1,\n\t\t\t\tslidesToScroll: 1,\n\t\t\t\tcenterMode: true,\n\t\t\t\tcenterPadding: '',\t\t\t\t\t\n\t\t\t\tarrows: false,\n\t\t\t\tdots: false,\n\t\t\t\tresponsive: [\n\t\t\t\t\t{\n\t\t\t\t\t\tbreakpoint: 1200,\n\t\t\t\t\t\tsettings: {\n\t\t\t\t\t\t\tslidesToShow: 1,\n\t\t\t\t\t\t\tslidesToScroll: 1,\n\t\t\t\t\t\t}\n\t\t\t\t},\n\t\t\t\t\t{\n\t\t\t\t\t\tbreakpoint: 992,\n\t\t\t\t\t\tsettings: {\n\t\t\t\t\t\t\tslidesToShow: 1,\n\t\t\t\t\t\t\tslidesToScroll: 1,\n\t\t\t\t\t\t}\n\t\t\t\t},\n\t\t\t\t\t{\n\t\t\t\t\t\tbreakpoint: 768,\n\t\t\t\t\t\tsettings: {\n\t\t\t\t\t\t\tslidesToShow: 1,\n\t\t\t\t\t\t\tslidesToScroll: 1,\n\t\t\t\t\t\t}\n\t\t\t\t}\n\t\t\t\t\/\/ You can unslick at a given breakpoint now by adding:\n\t\t\t\t\/\/ settings: \"unslick\"\n\t\t\t\t\/\/ instead of a settings object\n\t\t\t\t]\n\t\t\t});\n\n\t\t});\n\t<\/script>\t\t\n\t\t\n\t\t\n\t\t\n\t\t\n\n\t\t\t\t<\/div>\n\t\t\t\t<\/div>\n\t\t\t\t<div class=\"elementor-element elementor-element-37bc71de hisfull-star-rating--align-left hisfull-star-rating--align-center elementor-widget elementor-widget-witr_section_apartment\" data-id=\"37bc71de\" data-element_type=\"widget\" data-widget_type=\"witr_section_apartment.default\">\n\t\t\t\t<div class=\"elementor-widget-container\">\n\t\t\t\t\t\n\t\t\t\t\t<div class=\"apartment_area\">\t\t\t\t\n\t\t\t\t\t\t<div class=\"apartment_text\">\t\t\n\t\t\t\t\t\t\t<!-- title -->\n\t\t\t\t\t\t\t\t\t\t\t\t\t\t\t<h1>Contact<\/h1>\n\t\t\t\t\t\t\t\t\t\n\t\t\t\t\t\t\t<!-- content -->\n\t\t\t\t\t\t\t\t\t\t\t\t\t\t\t<h2>Nous sommes \u00e0 votre service 7\/24 <\/h2>\t\t\n\t\t\t\t\t\t\t\t\t\t\t\t\t\t\n\t\t\t\t\t\t<\/div>\t\t\n\t\t\t\t\t\t<div class=\"witr_apartment_form\">\n\t\t\t\t\t\t\t<p class=\"wpcf7-contact-form-not-found\"><strong>Erreur\u00a0:<\/strong> Formulaire de contact non trouv\u00e9\u00a0!<\/p>\t\t\t\t\t\t\n\t\t\t\t\t\t<\/div>\t\t\t\t\t\n\t\t\t\t\t<\/div>\t\t\t\t\t\n\t\t\n\t\t\t\t\t\t<\/div>\n\t\t\t\t<\/div>\n\t\t\t\t\t<\/div>\n\t\t<\/div>\n\t\t\t\t\t<\/div>\n\t\t<\/section>\n\t\t\t\t\t<\/div>\n\t\t<\/div>\n\t\t\t\t\t<\/div>\n\t\t<\/section>\n\t\t\t\t<section class=\"elementor-section elementor-top-section elementor-element elementor-element-5f30919f elementor-section-boxed elementor-section-height-default elementor-section-height-default\" data-id=\"5f30919f\" data-element_type=\"section\" data-settings=\"{&quot;background_background&quot;:&quot;classic&quot;}\">\n\t\t\t\t\t\t<div class=\"elementor-container elementor-column-gap-default\">\n\t\t\t\t\t<div class=\"elementor-column elementor-col-100 elementor-top-column elementor-element elementor-element-1db1cd6b\" data-id=\"1db1cd6b\" data-element_type=\"column\">\n\t\t\t<div class=\"elementor-widget-wrap elementor-element-populated\">\n\t\t\t\t\t\t<div class=\"elementor-element elementor-element-65fb68f1 elementor-widget elementor-widget-witr_section_title\" data-id=\"65fb68f1\" data-element_type=\"widget\" data-widget_type=\"witr_section_title.default\">\n\t\t\t\t<div class=\"elementor-widget-container\">\n\t\t\t\t\t\t\t\t\t\t<!-- title center -->\n\t\t\t\t\t<div class=\"witr_section_title\">\n\t\t\t\t\t\t<div class=\"witr_section_title_inner text-center\">\n\t\t\t\t\t\t\n\t\t\t\t\t\t\t<!--<div class=\"witr_title_lines\"><span class=\"witr_line_shaps\"><span class=\"witr_shape_dv\">Divider <i aria-hidden=\"true\" class=\"fas fa-star\"><\/i><\/span><\/span><\/div>-->\n\t\t\t\t\t\t\t<!-- icon position -->\n\t\t\t\t\t\t\t\t\n\t\t\t\t\t\t\t<!-- end icon position -->\n\t\t\t\t\t\t\t\n\t\t\t\t\t\t\n\t\t\t\t\t\t\t<!-- title top -->\n\t\t\t\t\t\t\t\t\t\t\t\t\t\t\t<h2>Satisfaction des patients<\/h2>\t\t\n\t\t\t\t\t\t\t\n\n\t\t\t\t\t\t\t<!-- icon position -->\n\t\t\t\t\t\t\t\t\n\t\t\t\t\t\t\t<!-- end icon position -->\n\n\n\t\t\t\t\t\t\t\n\t\t\t\t\t\t\t<!-- title middle -->\n\t\t\t\t\t\t\t\t\t\t\t\t\t\t\t<h3>Belles pens\u00e9es de votre part<\/h3>\t\t\n\t\t\t\t\t\t\t\t\t\t\t\t\t\t<!-- title bottom -->\n\t\t\t\t\t\t\t\n\t\t\t\t\t\t\t\n\t\t\t\t\t\t\t\n\t\t\t\t\t\t\t\t\t\t\t\t\t\t\n\t\t\t\t\t\t\t<!-- image -->\n\t\t\t\t\t\t\t\t\t\t\t\t\t\t<!-- icon -->\n\t\t\t\t\t\t\t\t\t\t\t\t\t\t\n\t\t\t\t\t\t\t<!-- bar -->\n\t\t\t\t\t\t\t\t\t\t\t\t\t\t\n\t\t\t\t\t\t\t\t<div class=\"witr_bar_main\">\n\t\t\t\t\t\t\t\t\t<div class=\"witr_bar_inner\">\n\t\t\t\t\t\t\t\t\t<\/div>\n\t\t\t\t\t\t\t\t<\/div>\n\t\t\t\t\t\t\t\n\t\t\t\t\t\t\t\n\t\t\t\t\t\t\t\t\n\t\t\t\t\t\t\t\n\n\t\t\t\t\t\t\t\n\t\t\t\t\t\t\t<!-- content -->\n\t\t\t\t\t\t\t\t\t\t\t\t\t\t\n\t\t\t\t\t\t<\/div>\n\t\t\t\t\t\t\t<!-- inner title -->\n\t\t\t\t\t\t\t\t\t\t\t\t\t\n\t\t\t\t\t<\/div>\n\n\t\t\t\t\t\t\t\t<\/div>\n\t\t\t\t<\/div>\n\t\t\t\t<section class=\"elementor-section elementor-inner-section elementor-element elementor-element-1941887e elementor-section-boxed elementor-section-height-default elementor-section-height-default\" data-id=\"1941887e\" data-element_type=\"section\">\n\t\t\t\t\t\t<div class=\"elementor-container elementor-column-gap-default\">\n\t\t\t\t\t<div class=\"elementor-column elementor-col-100 elementor-inner-column elementor-element elementor-element-119bdde4\" data-id=\"119bdde4\" data-element_type=\"column\">\n\t\t\t<div class=\"elementor-widget-wrap elementor-element-populated\">\n\t\t\t\t\t\t<div class=\"elementor-element elementor-element-55047737 elementor-widget elementor-widget-witr_testimonial_section\" data-id=\"55047737\" data-element_type=\"widget\" data-widget_type=\"witr_testimonial_section.default\">\n\t\t\t\t<div class=\"elementor-widget-container\">\n\t\t\t\t\t\t\t\t\n\t\t\t\t\t<div class=\"carso_id1 tshover testomonial-slide witr_testi_s10\">\t\n\t\t\t\t\t\t\t\t\t\t\t\t\n\t\t\t\t\t\t<!-- SINGLE TEAM -->\n\t\t\t\t\t\t<div class=\"witr_testi_itemt testi-width all_color_testimonial\">\t\n\t\t\t\t\t\t\n\t\t\t\t\t\t\t<!-- Start Single Testimonial -->\n\t\t\t\t\t\t\t<div class=\"em_single_testimonial\">\n\t\t\t\t\t\t\t\t\t<div class=\"test_q_icon\">\n\t\t\t\t\t\t\t\t\t\t<i class=\"fas fa-quote-left\"><\/i>\n\t\t\t\t\t\t\t\t\t<\/div>\n\t\t\t\t\t\t\t\t<div class=\"em_testi_content\">\n\t\t\t\t\t\t\t\t\t<div class=\"em_testi_text\">\n\t\t\t\t\t\t\t\t\t\t<!-- content -->\t\n\t\t\t\t\t\t\t\t\t\t<p>Si vous \u00eates \u00e0 la recherche d'une assurance automobile, nous vous aiderons \u00e0 trouver le Vous apportez une grande valeur \u00e0 l'entreprise. Nous avons g\u00e9n\u00e9r\u00e9 plus de prospects au cours des derni\u00e8res<\/p>\t\t\t\t\t\t\t\t\t<\/div>\n\t\t\t\t\t\t\t\t<\/div>\t\t\t\t\t\t\t\t\n\t\t\t\t\t\t\t\n\t\t\t\t\t\t\t\n\t\t\t\t\t\t\t\n\t\t\t\t\t\t\t\t \n\t\t\t\t\t\t\t\n\t\t\t\t\t\t\t\t\t<div class=\"em_test_thumb test-part\">\n\t\t\t\t\t\t\t\t\t\t<img decoding=\"async\" width=\"73\" height=\"73\" src=\"https:\/\/healthtourismturkis.com\/wp-content\/uploads\/2021\/02\/test-1.png\" class=\"attachment-post-thumbnail size-post-thumbnail wp-post-image\" alt=\"\" \/>\t\t\t\t\t\t\t\t\t<\/div>\n\t\t\t\t\t\t\t\t\t\t\t\t\t\t\t\t\t\t\t\t\n\t\t\t\t\t\t\t\t\t<div class=\"em_testi_title\">\n\t\t\t\t\t\t\t\t\t\t<h2>Farhan Smith <span>Mentor pour la sant\u00e9<\/span><\/h2>\t\t\t\t\t\t\t\t\t\t\t\n\t\t\t\t\t\t\t\t\t<\/div>\n\t\t\t\t\t\t\t\t\t<div class=\"em_testi_logo\">\n\t\t\t\t\t\t\t\t\t\t<div class=\"em_testilogo_inner\">\n\t\t\t\t\t\t\t\t\t\t\t\t\t\t\t\t\t\t\t\t\t\t\n\t\t\t\t\t\t\t\t\t\t<\/div>\n\t\t\t\t\t\t\t\t\t<\/div>\n\n\t\t\t\t\t\t\t\t\t\n\t\t\t\t\t\t\t<\/div>\t\t\t\t\t\t\t\t\t\t\n\t\t\t\t\t\t<\/div>\t\n\n\t\t\t\t\t\t\t\t\t\t\t\n\t\t\t\t\t\t<!-- SINGLE TEAM -->\n\t\t\t\t\t\t<div class=\"witr_testi_itemt testi-width all_color_testimonial\">\t\n\t\t\t\t\t\t\n\t\t\t\t\t\t\t<!-- Start Single Testimonial -->\n\t\t\t\t\t\t\t<div class=\"em_single_testimonial\">\n\t\t\t\t\t\t\t\t\t<div class=\"test_q_icon\">\n\t\t\t\t\t\t\t\t\t\t<i class=\"fas fa-quote-left\"><\/i>\n\t\t\t\t\t\t\t\t\t<\/div>\n\t\t\t\t\t\t\t\t<div class=\"em_testi_content\">\n\t\t\t\t\t\t\t\t\t<div class=\"em_testi_text\">\n\t\t\t\t\t\t\t\t\t\t<!-- content -->\t\n\t\t\t\t\t\t\t\t\t\t<p>Si vous \u00eates \u00e0 la recherche d'une assurance automobile, nous vous aiderons \u00e0 trouver le Vous apportez une grande valeur \u00e0 l'entreprise. Nous avons g\u00e9n\u00e9r\u00e9 plus de prospects au cours des derni\u00e8res<\/p>\t\t\t\t\t\t\t\t\t<\/div>\n\t\t\t\t\t\t\t\t<\/div>\t\t\t\t\t\t\t\t\n\t\t\t\t\t\t\t\n\t\t\t\t\t\t\t\n\t\t\t\t\t\t\t\n\t\t\t\t\t\t\t\t \n\t\t\t\t\t\t\t\n\t\t\t\t\t\t\t\t\t<div class=\"em_test_thumb test-part\">\n\t\t\t\t\t\t\t\t\t\t<img decoding=\"async\" width=\"73\" height=\"73\" src=\"https:\/\/healthtourismturkis.com\/wp-content\/uploads\/2021\/02\/test-2.png\" class=\"attachment-post-thumbnail size-post-thumbnail wp-post-image\" alt=\"\" \/>\t\t\t\t\t\t\t\t\t<\/div>\n\t\t\t\t\t\t\t\t\t\t\t\t\t\t\t\t\t\t\t\t\n\t\t\t\t\t\t\t\t\t<div class=\"em_testi_title\">\n\t\t\t\t\t\t\t\t\t\t<h2>Elwin Dawson <span>Sp\u00e9cialiste m\u00e9dical<\/span><\/h2>\t\t\t\t\t\t\t\t\t\t\t\n\t\t\t\t\t\t\t\t\t<\/div>\n\t\t\t\t\t\t\t\t\t<div class=\"em_testi_logo\">\n\t\t\t\t\t\t\t\t\t\t<div class=\"em_testilogo_inner\">\n\t\t\t\t\t\t\t\t\t\t\t\t\t\t\t\t\t\t\t\t\t\t\n\t\t\t\t\t\t\t\t\t\t<\/div>\n\t\t\t\t\t\t\t\t\t<\/div>\n\n\t\t\t\t\t\t\t\t\t\n\t\t\t\t\t\t\t<\/div>\t\t\t\t\t\t\t\t\t\t\n\t\t\t\t\t\t<\/div>\t\n\n\t\t\t\t\t\t\t\t\t\t\t\n\t\t\t\t\t\t<!-- SINGLE TEAM -->\n\t\t\t\t\t\t<div class=\"witr_testi_itemt testi-width all_color_testimonial\">\t\n\t\t\t\t\t\t\n\t\t\t\t\t\t\t<!-- Start Single Testimonial -->\n\t\t\t\t\t\t\t<div class=\"em_single_testimonial\">\n\t\t\t\t\t\t\t\t\t<div class=\"test_q_icon\">\n\t\t\t\t\t\t\t\t\t\t<i class=\"fas fa-quote-left\"><\/i>\n\t\t\t\t\t\t\t\t\t<\/div>\n\t\t\t\t\t\t\t\t<div class=\"em_testi_content\">\n\t\t\t\t\t\t\t\t\t<div class=\"em_testi_text\">\n\t\t\t\t\t\t\t\t\t\t<!-- content -->\t\n\t\t\t\t\t\t\t\t\t\t<p>Si vous \u00eates \u00e0 la recherche d'une assurance automobile, nous vous aiderons \u00e0 trouver le Vous apportez une grande valeur \u00e0 l'entreprise. Nous avons g\u00e9n\u00e9r\u00e9 plus de prospects au cours des derni\u00e8res<\/p>\t\t\t\t\t\t\t\t\t<\/div>\n\t\t\t\t\t\t\t\t<\/div>\t\t\t\t\t\t\t\t\n\t\t\t\t\t\t\t\n\t\t\t\t\t\t\t\n\t\t\t\t\t\t\t\n\t\t\t\t\t\t\t\t \n\t\t\t\t\t\t\t\n\t\t\t\t\t\t\t\t\t<div class=\"em_test_thumb test-part\">\n\t\t\t\t\t\t\t\t\t\t<img decoding=\"async\" width=\"73\" height=\"73\" src=\"https:\/\/healthtourismturkis.com\/wp-content\/uploads\/2021\/02\/test-3.png\" class=\"attachment-post-thumbnail size-post-thumbnail wp-post-image\" alt=\"\" \/>\t\t\t\t\t\t\t\t\t<\/div>\n\t\t\t\t\t\t\t\t\t\t\t\t\t\t\t\t\t\t\t\t\n\t\t\t\t\t\t\t\t\t<div class=\"em_testi_title\">\n\t\t\t\t\t\t\t\t\t\t<h2>Poral Dawson <span>Infirmi\u00e8re \u00e0 domicile<\/span><\/h2>\t\t\t\t\t\t\t\t\t\t\t\n\t\t\t\t\t\t\t\t\t<\/div>\n\t\t\t\t\t\t\t\t\t<div class=\"em_testi_logo\">\n\t\t\t\t\t\t\t\t\t\t<div class=\"em_testilogo_inner\">\n\t\t\t\t\t\t\t\t\t\t\t\t\t\t\t\t\t\t\t\t\t\t\n\t\t\t\t\t\t\t\t\t\t<\/div>\n\t\t\t\t\t\t\t\t\t<\/div>\n\n\t\t\t\t\t\t\t\t\t\n\t\t\t\t\t\t\t<\/div>\t\t\t\t\t\t\t\t\t\t\n\t\t\t\t\t\t<\/div>\t\n\n\t\t\t\t\t\t\t\t\t\t\t\n\t\t\t\t\t\t<!-- SINGLE TEAM -->\n\t\t\t\t\t\t<div class=\"witr_testi_itemt testi-width all_color_testimonial\">\t\n\t\t\t\t\t\t\n\t\t\t\t\t\t\t<!-- Start Single Testimonial -->\n\t\t\t\t\t\t\t<div class=\"em_single_testimonial\">\n\t\t\t\t\t\t\t\t\t<div class=\"test_q_icon\">\n\t\t\t\t\t\t\t\t\t\t<i class=\"fas fa-quote-left\"><\/i>\n\t\t\t\t\t\t\t\t\t<\/div>\n\t\t\t\t\t\t\t\t<div class=\"em_testi_content\">\n\t\t\t\t\t\t\t\t\t<div class=\"em_testi_text\">\n\t\t\t\t\t\t\t\t\t\t<!-- content -->\t\n\t\t\t\t\t\t\t\t\t\t<p>Si vous \u00eates \u00e0 la recherche d'une assurance automobile, nous vous aiderons \u00e0 trouver le Vous apportez une grande valeur \u00e0 l'entreprise. Nous avons g\u00e9n\u00e9r\u00e9 plus de prospects au cours des derni\u00e8res<\/p>\t\t\t\t\t\t\t\t\t<\/div>\n\t\t\t\t\t\t\t\t<\/div>\t\t\t\t\t\t\t\t\n\t\t\t\t\t\t\t\n\t\t\t\t\t\t\t\n\t\t\t\t\t\t\t\n\t\t\t\t\t\t\t\t \n\t\t\t\t\t\t\t\n\t\t\t\t\t\t\t\t\t<div class=\"em_test_thumb test-part\">\n\t\t\t\t\t\t\t\t\t\t<img decoding=\"async\" width=\"73\" height=\"73\" src=\"https:\/\/healthtourismturkis.com\/wp-content\/uploads\/2021\/02\/test-2.png\" class=\"attachment-post-thumbnail size-post-thumbnail wp-post-image\" alt=\"\" \/>\t\t\t\t\t\t\t\t\t<\/div>\n\t\t\t\t\t\t\t\t\t\t\t\t\t\t\t\t\t\t\t\t\n\t\t\t\t\t\t\t\t\t<div class=\"em_testi_title\">\n\t\t\t\t\t\t\t\t\t\t<h2>Cori Anderson <span>Sp\u00e9cialiste dentaire<\/span><\/h2>\t\t\t\t\t\t\t\t\t\t\t\n\t\t\t\t\t\t\t\t\t<\/div>\n\t\t\t\t\t\t\t\t\t<div class=\"em_testi_logo\">\n\t\t\t\t\t\t\t\t\t\t<div class=\"em_testilogo_inner\">\n\t\t\t\t\t\t\t\t\t\t\t\t\t\t\t\t\t\t\t\t\t\t\n\t\t\t\t\t\t\t\t\t\t<\/div>\n\t\t\t\t\t\t\t\t\t<\/div>\n\n\t\t\t\t\t\t\t\t\t\n\t\t\t\t\t\t\t<\/div>\t\t\t\t\t\t\t\t\t\t\n\t\t\t\t\t\t<\/div>\t\n\n\t\t\t\t\t\t\t\t\t\t<\/div>\n\t\t\t\t<script type='text\/javascript'>\n\t\t\t\t\tjQuery(function($){\n\n\t\t\t\t\t\t$('.carso_id1').slick({\n\t\t\t\t\t\t\tinfinite: true,\n\t\t\t\t\t\t\tautoplay: true,\n\t\t\t\t\t\t\tautoplaySpeed: 3000,\n\t\t\t\t\t\t\tspeed: 700,\t\t\t\t\t\n\t\t\t\t\t\t\tslidesToShow: 2,\n\t\t\t\t\t\t\tslidesToScroll: 1,\n\t\t\t\t\t\t\tarrows: true,\n\t\t\t\t\t\t\tdots: false,\n\t\t\t\t\t\t\tresponsive: [\n\t\t\t\t\t\t\t\t{\n\t\t\t\t\t\t\t\t\tbreakpoint: 1200,\n\t\t\t\t\t\t\t\t\tsettings: {\n\t\t\t\t\t\t\t\t\t\tslidesToShow: 2,\n\t\t\t\t\t\t\t\t\t\tslidesToScroll: 1,\n\t\t\t\t\t\t\t\t\t}\n\t\t\t\t\t\t\t},\n\t\t\t\t\t\t\t\t{\n\t\t\t\t\t\t\t\t\tbreakpoint: 992,\n\t\t\t\t\t\t\t\t\tsettings: {\n\t\t\t\t\t\t\t\t\t\tslidesToShow: 2,\n\t\t\t\t\t\t\t\t\t\tslidesToScroll: 1,\n\t\t\t\t\t\t\t\t\t}\n\t\t\t\t\t\t\t},\n\t\t\t\t\t\t\t\t{\n\t\t\t\t\t\t\t\t\tbreakpoint: 767,\n\t\t\t\t\t\t\t\t\tsettings: {\n\t\t\t\t\t\t\t\t\t\tslidesToShow: 1,\n\t\t\t\t\t\t\t\t\t\tslidesToScroll: 1,\n\t\t\t\t\t\t\t\t\t}\n\t\t\t\t\t\t\t}\n\t\t\t\t\t\t\t\/\/ You can unslick at a given breakpoint now by adding:\n\t\t\t\t\t\t\t\/\/ settings: \"unslick\"\n\t\t\t\t\t\t\t\/\/ instead of a settings object\n\t\t\t\t\t\t\t]\n\t\t\t\t\t\t});\n\n\t\t\t\t\t});\t\t\t\n\t\t\t\t\t\n\t\t\t\t<\/script>\t\t\t\t\t\t\t\n\t\t\t\t\t\t\t<\/div>\n\t\t\t\t<\/div>\n\t\t\t\t\t<\/div>\n\t\t<\/div>\n\t\t\t\t\t<\/div>\n\t\t<\/section>\n\t\t\t\t\t<\/div>\n\t\t<\/div>\n\t\t\t\t\t<\/div>\n\t\t<\/section>\n\t\t\t\t<section class=\"elementor-section elementor-top-section elementor-element elementor-element-6a36622b elementor-section-boxed elementor-section-height-default elementor-section-height-default\" data-id=\"6a36622b\" data-element_type=\"section\">\n\t\t\t\t\t\t<div class=\"elementor-container elementor-column-gap-default\">\n\t\t\t\t\t<div class=\"elementor-column elementor-col-100 elementor-top-column elementor-element elementor-element-16628f6\" data-id=\"16628f6\" data-element_type=\"column\">\n\t\t\t<div class=\"elementor-widget-wrap elementor-element-populated\">\n\t\t\t\t\t\t<div class=\"elementor-element elementor-element-4c8231f1 elementor-widget elementor-widget-witr_section_title\" data-id=\"4c8231f1\" data-element_type=\"widget\" data-widget_type=\"witr_section_title.default\">\n\t\t\t\t<div class=\"elementor-widget-container\">\n\t\t\t\t\t\t\t\t\t\t<!-- title center -->\n\t\t\t\t\t<div class=\"witr_section_title\">\n\t\t\t\t\t\t<div class=\"witr_section_title_inner text-center\">\n\t\t\t\t\t\t\n\t\t\t\t\t\t\t<!--<div class=\"witr_title_lines\"><span class=\"witr_line_shaps\"><span class=\"witr_shape_dv\">Divider <i aria-hidden=\"true\" class=\"fas fa-star\"><\/i><\/span><\/span><\/div>-->\n\t\t\t\t\t\t\t<!-- icon position -->\n\t\t\t\t\t\t\t\t\n\t\t\t\t\t\t\t<!-- end icon position -->\n\t\t\t\t\t\t\t\n\t\t\t\t\t\t\n\t\t\t\t\t\t\t<!-- title top -->\n\t\t\t\t\t\t\t\t\t\t\t\t\t\t\t<h2>NOTRE \u00c9QUIPE<\/h2>\t\t\n\t\t\t\t\t\t\t\n\n\t\t\t\t\t\t\t<!-- icon position -->\n\t\t\t\t\t\t\t\t\t\t\t\t\t\t\n\t\t\t\t\t\t\t<!-- image -->\n\t\t\t\t\t\t\t\t\t\t\t\t\t\t<!-- icon -->\n\t\t\t\t\t\t\t\t\t\t\t\t\t\t\n\t\t\t\t\t\t\t<!-- bar -->\n\t\t\t\t\t\t\t\n\t\t\t\t\t\t\t\n\t\t\t\t\t\t\t\t\n\t\t\t\t\t\t\t<!-- end icon position -->\n\n\n\t\t\t\t\t\t\t\n\t\t\t\t\t\t\t<!-- title middle -->\n\t\t\t\t\t\t\t\t\t\t\t\t\t\t\t<h3>Explore Support Member\n\n<\/h3>\t\t\n\t\t\t\t\t\t\t\t\t\t\t\t\t\t<!-- title bottom -->\n\t\t\t\t\t\t\t\n\t\t\t\t\t\t\t\n\t\t\t\t\t\t\t\n\t\t\t\t\t\t\t\t\n\t\t\t\t\t\t\t\n\n\t\t\t\t\t\t\t\n\t\t\t\t\t\t\t<!-- content -->\n\t\t\t\t\t\t\t\t\t\t\t\t\t\t\n\t\t\t\t\t\t<\/div>\n\t\t\t\t\t\t\t<!-- inner title -->\n\t\t\t\t\t\t\t\t\t\t\t\t\t\n\t\t\t\t\t<\/div>\n\n\t\t\t\t\t\t\t\t<\/div>\n\t\t\t\t<\/div>\n\t\t\t\t\t<\/div>\n\t\t<\/div>\n\t\t\t\t\t<\/div>\n\t\t<\/section>\n\t\t\t\t<\/div>","protected":false},"excerpt":{"rendered":"<p>Botox Botox\u2019un Estetikte Kullan\u0131m\u0131: Gen\u00e7 ve Sa\u011fl\u0131kl\u0131 G\u00f6r\u00fcn\u00fcm\u00fcn S\u0131rr\u0131 G\u00fcn\u00fcm\u00fcz estetik uygulamalar\u0131nda botox, hem kad\u0131nlar hem de erkekler aras\u0131nda pop\u00fclerli\u011fini koruyan etkili bir y\u00f6ntemdir. \u0130nce \u00e7izgilerden derin k\u0131r\u0131\u015f\u0131kl\u0131klara kadar geni\u015f bir yelpazede \u00e7\u00f6z\u00fcm sunan bu uygulama, cerrahi m\u00fcdahaleye gerek kalmadan daha gen\u00e7 ve taze bir g\u00f6r\u00fcn\u00fcm elde etmeyi sa\u011flar. Botox Nedir ve Nas\u0131l \u00c7al\u0131\u015f\u0131r? Botox, [&hellip;]<\/p>","protected":false},"author":1,"featured_media":0,"parent":0,"menu_order":0,"comment_status":"closed","ping_status":"closed","template":"","meta":{"footnotes":""},"class_list":["post-13663","page","type-page","status-publish","hentry"],"aioseo_notices":[],"_links":{"self":[{"href":"https:\/\/healthtourismturkis.com\/fr\/wp-json\/wp\/v2\/pages\/13663","targetHints":{"allow":["GET"]}}],"collection":[{"href":"https:\/\/healthtourismturkis.com\/fr\/wp-json\/wp\/v2\/pages"}],"about":[{"href":"https:\/\/healthtourismturkis.com\/fr\/wp-json\/wp\/v2\/types\/page"}],"author":[{"embeddable":true,"href":"https:\/\/healthtourismturkis.com\/fr\/wp-json\/wp\/v2\/users\/1"}],"replies":[{"embeddable":true,"href":"https:\/\/healthtourismturkis.com\/fr\/wp-json\/wp\/v2\/comments?post=13663"}],"version-history":[{"count":4,"href":"https:\/\/healthtourismturkis.com\/fr\/wp-json\/wp\/v2\/pages\/13663\/revisions"}],"predecessor-version":[{"id":13669,"href":"https:\/\/healthtourismturkis.com\/fr\/wp-json\/wp\/v2\/pages\/13663\/revisions\/13669"}],"wp:attachment":[{"href":"https:\/\/healthtourismturkis.com\/fr\/wp-json\/wp\/v2\/media?parent=13663"}],"curies":[{"name":"wp","href":"https:\/\/api.w.org\/{rel}","templated":true}]}}