{"id":13749,"date":"2024-11-30T10:52:42","date_gmt":"2024-11-30T10:52:42","guid":{"rendered":"https:\/\/healthtourismturkis.com\/?page_id=13749"},"modified":"2024-11-30T10:54:29","modified_gmt":"2024-11-30T10:54:29","slug":"balon-sinoplasti-ameliyati","status":"publish","type":"page","link":"https:\/\/healthtourismturkis.com\/en\/balon-sinoplasti-ameliyati\/","title":{"rendered":"Balloon Sinoplasty Surgery"},"content":{"rendered":"<div data-elementor-type=\"wp-page\" data-elementor-id=\"13749\" class=\"elementor elementor-13749\" data-elementor-post-type=\"page\">\n\t\t\t\t\t\t<section class=\"elementor-section elementor-top-section elementor-element elementor-element-38ca8f76 elementor-section-boxed elementor-section-height-default elementor-section-height-default\" data-id=\"38ca8f76\" data-element_type=\"section\">\n\t\t\t\t\t\t<div class=\"elementor-container elementor-column-gap-default\">\n\t\t\t\t\t<div class=\"elementor-column elementor-col-50 elementor-top-column elementor-element elementor-element-2ff8a986\" data-id=\"2ff8a986\" data-element_type=\"column\">\n\t\t\t<div class=\"elementor-widget-wrap elementor-element-populated\">\n\t\t\t\t\t\t<section class=\"elementor-section elementor-inner-section elementor-element elementor-element-1d5b8582 elementor-section-boxed elementor-section-height-default elementor-section-height-default\" data-id=\"1d5b8582\" data-element_type=\"section\">\n\t\t\t\t\t\t<div class=\"elementor-container elementor-column-gap-default\">\n\t\t\t\t\t<div class=\"elementor-column elementor-col-100 elementor-inner-column elementor-element elementor-element-43b32d52\" data-id=\"43b32d52\" data-element_type=\"column\">\n\t\t\t<div class=\"elementor-widget-wrap elementor-element-populated\">\n\t\t\t\t\t\t<div class=\"elementor-element elementor-element-5c9972cb elementor-widget elementor-widget-witr_section_service\" data-id=\"5c9972cb\" data-element_type=\"widget\" data-widget_type=\"witr_section_service.default\">\n\t\t\t\t<div class=\"elementor-widget-container\">\n\t\t\t\t\t\t\t\n\t\t\t<div class=\"service-item all_color_service text-left\">\n\t\t\t\t<div class=\"service_top_image\">\n\t\t\t\t\t<!-- image -->\n\t\t\t\t\t\t\t\t\t\t\t<img decoding=\"async\" src=\"http:\/\/healthtourismturkis.com\/wp-content\/uploads\/2024\/11\/balon-sinoplasti-1.png\" alt=\"\" \/>\n\t\t\t\t\t\t\t\t\n\t\t\t\t<\/div>\n\t\t\t\t<div class=\"text_box all_icon_color\">\n\t\t\t\t\t<!-- icon -->\n\t\t\t\t\t\t\t\t\t\t<!-- custom icon -->\n\t\t\t\t\t\t\t\t\t\n\t\t\t\t\t<!-- image -->\n\t\t\t\t\t\t\n\t\t\t\t\t<!-- title -->\n\t\t\t\t\t\t\t\t\t\t\t\t\t\t\t<h3>Balloon Sinoplasty Surgery <\/h3>\n\t\t\t\t\t\t\t\t\t\t\t\t\t\t\t<!-- content -->\n\t\t\t\t\t\t\t\t\t\t<!-- button -->\n\t\t\t\t\t\t\t\t\t\n\t\t\t\t<\/div> <!-- text_box -->\t\t\t\t\t\t\t\n\t\t\t<\/div> <!-- service item -->\t\t\t\t\t\t\t\n \t\t\t\t\t\t<\/div>\n\t\t\t\t<\/div>\n\t\t\t\t<div class=\"elementor-element elementor-element-deb3976 elementor-widget elementor-widget-text-editor\" data-id=\"deb3976\" data-element_type=\"widget\" data-widget_type=\"text-editor.default\">\n\t\t\t\t<div class=\"elementor-widget-container\">\n\t\t\t\t\t\t\t\t\t<p><strong>Balloon Sinoplasty Modern and Comfortable Sinusitis Treatment<\/strong><\/p><p><strong>What is Balloon Sinoplasty?<\/strong><\/p><p>Balloon sinoplasty is a modern and minimally invasive surgical method used in the treatment of chronic sinusitis. This method, which is less invasive than traditional sinus surgery, removes obstruction by expanding the sinus canals and offers patients a more comfortable recovery process.<\/p><p><strong>How to Apply?<\/strong><\/p><p>During balloon sinoplasty, a special catheter is inserted through the nose. A balloon is inserted into the area where the blocked sinus canals are located and inflated. This procedure opens the narrowed areas in the sinus channels. The balloon is then deflated and removed. Since the tissue is not damaged, the recovery time after the procedure is very short.<\/p><p><strong>Advantages of Balloon Sinoplasty<\/strong><\/p><ul><li><strong>Fast Recovery:<\/strong>It offers the opportunity to return to daily life in a shorter time compared to traditional methods.<\/li><li><strong>Minimal Bleeding<\/strong>Since the sinus tissues are not damaged, the risk of bleeding during and after the procedure is low.<\/li><li><strong>Painless Process:<\/strong>Since it is applied without surgical incision, post-procedure pain is minimal.<\/li><li><strong>No Hospitalization Required:<\/strong>It is usually administered on an outpatient basis.<\/li><\/ul><p><strong>Who is it suitable for?<\/strong><\/p><p>Balloon sinoplasty is especially recommended for patients with chronic sinusitis who do not get relief despite medication. However, it may not be suitable for every patient. Your doctor will make a detailed evaluation and determine the best treatment method for you.<\/p><p><strong>Recovery Process<\/strong><\/p><p>A slight nasal congestion and discharge may be felt after the procedure. However, this condition passes within a few days. Patients can usually return to their normal activities on the same day.<\/p><p>\u00a0<\/p>\t\t\t\t\t\t\t\t<\/div>\n\t\t\t\t<\/div>\n\t\t\t\t\t<\/div>\n\t\t<\/div>\n\t\t\t\t\t<\/div>\n\t\t<\/section>\n\t\t\t\t\t<\/div>\n\t\t<\/div>\n\t\t\t\t<div class=\"elementor-column elementor-col-50 elementor-top-column elementor-element elementor-element-70b840a2\" data-id=\"70b840a2\" data-element_type=\"column\">\n\t\t\t<div class=\"elementor-widget-wrap elementor-element-populated\">\n\t\t\t\t\t\t<section class=\"elementor-section elementor-inner-section elementor-element elementor-element-76b9750f elementor-section-boxed elementor-section-height-default elementor-section-height-default\" data-id=\"76b9750f\" data-element_type=\"section\">\n\t\t\t\t\t\t<div class=\"elementor-container elementor-column-gap-default\">\n\t\t\t\t\t<div class=\"elementor-column elementor-col-100 elementor-inner-column elementor-element elementor-element-71a8ceb6\" data-id=\"71a8ceb6\" data-element_type=\"column\">\n\t\t\t<div class=\"elementor-widget-wrap elementor-element-populated\">\n\t\t\t\t\t\t<div class=\"elementor-element elementor-element-1432befa elementor-widget elementor-widget-witr_section_carousel_image\" data-id=\"1432befa\" data-element_type=\"widget\" data-widget_type=\"witr_section_carousel_image.default\">\n\t\t\t\t<div class=\"elementor-widget-container\">\n\t\t\t\t\t\t\t\t\t<!--======SCREENSHOTS PART START wittr_car_top_right ======-->\n\t\t\t\t<div class=\"imagess_area wittr_car_top_left\">\n\t\t\t\t\n\t\t\t\t\t\t<div class=\"witr_car_overlay imagess_id1\">\n\t\t\t\t\t\t\n\t\t\t\t\t\t\t<div class=\"witr_slick_columns\"><div class=\"slide_items\"><img decoding=\"async\" src=\"https:\/\/themexbd.com\/hisfull\/medical\/wp-content\/uploads\/2021\/01\/s1.jpg\" alt=\"\"\/><\/div><\/div><div class=\"witr_slick_columns\"><div class=\"slide_items\"><img decoding=\"async\" src=\"https:\/\/themexbd.com\/hisfull\/medical\/wp-content\/uploads\/2021\/01\/s3.jpg\" alt=\"\"\/><\/div><\/div>\n\t\t\t\t\t\t<\/div>\n\n\t\t\t\t\t\t\n\t\t\t\t\t\t\t\t\t\n\t\t\t\t<\/div> \n\t\t\t\t<!--======SCREENSHOTS PART ENDS ======-->\t\t\t\n\t\n\t<script type='text\/javascript'>\n\t\tjQuery(function($){\n\n\n\t\t\t\/*====== Screenshots Slide Slick =======*\/\n\t\t\t$('.imagess_id1').slick({\t\n\n\t\t\t\tinfinite: true,\n\t\t\t\tautoplay: true,\n\t\t\t\tautoplaySpeed: 2000,\n\t\t\t\tspeed: 1000,\t\t\t\t\t\n\t\t\t\tslidesToShow: 1,\n\t\t\t\tslidesToScroll: 1,\n\t\t\t\tcenterMode: true,\n\t\t\t\tcenterPadding: '',\t\t\t\t\t\n\t\t\t\tarrows: false,\n\t\t\t\tdots: false,\n\t\t\t\tresponsive: [\n\t\t\t\t\t{\n\t\t\t\t\t\tbreakpoint: 1200,\n\t\t\t\t\t\tsettings: {\n\t\t\t\t\t\t\tslidesToShow: 1,\n\t\t\t\t\t\t\tslidesToScroll: 1,\n\t\t\t\t\t\t}\n\t\t\t\t},\n\t\t\t\t\t{\n\t\t\t\t\t\tbreakpoint: 992,\n\t\t\t\t\t\tsettings: {\n\t\t\t\t\t\t\tslidesToShow: 1,\n\t\t\t\t\t\t\tslidesToScroll: 1,\n\t\t\t\t\t\t}\n\t\t\t\t},\n\t\t\t\t\t{\n\t\t\t\t\t\tbreakpoint: 768,\n\t\t\t\t\t\tsettings: {\n\t\t\t\t\t\t\tslidesToShow: 1,\n\t\t\t\t\t\t\tslidesToScroll: 1,\n\t\t\t\t\t\t}\n\t\t\t\t}\n\t\t\t\t\/\/ You can unslick at a given breakpoint now by adding:\n\t\t\t\t\/\/ settings: \"unslick\"\n\t\t\t\t\/\/ instead of a settings object\n\t\t\t\t]\n\t\t\t});\n\n\t\t});\n\t<\/script>\t\t\n\t\t\n\t\t\n\t\t\n\t\t\n\n\t\t\t\t<\/div>\n\t\t\t\t<\/div>\n\t\t\t\t<div class=\"elementor-element elementor-element-7debc266 hisfull-star-rating--align-left hisfull-star-rating--align-center elementor-widget elementor-widget-witr_section_apartment\" data-id=\"7debc266\" data-element_type=\"widget\" data-widget_type=\"witr_section_apartment.default\">\n\t\t\t\t<div class=\"elementor-widget-container\">\n\t\t\t\t\t\n\t\t\t\t\t<div class=\"apartment_area\">\t\t\t\t\n\t\t\t\t\t\t<div class=\"apartment_text\">\t\t\n\t\t\t\t\t\t\t<!-- title -->\n\t\t\t\t\t\t\t\t\t\t\t\t\t\t\t<h1>Contact<\/h1>\n\t\t\t\t\t\t\t\t\t\n\t\t\t\t\t\t\t<!-- content -->\n\t\t\t\t\t\t\t\t\t\t\t\t\t\t\t<h2>We are at your service 24\/7 <\/h2>\t\t\n\t\t\t\t\t\t\t\t\t\t\t\t\t\t\n\t\t\t\t\t\t<\/div>\t\t\n\t\t\t\t\t\t<div class=\"witr_apartment_form\">\n\t\t\t\t\t\t\t<p class=\"wpcf7-contact-form-not-found\"><strong>Error:<\/strong> Contact form not found.<\/p>\t\t\t\t\t\t\n\t\t\t\t\t\t<\/div>\t\t\t\t\t\n\t\t\t\t\t<\/div>\t\t\t\t\t\n\t\t\n\t\t\t\t\t\t<\/div>\n\t\t\t\t<\/div>\n\t\t\t\t\t<\/div>\n\t\t<\/div>\n\t\t\t\t\t<\/div>\n\t\t<\/section>\n\t\t\t\t\t<\/div>\n\t\t<\/div>\n\t\t\t\t\t<\/div>\n\t\t<\/section>\n\t\t\t\t<section class=\"elementor-section elementor-top-section elementor-element elementor-element-68831a8b elementor-section-boxed elementor-section-height-default elementor-section-height-default\" data-id=\"68831a8b\" data-element_type=\"section\" data-settings=\"{&quot;background_background&quot;:&quot;classic&quot;}\">\n\t\t\t\t\t\t<div class=\"elementor-container elementor-column-gap-default\">\n\t\t\t\t\t<div class=\"elementor-column elementor-col-100 elementor-top-column elementor-element elementor-element-238455\" data-id=\"238455\" data-element_type=\"column\">\n\t\t\t<div class=\"elementor-widget-wrap elementor-element-populated\">\n\t\t\t\t\t\t<div class=\"elementor-element elementor-element-4cfeaebf elementor-widget elementor-widget-witr_section_title\" data-id=\"4cfeaebf\" data-element_type=\"widget\" data-widget_type=\"witr_section_title.default\">\n\t\t\t\t<div class=\"elementor-widget-container\">\n\t\t\t\t\t\t\t\t\t\t<!-- title center -->\n\t\t\t\t\t<div class=\"witr_section_title\">\n\t\t\t\t\t\t<div class=\"witr_section_title_inner text-center\">\n\t\t\t\t\t\t\n\t\t\t\t\t\t\t<!--<div class=\"witr_title_lines\"><span class=\"witr_line_shaps\"><span class=\"witr_shape_dv\">Divider <i aria-hidden=\"true\" class=\"fas fa-star\"><\/i><\/span><\/span><\/div>-->\n\t\t\t\t\t\t\t<!-- icon position -->\n\t\t\t\t\t\t\t\t\n\t\t\t\t\t\t\t<!-- end icon position -->\n\t\t\t\t\t\t\t\n\t\t\t\t\t\t\n\t\t\t\t\t\t\t<!-- title top -->\n\t\t\t\t\t\t\t\t\t\t\t\t\t\t\t<h2>Patient Satisfaction<\/h2>\t\t\n\t\t\t\t\t\t\t\n\n\t\t\t\t\t\t\t<!-- icon position -->\n\t\t\t\t\t\t\t\t\n\t\t\t\t\t\t\t<!-- end icon position -->\n\n\n\t\t\t\t\t\t\t\n\t\t\t\t\t\t\t<!-- title middle -->\n\t\t\t\t\t\t\t\t\t\t\t\t\t\t\t<h3>Beautiful thoughts from all of you<\/h3>\t\t\n\t\t\t\t\t\t\t\t\t\t\t\t\t\t<!-- title bottom -->\n\t\t\t\t\t\t\t\n\t\t\t\t\t\t\t\n\t\t\t\t\t\t\t\n\t\t\t\t\t\t\t\t\t\t\t\t\t\t\n\t\t\t\t\t\t\t<!-- image -->\n\t\t\t\t\t\t\t\t\t\t\t\t\t\t<!-- icon -->\n\t\t\t\t\t\t\t\t\t\t\t\t\t\t\n\t\t\t\t\t\t\t<!-- bar -->\n\t\t\t\t\t\t\t\t\t\t\t\t\t\t\n\t\t\t\t\t\t\t\t<div class=\"witr_bar_main\">\n\t\t\t\t\t\t\t\t\t<div class=\"witr_bar_inner\">\n\t\t\t\t\t\t\t\t\t<\/div>\n\t\t\t\t\t\t\t\t<\/div>\n\t\t\t\t\t\t\t\n\t\t\t\t\t\t\t\n\t\t\t\t\t\t\t\t\n\t\t\t\t\t\t\t\n\n\t\t\t\t\t\t\t\n\t\t\t\t\t\t\t<!-- content -->\n\t\t\t\t\t\t\t\t\t\t\t\t\t\t\n\t\t\t\t\t\t<\/div>\n\t\t\t\t\t\t\t<!-- inner title -->\n\t\t\t\t\t\t\t\t\t\t\t\t\t\n\t\t\t\t\t<\/div>\n\n\t\t\t\t\t\t\t\t<\/div>\n\t\t\t\t<\/div>\n\t\t\t\t<section class=\"elementor-section elementor-inner-section elementor-element elementor-element-47defed1 elementor-section-boxed elementor-section-height-default elementor-section-height-default\" data-id=\"47defed1\" data-element_type=\"section\">\n\t\t\t\t\t\t<div class=\"elementor-container elementor-column-gap-default\">\n\t\t\t\t\t<div class=\"elementor-column elementor-col-100 elementor-inner-column elementor-element elementor-element-7c376716\" data-id=\"7c376716\" data-element_type=\"column\">\n\t\t\t<div class=\"elementor-widget-wrap elementor-element-populated\">\n\t\t\t\t\t\t<div class=\"elementor-element elementor-element-187d50e8 elementor-widget elementor-widget-witr_testimonial_section\" data-id=\"187d50e8\" data-element_type=\"widget\" data-widget_type=\"witr_testimonial_section.default\">\n\t\t\t\t<div class=\"elementor-widget-container\">\n\t\t\t\t\t\t\t\t\n\t\t\t\t\t<div class=\"carso_id1 tshover testomonial-slide witr_testi_s10\">\t\n\t\t\t\t\t\t\t\t\t\t\t\t\n\t\t\t\t\t\t<!-- SINGLE TEAM -->\n\t\t\t\t\t\t<div class=\"witr_testi_itemt testi-width all_color_testimonial\">\t\n\t\t\t\t\t\t\n\t\t\t\t\t\t\t<!-- Start Single Testimonial -->\n\t\t\t\t\t\t\t<div class=\"em_single_testimonial\">\n\t\t\t\t\t\t\t\t\t<div class=\"test_q_icon\">\n\t\t\t\t\t\t\t\t\t\t<i class=\"fas fa-quote-left\"><\/i>\n\t\t\t\t\t\t\t\t\t<\/div>\n\t\t\t\t\t\t\t\t<div class=\"em_testi_content\">\n\t\t\t\t\t\t\t\t\t<div class=\"em_testi_text\">\n\t\t\t\t\t\t\t\t\t\t<!-- content -->\t\n\t\t\t\t\t\t\t\t\t\t<p>If you're looking for car insurance, we will help you to find the You bring emendous value to company. We have generated more leads in the last<\/p>\t\t\t\t\t\t\t\t\t<\/div>\n\t\t\t\t\t\t\t\t<\/div>\t\t\t\t\t\t\t\t\n\t\t\t\t\t\t\t\n\t\t\t\t\t\t\t\n\t\t\t\t\t\t\t\n\t\t\t\t\t\t\t\t \n\t\t\t\t\t\t\t\n\t\t\t\t\t\t\t\t\t<div class=\"em_test_thumb test-part\">\n\t\t\t\t\t\t\t\t\t\t<img decoding=\"async\" width=\"73\" height=\"73\" src=\"https:\/\/healthtourismturkis.com\/wp-content\/uploads\/2021\/02\/test-1.png\" class=\"attachment-post-thumbnail size-post-thumbnail wp-post-image\" alt=\"\" \/>\t\t\t\t\t\t\t\t\t<\/div>\n\t\t\t\t\t\t\t\t\t\t\t\t\t\t\t\t\t\t\t\t\n\t\t\t\t\t\t\t\t\t<div class=\"em_testi_title\">\n\t\t\t\t\t\t\t\t\t\t<h2>Farhan Smith <span>Health Mentor<\/span><\/h2>\t\t\t\t\t\t\t\t\t\t\t\n\t\t\t\t\t\t\t\t\t<\/div>\n\t\t\t\t\t\t\t\t\t<div class=\"em_testi_logo\">\n\t\t\t\t\t\t\t\t\t\t<div class=\"em_testilogo_inner\">\n\t\t\t\t\t\t\t\t\t\t\t\t\t\t\t\t\t\t\t\t\t\t\n\t\t\t\t\t\t\t\t\t\t<\/div>\n\t\t\t\t\t\t\t\t\t<\/div>\n\n\t\t\t\t\t\t\t\t\t\n\t\t\t\t\t\t\t<\/div>\t\t\t\t\t\t\t\t\t\t\n\t\t\t\t\t\t<\/div>\t\n\n\t\t\t\t\t\t\t\t\t\t\t\n\t\t\t\t\t\t<!-- SINGLE TEAM -->\n\t\t\t\t\t\t<div class=\"witr_testi_itemt testi-width all_color_testimonial\">\t\n\t\t\t\t\t\t\n\t\t\t\t\t\t\t<!-- Start Single Testimonial -->\n\t\t\t\t\t\t\t<div class=\"em_single_testimonial\">\n\t\t\t\t\t\t\t\t\t<div class=\"test_q_icon\">\n\t\t\t\t\t\t\t\t\t\t<i class=\"fas fa-quote-left\"><\/i>\n\t\t\t\t\t\t\t\t\t<\/div>\n\t\t\t\t\t\t\t\t<div class=\"em_testi_content\">\n\t\t\t\t\t\t\t\t\t<div class=\"em_testi_text\">\n\t\t\t\t\t\t\t\t\t\t<!-- content -->\t\n\t\t\t\t\t\t\t\t\t\t<p>If you're looking for car insurance, we will help you to find the You bring emendous value to company. We have generated more leads in the last<\/p>\t\t\t\t\t\t\t\t\t<\/div>\n\t\t\t\t\t\t\t\t<\/div>\t\t\t\t\t\t\t\t\n\t\t\t\t\t\t\t\n\t\t\t\t\t\t\t\n\t\t\t\t\t\t\t\n\t\t\t\t\t\t\t\t \n\t\t\t\t\t\t\t\n\t\t\t\t\t\t\t\t\t<div class=\"em_test_thumb test-part\">\n\t\t\t\t\t\t\t\t\t\t<img decoding=\"async\" width=\"73\" height=\"73\" src=\"https:\/\/healthtourismturkis.com\/wp-content\/uploads\/2021\/02\/test-2.png\" class=\"attachment-post-thumbnail size-post-thumbnail wp-post-image\" alt=\"\" \/>\t\t\t\t\t\t\t\t\t<\/div>\n\t\t\t\t\t\t\t\t\t\t\t\t\t\t\t\t\t\t\t\t\n\t\t\t\t\t\t\t\t\t<div class=\"em_testi_title\">\n\t\t\t\t\t\t\t\t\t\t<h2>Elwin Dawson <span>Medical Specialist<\/span><\/h2>\t\t\t\t\t\t\t\t\t\t\t\n\t\t\t\t\t\t\t\t\t<\/div>\n\t\t\t\t\t\t\t\t\t<div class=\"em_testi_logo\">\n\t\t\t\t\t\t\t\t\t\t<div class=\"em_testilogo_inner\">\n\t\t\t\t\t\t\t\t\t\t\t\t\t\t\t\t\t\t\t\t\t\t\n\t\t\t\t\t\t\t\t\t\t<\/div>\n\t\t\t\t\t\t\t\t\t<\/div>\n\n\t\t\t\t\t\t\t\t\t\n\t\t\t\t\t\t\t<\/div>\t\t\t\t\t\t\t\t\t\t\n\t\t\t\t\t\t<\/div>\t\n\n\t\t\t\t\t\t\t\t\t\t\t\n\t\t\t\t\t\t<!-- SINGLE TEAM -->\n\t\t\t\t\t\t<div class=\"witr_testi_itemt testi-width all_color_testimonial\">\t\n\t\t\t\t\t\t\n\t\t\t\t\t\t\t<!-- Start Single Testimonial -->\n\t\t\t\t\t\t\t<div class=\"em_single_testimonial\">\n\t\t\t\t\t\t\t\t\t<div class=\"test_q_icon\">\n\t\t\t\t\t\t\t\t\t\t<i class=\"fas fa-quote-left\"><\/i>\n\t\t\t\t\t\t\t\t\t<\/div>\n\t\t\t\t\t\t\t\t<div class=\"em_testi_content\">\n\t\t\t\t\t\t\t\t\t<div class=\"em_testi_text\">\n\t\t\t\t\t\t\t\t\t\t<!-- content -->\t\n\t\t\t\t\t\t\t\t\t\t<p>If you're looking for car insurance, we will help you to find the You bring emendous value to company. We have generated more leads in the last<\/p>\t\t\t\t\t\t\t\t\t<\/div>\n\t\t\t\t\t\t\t\t<\/div>\t\t\t\t\t\t\t\t\n\t\t\t\t\t\t\t\n\t\t\t\t\t\t\t\n\t\t\t\t\t\t\t\n\t\t\t\t\t\t\t\t \n\t\t\t\t\t\t\t\n\t\t\t\t\t\t\t\t\t<div class=\"em_test_thumb test-part\">\n\t\t\t\t\t\t\t\t\t\t<img decoding=\"async\" width=\"73\" height=\"73\" src=\"https:\/\/healthtourismturkis.com\/wp-content\/uploads\/2021\/02\/test-3.png\" class=\"attachment-post-thumbnail size-post-thumbnail wp-post-image\" alt=\"\" \/>\t\t\t\t\t\t\t\t\t<\/div>\n\t\t\t\t\t\t\t\t\t\t\t\t\t\t\t\t\t\t\t\t\n\t\t\t\t\t\t\t\t\t<div class=\"em_testi_title\">\n\t\t\t\t\t\t\t\t\t\t<h2>Poral Dawson <span>Home Nurse<\/span><\/h2>\t\t\t\t\t\t\t\t\t\t\t\n\t\t\t\t\t\t\t\t\t<\/div>\n\t\t\t\t\t\t\t\t\t<div class=\"em_testi_logo\">\n\t\t\t\t\t\t\t\t\t\t<div class=\"em_testilogo_inner\">\n\t\t\t\t\t\t\t\t\t\t\t\t\t\t\t\t\t\t\t\t\t\t\n\t\t\t\t\t\t\t\t\t\t<\/div>\n\t\t\t\t\t\t\t\t\t<\/div>\n\n\t\t\t\t\t\t\t\t\t\n\t\t\t\t\t\t\t<\/div>\t\t\t\t\t\t\t\t\t\t\n\t\t\t\t\t\t<\/div>\t\n\n\t\t\t\t\t\t\t\t\t\t\t\n\t\t\t\t\t\t<!-- SINGLE TEAM -->\n\t\t\t\t\t\t<div class=\"witr_testi_itemt testi-width all_color_testimonial\">\t\n\t\t\t\t\t\t\n\t\t\t\t\t\t\t<!-- Start Single Testimonial -->\n\t\t\t\t\t\t\t<div class=\"em_single_testimonial\">\n\t\t\t\t\t\t\t\t\t<div class=\"test_q_icon\">\n\t\t\t\t\t\t\t\t\t\t<i class=\"fas fa-quote-left\"><\/i>\n\t\t\t\t\t\t\t\t\t<\/div>\n\t\t\t\t\t\t\t\t<div class=\"em_testi_content\">\n\t\t\t\t\t\t\t\t\t<div class=\"em_testi_text\">\n\t\t\t\t\t\t\t\t\t\t<!-- content -->\t\n\t\t\t\t\t\t\t\t\t\t<p>If you're looking for car insurance, we will help you to find the You bring emendous value to company. We have generated more leads in the last<\/p>\t\t\t\t\t\t\t\t\t<\/div>\n\t\t\t\t\t\t\t\t<\/div>\t\t\t\t\t\t\t\t\n\t\t\t\t\t\t\t\n\t\t\t\t\t\t\t\n\t\t\t\t\t\t\t\n\t\t\t\t\t\t\t\t \n\t\t\t\t\t\t\t\n\t\t\t\t\t\t\t\t\t<div class=\"em_test_thumb test-part\">\n\t\t\t\t\t\t\t\t\t\t<img decoding=\"async\" width=\"73\" height=\"73\" src=\"https:\/\/healthtourismturkis.com\/wp-content\/uploads\/2021\/02\/test-2.png\" class=\"attachment-post-thumbnail size-post-thumbnail wp-post-image\" alt=\"\" \/>\t\t\t\t\t\t\t\t\t<\/div>\n\t\t\t\t\t\t\t\t\t\t\t\t\t\t\t\t\t\t\t\t\n\t\t\t\t\t\t\t\t\t<div class=\"em_testi_title\">\n\t\t\t\t\t\t\t\t\t\t<h2>Cori Anderson <span>Dental Specialist<\/span><\/h2>\t\t\t\t\t\t\t\t\t\t\t\n\t\t\t\t\t\t\t\t\t<\/div>\n\t\t\t\t\t\t\t\t\t<div class=\"em_testi_logo\">\n\t\t\t\t\t\t\t\t\t\t<div class=\"em_testilogo_inner\">\n\t\t\t\t\t\t\t\t\t\t\t\t\t\t\t\t\t\t\t\t\t\t\n\t\t\t\t\t\t\t\t\t\t<\/div>\n\t\t\t\t\t\t\t\t\t<\/div>\n\n\t\t\t\t\t\t\t\t\t\n\t\t\t\t\t\t\t<\/div>\t\t\t\t\t\t\t\t\t\t\n\t\t\t\t\t\t<\/div>\t\n\n\t\t\t\t\t\t\t\t\t\t<\/div>\n\t\t\t\t<script type='text\/javascript'>\n\t\t\t\t\tjQuery(function($){\n\n\t\t\t\t\t\t$('.carso_id1').slick({\n\t\t\t\t\t\t\tinfinite: true,\n\t\t\t\t\t\t\tautoplay: true,\n\t\t\t\t\t\t\tautoplaySpeed: 3000,\n\t\t\t\t\t\t\tspeed: 700,\t\t\t\t\t\n\t\t\t\t\t\t\tslidesToShow: 2,\n\t\t\t\t\t\t\tslidesToScroll: 1,\n\t\t\t\t\t\t\tarrows: true,\n\t\t\t\t\t\t\tdots: false,\n\t\t\t\t\t\t\tresponsive: [\n\t\t\t\t\t\t\t\t{\n\t\t\t\t\t\t\t\t\tbreakpoint: 1200,\n\t\t\t\t\t\t\t\t\tsettings: {\n\t\t\t\t\t\t\t\t\t\tslidesToShow: 2,\n\t\t\t\t\t\t\t\t\t\tslidesToScroll: 1,\n\t\t\t\t\t\t\t\t\t}\n\t\t\t\t\t\t\t},\n\t\t\t\t\t\t\t\t{\n\t\t\t\t\t\t\t\t\tbreakpoint: 992,\n\t\t\t\t\t\t\t\t\tsettings: {\n\t\t\t\t\t\t\t\t\t\tslidesToShow: 2,\n\t\t\t\t\t\t\t\t\t\tslidesToScroll: 1,\n\t\t\t\t\t\t\t\t\t}\n\t\t\t\t\t\t\t},\n\t\t\t\t\t\t\t\t{\n\t\t\t\t\t\t\t\t\tbreakpoint: 767,\n\t\t\t\t\t\t\t\t\tsettings: {\n\t\t\t\t\t\t\t\t\t\tslidesToShow: 1,\n\t\t\t\t\t\t\t\t\t\tslidesToScroll: 1,\n\t\t\t\t\t\t\t\t\t}\n\t\t\t\t\t\t\t}\n\t\t\t\t\t\t\t\/\/ You can unslick at a given breakpoint now by adding:\n\t\t\t\t\t\t\t\/\/ settings: \"unslick\"\n\t\t\t\t\t\t\t\/\/ instead of a settings object\n\t\t\t\t\t\t\t]\n\t\t\t\t\t\t});\n\n\t\t\t\t\t});\t\t\t\n\t\t\t\t\t\n\t\t\t\t<\/script>\t\t\t\t\t\t\t\n\t\t\t\t\t\t\t<\/div>\n\t\t\t\t<\/div>\n\t\t\t\t\t<\/div>\n\t\t<\/div>\n\t\t\t\t\t<\/div>\n\t\t<\/section>\n\t\t\t\t\t<\/div>\n\t\t<\/div>\n\t\t\t\t\t<\/div>\n\t\t<\/section>\n\t\t\t\t<section class=\"elementor-section elementor-top-section elementor-element elementor-element-11da3333 elementor-section-boxed elementor-section-height-default elementor-section-height-default\" data-id=\"11da3333\" data-element_type=\"section\">\n\t\t\t\t\t\t<div class=\"elementor-container elementor-column-gap-default\">\n\t\t\t\t\t<div class=\"elementor-column elementor-col-100 elementor-top-column elementor-element elementor-element-795ea41c\" data-id=\"795ea41c\" data-element_type=\"column\">\n\t\t\t<div class=\"elementor-widget-wrap elementor-element-populated\">\n\t\t\t\t\t\t<div class=\"elementor-element elementor-element-57737a7 elementor-widget elementor-widget-witr_section_title\" data-id=\"57737a7\" data-element_type=\"widget\" data-widget_type=\"witr_section_title.default\">\n\t\t\t\t<div class=\"elementor-widget-container\">\n\t\t\t\t\t\t\t\t\t\t<!-- title center -->\n\t\t\t\t\t<div class=\"witr_section_title\">\n\t\t\t\t\t\t<div class=\"witr_section_title_inner text-center\">\n\t\t\t\t\t\t\n\t\t\t\t\t\t\t<!--<div class=\"witr_title_lines\"><span class=\"witr_line_shaps\"><span class=\"witr_shape_dv\">Divider <i aria-hidden=\"true\" class=\"fas fa-star\"><\/i><\/span><\/span><\/div>-->\n\t\t\t\t\t\t\t<!-- icon position -->\n\t\t\t\t\t\t\t\t\n\t\t\t\t\t\t\t<!-- end icon position -->\n\t\t\t\t\t\t\t\n\t\t\t\t\t\t\n\t\t\t\t\t\t\t<!-- title top -->\n\t\t\t\t\t\t\t\t\t\t\t\t\t\t\t<h2>OUR TEAM<\/h2>\t\t\n\t\t\t\t\t\t\t\n\n\t\t\t\t\t\t\t<!-- icon position -->\n\t\t\t\t\t\t\t\t\t\t\t\t\t\t\n\t\t\t\t\t\t\t<!-- image -->\n\t\t\t\t\t\t\t\t\t\t\t\t\t\t<!-- icon -->\n\t\t\t\t\t\t\t\t\t\t\t\t\t\t\n\t\t\t\t\t\t\t<!-- bar -->\n\t\t\t\t\t\t\t\n\t\t\t\t\t\t\t\n\t\t\t\t\t\t\t\t\n\t\t\t\t\t\t\t<!-- end icon position -->\n\n\n\t\t\t\t\t\t\t\n\t\t\t\t\t\t\t<!-- title middle -->\n\t\t\t\t\t\t\t\t\t\t\t\t\t\t\t<h3>Explore Support Member\n\n<\/h3>\t\t\n\t\t\t\t\t\t\t\t\t\t\t\t\t\t<!-- title bottom -->\n\t\t\t\t\t\t\t\n\t\t\t\t\t\t\t\n\t\t\t\t\t\t\t\n\t\t\t\t\t\t\t\t\n\t\t\t\t\t\t\t\n\n\t\t\t\t\t\t\t\n\t\t\t\t\t\t\t<!-- content -->\n\t\t\t\t\t\t\t\t\t\t\t\t\t\t\n\t\t\t\t\t\t<\/div>\n\t\t\t\t\t\t\t<!-- inner title -->\n\t\t\t\t\t\t\t\t\t\t\t\t\t\n\t\t\t\t\t<\/div>\n\n\t\t\t\t\t\t\t\t<\/div>\n\t\t\t\t<\/div>\n\t\t\t\t\t<\/div>\n\t\t<\/div>\n\t\t\t\t\t<\/div>\n\t\t<\/section>\n\t\t\t\t<\/div>","protected":false},"excerpt":{"rendered":"<p>Balon Sinoplasti Ameliyat\u0131 Balon Sinoplasti: Modern ve Konforlu Sin\u00fczit Tedavisi Balon Sinoplasti Nedir? Balon sinoplasti, kronik sin\u00fczit tedavisinde kullan\u0131lan modern ve minimal invaziv bir cerrahi y\u00f6ntemdir. Geleneksel sin\u00fcs ameliyatlar\u0131na k\u0131yasla daha az invaziv olan bu y\u00f6ntem, sin\u00fcs kanallar\u0131n\u0131 geni\u015fleterek t\u0131kan\u0131kl\u0131\u011f\u0131 giderir ve hastalara daha konforlu bir iyile\u015fme s\u00fcreci sunar. Nas\u0131l Uygulan\u0131r? Balon sinoplasti s\u0131ras\u0131nda burun [&hellip;]<\/p>","protected":false},"author":1,"featured_media":0,"parent":0,"menu_order":0,"comment_status":"closed","ping_status":"closed","template":"","meta":{"footnotes":""},"class_list":["post-13749","page","type-page","status-publish","hentry"],"aioseo_notices":[],"_links":{"self":[{"href":"https:\/\/healthtourismturkis.com\/en\/wp-json\/wp\/v2\/pages\/13749","targetHints":{"allow":["GET"]}}],"collection":[{"href":"https:\/\/healthtourismturkis.com\/en\/wp-json\/wp\/v2\/pages"}],"about":[{"href":"https:\/\/healthtourismturkis.com\/en\/wp-json\/wp\/v2\/types\/page"}],"author":[{"embeddable":true,"href":"https:\/\/healthtourismturkis.com\/en\/wp-json\/wp\/v2\/users\/1"}],"replies":[{"embeddable":true,"href":"https:\/\/healthtourismturkis.com\/en\/wp-json\/wp\/v2\/comments?post=13749"}],"version-history":[{"count":4,"href":"https:\/\/healthtourismturkis.com\/en\/wp-json\/wp\/v2\/pages\/13749\/revisions"}],"predecessor-version":[{"id":13755,"href":"https:\/\/healthtourismturkis.com\/en\/wp-json\/wp\/v2\/pages\/13749\/revisions\/13755"}],"wp:attachment":[{"href":"https:\/\/healthtourismturkis.com\/en\/wp-json\/wp\/v2\/media?parent=13749"}],"curies":[{"name":"wp","href":"https:\/\/api.w.org\/{rel}","templated":true}]}}