{"id":13601,"date":"2024-11-30T09:08:03","date_gmt":"2024-11-30T09:08:03","guid":{"rendered":"https:\/\/healthtourismturkis.com\/?page_id=13601"},"modified":"2024-11-30T09:12:16","modified_gmt":"2024-11-30T09:12:16","slug":"bbl-brezilya-poposu","status":"publish","type":"page","link":"https:\/\/healthtourismturkis.com\/en\/bbl-brezilya-poposu\/","title":{"rendered":"BBL-Brazil-Popo"},"content":{"rendered":"<div data-elementor-type=\"wp-page\" data-elementor-id=\"13601\" class=\"elementor elementor-13601\" data-elementor-post-type=\"page\">\n\t\t\t\t\t\t<section class=\"elementor-section elementor-top-section elementor-element elementor-element-12e56444 elementor-section-boxed elementor-section-height-default elementor-section-height-default\" data-id=\"12e56444\" data-element_type=\"section\" data-e-type=\"section\">\n\t\t\t\t\t\t<div class=\"elementor-container elementor-column-gap-default\">\n\t\t\t\t\t<div class=\"elementor-column elementor-col-50 elementor-top-column elementor-element elementor-element-5a3f1f93\" data-id=\"5a3f1f93\" data-element_type=\"column\" data-e-type=\"column\">\n\t\t\t<div class=\"elementor-widget-wrap elementor-element-populated\">\n\t\t\t\t\t\t<section class=\"elementor-section elementor-inner-section elementor-element elementor-element-2de1aee0 elementor-section-boxed elementor-section-height-default elementor-section-height-default\" data-id=\"2de1aee0\" data-element_type=\"section\" data-e-type=\"section\">\n\t\t\t\t\t\t<div class=\"elementor-container elementor-column-gap-default\">\n\t\t\t\t\t<div class=\"elementor-column elementor-col-100 elementor-inner-column elementor-element elementor-element-519b0c18\" data-id=\"519b0c18\" data-element_type=\"column\" data-e-type=\"column\">\n\t\t\t<div class=\"elementor-widget-wrap\">\n\t\t\t\t\t\t\t<\/div>\n\t\t<\/div>\n\t\t\t\t\t<\/div>\n\t\t<\/section>\n\t\t\t\t<div class=\"elementor-element elementor-element-eb570ff elementor-widget elementor-widget-witr_section_service\" data-id=\"eb570ff\" data-element_type=\"widget\" data-e-type=\"widget\" data-widget_type=\"witr_section_service.default\">\n\t\t\t\t<div class=\"elementor-widget-container\">\n\t\t\t\t\t\t\t\n\t\t\t<div class=\"service-item all_color_service text-left\">\n\t\t\t\t<div class=\"service_top_image\">\n\t\t\t\t\t<!-- image -->\n\t\t\t\t\t\t\t\t\t\t\t<img decoding=\"async\" src=\"http:\/\/healthtourismturkis.com\/wp-content\/uploads\/2024\/11\/bbl.jpeg\" alt=\"\" \/>\n\t\t\t\t\t\t\t\t\n\t\t\t\t<\/div>\n\t\t\t\t<div class=\"text_box all_icon_color\">\n\t\t\t\t\t<!-- icon -->\n\t\t\t\t\t\t\t\t\t\t<!-- custom icon -->\n\t\t\t\t\t\t\t\t\t\n\t\t\t\t\t<!-- image -->\n\t\t\t\t\t\t\n\t\t\t\t\t<!-- title -->\n\t\t\t\t\t\t\t\t\t\t\t\t\t\t\t<h3>BBL (Brazilian Butt Lift) <\/h3>\n\t\t\t\t\t\t\t\t\t\t\t\t\t\t\t<!-- content -->\n\t\t\t\t\t\t\t\t\t\t<!-- button -->\n\t\t\t\t\t\t\t\t\t\n\t\t\t\t<\/div> <!-- text_box -->\t\t\t\t\t\t\t\n\t\t\t<\/div> <!-- service item -->\t\t\t\t\t\t\t\n \t\t\t\t\t\t<\/div>\n\t\t\t\t<\/div>\n\t\t\t\t<div class=\"elementor-element elementor-element-0b1d939 elementor-widget elementor-widget-text-editor\" data-id=\"0b1d939\" data-element_type=\"widget\" data-e-type=\"widget\" data-widget_type=\"text-editor.default\">\n\t\t\t\t<div class=\"elementor-widget-container\">\n\t\t\t\t\t\t\t\t\t<p>BBL (Brazilian Butt Lift), or Brazilian Butt Lift, has become one of the most popular procedures in the world of plastic surgery in recent years. Both women and men prefer this procedure to sculpt body contours and achieve a fuller, curvier buttock appearance. The BBL not only makes the buttocks more prominent, but fat is removed from other parts of the body and transferred to the buttocks, adding volume in a natural way.<\/p><h3>What is BBL (Brazilian Butt Lift)?<\/h3><p>BBL is a plastic surgery performed by injecting fat taken from certain parts of the body through liposuction into the buttocks. The aim of this procedure is to increase the volume of the buttocks and to achieve a more shaped and natural butt appearance. With liposuction, excess fat is removed from the abdomen, hips, waist or back and injected into the buttocks. Thus, the buttocks both gain volume and take a more shaped, rounded form.<\/p><h3>How to do BBL?<\/h3><ol><li><strong>Oil Intake<\/strong> The procedure begins with liposuction of fat from areas of the patient's body where excess fat accumulates (e.g. abdomen, waist, hips).<\/li><li><strong>Oil Filtration:<\/strong> The oil is cleaned and purified.<\/li><li><strong>Fat Injection<\/strong> This purified fat is then injected into the buttocks through specific points.<\/li><li><strong>Results:<\/strong> At the end of this procedure, the buttocks become fuller and more prominent, and the body contours appear more proportionate.<\/li><\/ol><h3>Advantages of the BBL<\/h3><ul><li><strong>Natural Consequences:<\/strong> BBL provides a more natural appearance thanks to the use of the body's natural fat tissue.<\/li><li><strong>Body Contouring<\/strong> Not only the buttocks, but also the areas where fat is removed are shaped, so that the body becomes slimmer and curvier.<\/li><li><strong>A Younger and Smoother Silhouette:<\/strong> BBL can also eliminate problems such as sagging or flattening due to aging.<\/li><\/ul><h3>Recovery Process After BBL<\/h3><p>The healing process after BBL may take several weeks. Pain, swelling and bruising may occur in the first few days. However, the patient can usually return to their daily activities within a few weeks. One of the most important recovery points is not to sit on the buttocks. Therefore, the patient should take special positions when lying down to protect the hips during the healing process and, if possible, avoid sitting on the hips for a while.<\/p>\t\t\t\t\t\t\t\t<\/div>\n\t\t\t\t<\/div>\n\t\t\t\t\t<\/div>\n\t\t<\/div>\n\t\t\t\t<div class=\"elementor-column elementor-col-50 elementor-top-column elementor-element elementor-element-5ac52a86\" data-id=\"5ac52a86\" data-element_type=\"column\" data-e-type=\"column\">\n\t\t\t<div class=\"elementor-widget-wrap elementor-element-populated\">\n\t\t\t\t\t\t<section class=\"elementor-section elementor-inner-section elementor-element elementor-element-700b2ad3 elementor-section-boxed elementor-section-height-default elementor-section-height-default\" data-id=\"700b2ad3\" data-element_type=\"section\" data-e-type=\"section\">\n\t\t\t\t\t\t<div class=\"elementor-container elementor-column-gap-default\">\n\t\t\t\t\t<div class=\"elementor-column elementor-col-100 elementor-inner-column elementor-element elementor-element-d74c8ec\" data-id=\"d74c8ec\" data-element_type=\"column\" data-e-type=\"column\">\n\t\t\t<div class=\"elementor-widget-wrap elementor-element-populated\">\n\t\t\t\t\t\t<div class=\"elementor-element elementor-element-6ed05126 elementor-widget elementor-widget-witr_section_carousel_image\" data-id=\"6ed05126\" data-element_type=\"widget\" data-e-type=\"widget\" data-widget_type=\"witr_section_carousel_image.default\">\n\t\t\t\t<div class=\"elementor-widget-container\">\n\t\t\t\t\t\t\t\t\t<!--======SCREENSHOTS PART START wittr_car_top_right ======-->\n\t\t\t\t<div class=\"imagess_area wittr_car_top_left\">\n\t\t\t\t\n\t\t\t\t\t\t<div class=\"witr_car_overlay imagess_id1\">\n\t\t\t\t\t\t\n\t\t\t\t\t\t\t<div class=\"witr_slick_columns\"><div class=\"slide_items\"><img decoding=\"async\" src=\"https:\/\/themexbd.com\/hisfull\/medical\/wp-content\/uploads\/2021\/01\/s1.jpg\" alt=\"\"\/><\/div><\/div><div class=\"witr_slick_columns\"><div class=\"slide_items\"><img decoding=\"async\" src=\"https:\/\/themexbd.com\/hisfull\/medical\/wp-content\/uploads\/2021\/01\/s3.jpg\" alt=\"\"\/><\/div><\/div>\n\t\t\t\t\t\t<\/div>\n\n\t\t\t\t\t\t\n\t\t\t\t\t\t\t\t\t\n\t\t\t\t<\/div> \n\t\t\t\t<!--======SCREENSHOTS PART ENDS ======-->\t\t\t\n\t\n\t<script type='text\/javascript'>\n\t\tjQuery(function($){\n\n\n\t\t\t\/*====== Screenshots Slide Slick =======*\/\n\t\t\t$('.imagess_id1').slick({\t\n\n\t\t\t\tinfinite: true,\n\t\t\t\tautoplay: true,\n\t\t\t\tautoplaySpeed: 2000,\n\t\t\t\tspeed: 1000,\t\t\t\t\t\n\t\t\t\tslidesToShow: 1,\n\t\t\t\tslidesToScroll: 1,\n\t\t\t\tcenterMode: true,\n\t\t\t\tcenterPadding: '',\t\t\t\t\t\n\t\t\t\tarrows: false,\n\t\t\t\tdots: false,\n\t\t\t\tresponsive: [\n\t\t\t\t\t{\n\t\t\t\t\t\tbreakpoint: 1200,\n\t\t\t\t\t\tsettings: {\n\t\t\t\t\t\t\tslidesToShow: 1,\n\t\t\t\t\t\t\tslidesToScroll: 1,\n\t\t\t\t\t\t}\n\t\t\t\t},\n\t\t\t\t\t{\n\t\t\t\t\t\tbreakpoint: 992,\n\t\t\t\t\t\tsettings: {\n\t\t\t\t\t\t\tslidesToShow: 1,\n\t\t\t\t\t\t\tslidesToScroll: 1,\n\t\t\t\t\t\t}\n\t\t\t\t},\n\t\t\t\t\t{\n\t\t\t\t\t\tbreakpoint: 768,\n\t\t\t\t\t\tsettings: {\n\t\t\t\t\t\t\tslidesToShow: 1,\n\t\t\t\t\t\t\tslidesToScroll: 1,\n\t\t\t\t\t\t}\n\t\t\t\t}\n\t\t\t\t\/\/ You can unslick at a given breakpoint now by adding:\n\t\t\t\t\/\/ settings: \"unslick\"\n\t\t\t\t\/\/ instead of a settings object\n\t\t\t\t]\n\t\t\t});\n\n\t\t});\n\t<\/script>\t\t\n\t\t\n\t\t\n\t\t\n\t\t\n\n\t\t\t\t<\/div>\n\t\t\t\t<\/div>\n\t\t\t\t<div class=\"elementor-element elementor-element-470472bd hisfull-star-rating--align-left hisfull-star-rating--align-center elementor-widget elementor-widget-witr_section_apartment\" data-id=\"470472bd\" data-element_type=\"widget\" data-e-type=\"widget\" data-widget_type=\"witr_section_apartment.default\">\n\t\t\t\t<div class=\"elementor-widget-container\">\n\t\t\t\t\t\n\t\t\t\t\t<div class=\"apartment_area\">\t\t\t\t\n\t\t\t\t\t\t<div class=\"apartment_text\">\t\t\n\t\t\t\t\t\t\t<!-- title -->\n\t\t\t\t\t\t\t\t\t\t\t\t\t\t\t<h1>Contact<\/h1>\n\t\t\t\t\t\t\t\t\t\n\t\t\t\t\t\t\t<!-- content -->\n\t\t\t\t\t\t\t\t\t\t\t\t\t\t\t<h2>We are at your service 24\/7 <\/h2>\t\t\n\t\t\t\t\t\t\t\t\t\t\t\t\t\t\n\t\t\t\t\t\t<\/div>\t\t\n\t\t\t\t\t\t<div class=\"witr_apartment_form\">\n\t\t\t\t\t\t\t<p class=\"wpcf7-contact-form-not-found\"><strong>Error:<\/strong> Contact form not found.<\/p>\t\t\t\t\t\t\n\t\t\t\t\t\t<\/div>\t\t\t\t\t\n\t\t\t\t\t<\/div>\t\t\t\t\t\n\t\t\n\t\t\t\t\t\t<\/div>\n\t\t\t\t<\/div>\n\t\t\t\t\t<\/div>\n\t\t<\/div>\n\t\t\t\t\t<\/div>\n\t\t<\/section>\n\t\t\t\t\t<\/div>\n\t\t<\/div>\n\t\t\t\t\t<\/div>\n\t\t<\/section>\n\t\t\t\t<section class=\"elementor-section elementor-top-section elementor-element elementor-element-19a5b14d elementor-section-boxed elementor-section-height-default elementor-section-height-default\" data-id=\"19a5b14d\" data-element_type=\"section\" data-e-type=\"section\" data-settings=\"{&quot;background_background&quot;:&quot;classic&quot;}\">\n\t\t\t\t\t\t<div class=\"elementor-container elementor-column-gap-default\">\n\t\t\t\t\t<div class=\"elementor-column elementor-col-100 elementor-top-column elementor-element elementor-element-25794e88\" data-id=\"25794e88\" data-element_type=\"column\" data-e-type=\"column\">\n\t\t\t<div class=\"elementor-widget-wrap elementor-element-populated\">\n\t\t\t\t\t\t<div class=\"elementor-element elementor-element-34c815ec elementor-widget elementor-widget-witr_section_title\" data-id=\"34c815ec\" data-element_type=\"widget\" data-e-type=\"widget\" data-widget_type=\"witr_section_title.default\">\n\t\t\t\t<div class=\"elementor-widget-container\">\n\t\t\t\t\t\t\t\t\t\t<!-- title center -->\n\t\t\t\t\t<div class=\"witr_section_title\">\n\t\t\t\t\t\t<div class=\"witr_section_title_inner text-center\">\n\t\t\t\t\t\t\n\t\t\t\t\t\t\t<!--<div class=\"witr_title_lines\"><span class=\"witr_line_shaps\"><span class=\"witr_shape_dv\">Divider <i aria-hidden=\"true\" class=\"fas fa-star\"><\/i><\/span><\/span><\/div>-->\n\t\t\t\t\t\t\t<!-- icon position -->\n\t\t\t\t\t\t\t\t\n\t\t\t\t\t\t\t<!-- end icon position -->\n\t\t\t\t\t\t\t\n\t\t\t\t\t\t\n\t\t\t\t\t\t\t<!-- title top -->\n\t\t\t\t\t\t\t\t\t\t\t\t\t\t\t<h2>Patient Satisfaction<\/h2>\t\t\n\t\t\t\t\t\t\t\n\n\t\t\t\t\t\t\t<!-- icon position -->\n\t\t\t\t\t\t\t\t\n\t\t\t\t\t\t\t<!-- end icon position -->\n\n\n\t\t\t\t\t\t\t\n\t\t\t\t\t\t\t<!-- title middle -->\n\t\t\t\t\t\t\t\t\t\t\t\t\t\t\t<h3>Beautiful thoughts from all of you<\/h3>\t\t\n\t\t\t\t\t\t\t\t\t\t\t\t\t\t<!-- title bottom -->\n\t\t\t\t\t\t\t\n\t\t\t\t\t\t\t\n\t\t\t\t\t\t\t\n\t\t\t\t\t\t\t\t\t\t\t\t\t\t\n\t\t\t\t\t\t\t<!-- image -->\n\t\t\t\t\t\t\t\t\t\t\t\t\t\t<!-- icon -->\n\t\t\t\t\t\t\t\t\t\t\t\t\t\t\n\t\t\t\t\t\t\t<!-- bar -->\n\t\t\t\t\t\t\t\t\t\t\t\t\t\t\n\t\t\t\t\t\t\t\t<div class=\"witr_bar_main\">\n\t\t\t\t\t\t\t\t\t<div class=\"witr_bar_inner\">\n\t\t\t\t\t\t\t\t\t<\/div>\n\t\t\t\t\t\t\t\t<\/div>\n\t\t\t\t\t\t\t\n\t\t\t\t\t\t\t\n\t\t\t\t\t\t\t\t\n\t\t\t\t\t\t\t\n\n\t\t\t\t\t\t\t\n\t\t\t\t\t\t\t<!-- content -->\n\t\t\t\t\t\t\t\t\t\t\t\t\t\t\n\t\t\t\t\t\t<\/div>\n\t\t\t\t\t\t\t<!-- inner title -->\n\t\t\t\t\t\t\t\t\t\t\t\t\t\n\t\t\t\t\t<\/div>\n\n\t\t\t\t\t\t\t\t<\/div>\n\t\t\t\t<\/div>\n\t\t\t\t<section class=\"elementor-section elementor-inner-section elementor-element elementor-element-61626832 elementor-section-boxed elementor-section-height-default elementor-section-height-default\" data-id=\"61626832\" data-element_type=\"section\" data-e-type=\"section\">\n\t\t\t\t\t\t<div class=\"elementor-container elementor-column-gap-default\">\n\t\t\t\t\t<div class=\"elementor-column elementor-col-100 elementor-inner-column elementor-element elementor-element-1ade137d\" data-id=\"1ade137d\" data-element_type=\"column\" data-e-type=\"column\">\n\t\t\t<div class=\"elementor-widget-wrap elementor-element-populated\">\n\t\t\t\t\t\t<div class=\"elementor-element elementor-element-48da9e33 elementor-widget elementor-widget-witr_testimonial_section\" data-id=\"48da9e33\" data-element_type=\"widget\" data-e-type=\"widget\" data-widget_type=\"witr_testimonial_section.default\">\n\t\t\t\t<div class=\"elementor-widget-container\">\n\t\t\t\t\t\t\t\t\n\t\t\t\t\t<div class=\"carso_id1 tshover testomonial-slide witr_testi_s10\">\t\n\t\t\t\t\t\t\t\t\t\t\t\t\n\t\t\t\t\t\t<!-- SINGLE TEAM -->\n\t\t\t\t\t\t<div class=\"witr_testi_itemt testi-width all_color_testimonial\">\t\n\t\t\t\t\t\t\n\t\t\t\t\t\t\t<!-- Start Single Testimonial -->\n\t\t\t\t\t\t\t<div class=\"em_single_testimonial\">\n\t\t\t\t\t\t\t\t\t<div class=\"test_q_icon\">\n\t\t\t\t\t\t\t\t\t\t<i class=\"fas fa-quote-left\"><\/i>\n\t\t\t\t\t\t\t\t\t<\/div>\n\t\t\t\t\t\t\t\t<div class=\"em_testi_content\">\n\t\t\t\t\t\t\t\t\t<div class=\"em_testi_text\">\n\t\t\t\t\t\t\t\t\t\t<!-- content -->\t\n\t\t\t\t\t\t\t\t\t\t<p>If you're looking for car insurance, we will help you to find the You bring emendous value to company. We have generated more leads in the last<\/p>\t\t\t\t\t\t\t\t\t<\/div>\n\t\t\t\t\t\t\t\t<\/div>\t\t\t\t\t\t\t\t\n\t\t\t\t\t\t\t\n\t\t\t\t\t\t\t\n\t\t\t\t\t\t\t\n\t\t\t\t\t\t\t\t \n\t\t\t\t\t\t\t\n\t\t\t\t\t\t\t\t\t<div class=\"em_test_thumb test-part\">\n\t\t\t\t\t\t\t\t\t\t<img decoding=\"async\" width=\"73\" height=\"73\" src=\"https:\/\/healthtourismturkis.com\/wp-content\/uploads\/2021\/02\/test-1.png\" class=\"attachment-post-thumbnail size-post-thumbnail wp-post-image\" alt=\"\" \/>\t\t\t\t\t\t\t\t\t<\/div>\n\t\t\t\t\t\t\t\t\t\t\t\t\t\t\t\t\t\t\t\t\n\t\t\t\t\t\t\t\t\t<div class=\"em_testi_title\">\n\t\t\t\t\t\t\t\t\t\t<h2>Farhan Smith <span>Health Mentor<\/span><\/h2>\t\t\t\t\t\t\t\t\t\t\t\n\t\t\t\t\t\t\t\t\t<\/div>\n\t\t\t\t\t\t\t\t\t<div class=\"em_testi_logo\">\n\t\t\t\t\t\t\t\t\t\t<div class=\"em_testilogo_inner\">\n\t\t\t\t\t\t\t\t\t\t\t\t\t\t\t\t\t\t\t\t\t\t\n\t\t\t\t\t\t\t\t\t\t<\/div>\n\t\t\t\t\t\t\t\t\t<\/div>\n\n\t\t\t\t\t\t\t\t\t\n\t\t\t\t\t\t\t<\/div>\t\t\t\t\t\t\t\t\t\t\n\t\t\t\t\t\t<\/div>\t\n\n\t\t\t\t\t\t\t\t\t\t\t\n\t\t\t\t\t\t<!-- SINGLE TEAM -->\n\t\t\t\t\t\t<div class=\"witr_testi_itemt testi-width all_color_testimonial\">\t\n\t\t\t\t\t\t\n\t\t\t\t\t\t\t<!-- Start Single Testimonial -->\n\t\t\t\t\t\t\t<div class=\"em_single_testimonial\">\n\t\t\t\t\t\t\t\t\t<div class=\"test_q_icon\">\n\t\t\t\t\t\t\t\t\t\t<i class=\"fas fa-quote-left\"><\/i>\n\t\t\t\t\t\t\t\t\t<\/div>\n\t\t\t\t\t\t\t\t<div class=\"em_testi_content\">\n\t\t\t\t\t\t\t\t\t<div class=\"em_testi_text\">\n\t\t\t\t\t\t\t\t\t\t<!-- content -->\t\n\t\t\t\t\t\t\t\t\t\t<p>If you're looking for car insurance, we will help you to find the You bring emendous value to company. We have generated more leads in the last<\/p>\t\t\t\t\t\t\t\t\t<\/div>\n\t\t\t\t\t\t\t\t<\/div>\t\t\t\t\t\t\t\t\n\t\t\t\t\t\t\t\n\t\t\t\t\t\t\t\n\t\t\t\t\t\t\t\n\t\t\t\t\t\t\t\t \n\t\t\t\t\t\t\t\n\t\t\t\t\t\t\t\t\t<div class=\"em_test_thumb test-part\">\n\t\t\t\t\t\t\t\t\t\t<img decoding=\"async\" width=\"73\" height=\"73\" src=\"https:\/\/healthtourismturkis.com\/wp-content\/uploads\/2021\/02\/test-2.png\" class=\"attachment-post-thumbnail size-post-thumbnail wp-post-image\" alt=\"\" \/>\t\t\t\t\t\t\t\t\t<\/div>\n\t\t\t\t\t\t\t\t\t\t\t\t\t\t\t\t\t\t\t\t\n\t\t\t\t\t\t\t\t\t<div class=\"em_testi_title\">\n\t\t\t\t\t\t\t\t\t\t<h2>Elwin Dawson <span>Medical Specialist<\/span><\/h2>\t\t\t\t\t\t\t\t\t\t\t\n\t\t\t\t\t\t\t\t\t<\/div>\n\t\t\t\t\t\t\t\t\t<div class=\"em_testi_logo\">\n\t\t\t\t\t\t\t\t\t\t<div class=\"em_testilogo_inner\">\n\t\t\t\t\t\t\t\t\t\t\t\t\t\t\t\t\t\t\t\t\t\t\n\t\t\t\t\t\t\t\t\t\t<\/div>\n\t\t\t\t\t\t\t\t\t<\/div>\n\n\t\t\t\t\t\t\t\t\t\n\t\t\t\t\t\t\t<\/div>\t\t\t\t\t\t\t\t\t\t\n\t\t\t\t\t\t<\/div>\t\n\n\t\t\t\t\t\t\t\t\t\t\t\n\t\t\t\t\t\t<!-- SINGLE TEAM -->\n\t\t\t\t\t\t<div class=\"witr_testi_itemt testi-width all_color_testimonial\">\t\n\t\t\t\t\t\t\n\t\t\t\t\t\t\t<!-- Start Single Testimonial -->\n\t\t\t\t\t\t\t<div class=\"em_single_testimonial\">\n\t\t\t\t\t\t\t\t\t<div class=\"test_q_icon\">\n\t\t\t\t\t\t\t\t\t\t<i class=\"fas fa-quote-left\"><\/i>\n\t\t\t\t\t\t\t\t\t<\/div>\n\t\t\t\t\t\t\t\t<div class=\"em_testi_content\">\n\t\t\t\t\t\t\t\t\t<div class=\"em_testi_text\">\n\t\t\t\t\t\t\t\t\t\t<!-- content -->\t\n\t\t\t\t\t\t\t\t\t\t<p>If you're looking for car insurance, we will help you to find the You bring emendous value to company. We have generated more leads in the last<\/p>\t\t\t\t\t\t\t\t\t<\/div>\n\t\t\t\t\t\t\t\t<\/div>\t\t\t\t\t\t\t\t\n\t\t\t\t\t\t\t\n\t\t\t\t\t\t\t\n\t\t\t\t\t\t\t\n\t\t\t\t\t\t\t\t \n\t\t\t\t\t\t\t\n\t\t\t\t\t\t\t\t\t<div class=\"em_test_thumb test-part\">\n\t\t\t\t\t\t\t\t\t\t<img decoding=\"async\" width=\"73\" height=\"73\" src=\"https:\/\/healthtourismturkis.com\/wp-content\/uploads\/2021\/02\/test-3.png\" class=\"attachment-post-thumbnail size-post-thumbnail wp-post-image\" alt=\"\" \/>\t\t\t\t\t\t\t\t\t<\/div>\n\t\t\t\t\t\t\t\t\t\t\t\t\t\t\t\t\t\t\t\t\n\t\t\t\t\t\t\t\t\t<div class=\"em_testi_title\">\n\t\t\t\t\t\t\t\t\t\t<h2>Poral Dawson <span>Home Nurse<\/span><\/h2>\t\t\t\t\t\t\t\t\t\t\t\n\t\t\t\t\t\t\t\t\t<\/div>\n\t\t\t\t\t\t\t\t\t<div class=\"em_testi_logo\">\n\t\t\t\t\t\t\t\t\t\t<div class=\"em_testilogo_inner\">\n\t\t\t\t\t\t\t\t\t\t\t\t\t\t\t\t\t\t\t\t\t\t\n\t\t\t\t\t\t\t\t\t\t<\/div>\n\t\t\t\t\t\t\t\t\t<\/div>\n\n\t\t\t\t\t\t\t\t\t\n\t\t\t\t\t\t\t<\/div>\t\t\t\t\t\t\t\t\t\t\n\t\t\t\t\t\t<\/div>\t\n\n\t\t\t\t\t\t\t\t\t\t\t\n\t\t\t\t\t\t<!-- SINGLE TEAM -->\n\t\t\t\t\t\t<div class=\"witr_testi_itemt testi-width all_color_testimonial\">\t\n\t\t\t\t\t\t\n\t\t\t\t\t\t\t<!-- Start Single Testimonial -->\n\t\t\t\t\t\t\t<div class=\"em_single_testimonial\">\n\t\t\t\t\t\t\t\t\t<div class=\"test_q_icon\">\n\t\t\t\t\t\t\t\t\t\t<i class=\"fas fa-quote-left\"><\/i>\n\t\t\t\t\t\t\t\t\t<\/div>\n\t\t\t\t\t\t\t\t<div class=\"em_testi_content\">\n\t\t\t\t\t\t\t\t\t<div class=\"em_testi_text\">\n\t\t\t\t\t\t\t\t\t\t<!-- content -->\t\n\t\t\t\t\t\t\t\t\t\t<p>If you're looking for car insurance, we will help you to find the You bring emendous value to company. We have generated more leads in the last<\/p>\t\t\t\t\t\t\t\t\t<\/div>\n\t\t\t\t\t\t\t\t<\/div>\t\t\t\t\t\t\t\t\n\t\t\t\t\t\t\t\n\t\t\t\t\t\t\t\n\t\t\t\t\t\t\t\n\t\t\t\t\t\t\t\t \n\t\t\t\t\t\t\t\n\t\t\t\t\t\t\t\t\t<div class=\"em_test_thumb test-part\">\n\t\t\t\t\t\t\t\t\t\t<img decoding=\"async\" width=\"73\" height=\"73\" src=\"https:\/\/healthtourismturkis.com\/wp-content\/uploads\/2021\/02\/test-2.png\" class=\"attachment-post-thumbnail size-post-thumbnail wp-post-image\" alt=\"\" \/>\t\t\t\t\t\t\t\t\t<\/div>\n\t\t\t\t\t\t\t\t\t\t\t\t\t\t\t\t\t\t\t\t\n\t\t\t\t\t\t\t\t\t<div class=\"em_testi_title\">\n\t\t\t\t\t\t\t\t\t\t<h2>Cori Anderson <span>Dental Specialist<\/span><\/h2>\t\t\t\t\t\t\t\t\t\t\t\n\t\t\t\t\t\t\t\t\t<\/div>\n\t\t\t\t\t\t\t\t\t<div class=\"em_testi_logo\">\n\t\t\t\t\t\t\t\t\t\t<div class=\"em_testilogo_inner\">\n\t\t\t\t\t\t\t\t\t\t\t\t\t\t\t\t\t\t\t\t\t\t\n\t\t\t\t\t\t\t\t\t\t<\/div>\n\t\t\t\t\t\t\t\t\t<\/div>\n\n\t\t\t\t\t\t\t\t\t\n\t\t\t\t\t\t\t<\/div>\t\t\t\t\t\t\t\t\t\t\n\t\t\t\t\t\t<\/div>\t\n\n\t\t\t\t\t\t\t\t\t\t<\/div>\n\t\t\t\t<script type='text\/javascript'>\n\t\t\t\t\tjQuery(function($){\n\n\t\t\t\t\t\t$('.carso_id1').slick({\n\t\t\t\t\t\t\tinfinite: true,\n\t\t\t\t\t\t\tautoplay: true,\n\t\t\t\t\t\t\tautoplaySpeed: 3000,\n\t\t\t\t\t\t\tspeed: 700,\t\t\t\t\t\n\t\t\t\t\t\t\tslidesToShow: 2,\n\t\t\t\t\t\t\tslidesToScroll: 1,\n\t\t\t\t\t\t\tarrows: true,\n\t\t\t\t\t\t\tdots: false,\n\t\t\t\t\t\t\tresponsive: [\n\t\t\t\t\t\t\t\t{\n\t\t\t\t\t\t\t\t\tbreakpoint: 1200,\n\t\t\t\t\t\t\t\t\tsettings: {\n\t\t\t\t\t\t\t\t\t\tslidesToShow: 2,\n\t\t\t\t\t\t\t\t\t\tslidesToScroll: 1,\n\t\t\t\t\t\t\t\t\t}\n\t\t\t\t\t\t\t},\n\t\t\t\t\t\t\t\t{\n\t\t\t\t\t\t\t\t\tbreakpoint: 992,\n\t\t\t\t\t\t\t\t\tsettings: {\n\t\t\t\t\t\t\t\t\t\tslidesToShow: 2,\n\t\t\t\t\t\t\t\t\t\tslidesToScroll: 1,\n\t\t\t\t\t\t\t\t\t}\n\t\t\t\t\t\t\t},\n\t\t\t\t\t\t\t\t{\n\t\t\t\t\t\t\t\t\tbreakpoint: 767,\n\t\t\t\t\t\t\t\t\tsettings: {\n\t\t\t\t\t\t\t\t\t\tslidesToShow: 1,\n\t\t\t\t\t\t\t\t\t\tslidesToScroll: 1,\n\t\t\t\t\t\t\t\t\t}\n\t\t\t\t\t\t\t}\n\t\t\t\t\t\t\t\/\/ You can unslick at a given breakpoint now by adding:\n\t\t\t\t\t\t\t\/\/ settings: \"unslick\"\n\t\t\t\t\t\t\t\/\/ instead of a settings object\n\t\t\t\t\t\t\t]\n\t\t\t\t\t\t});\n\n\t\t\t\t\t});\t\t\t\n\t\t\t\t\t\n\t\t\t\t<\/script>\t\t\t\t\t\t\t\n\t\t\t\t\t\t\t<\/div>\n\t\t\t\t<\/div>\n\t\t\t\t\t<\/div>\n\t\t<\/div>\n\t\t\t\t\t<\/div>\n\t\t<\/section>\n\t\t\t\t\t<\/div>\n\t\t<\/div>\n\t\t\t\t\t<\/div>\n\t\t<\/section>\n\t\t\t\t<section class=\"elementor-section elementor-top-section elementor-element elementor-element-6978b5d0 elementor-section-boxed elementor-section-height-default elementor-section-height-default\" data-id=\"6978b5d0\" data-element_type=\"section\" data-e-type=\"section\">\n\t\t\t\t\t\t<div class=\"elementor-container elementor-column-gap-default\">\n\t\t\t\t\t<div class=\"elementor-column elementor-col-100 elementor-top-column elementor-element elementor-element-718b6664\" data-id=\"718b6664\" data-element_type=\"column\" data-e-type=\"column\">\n\t\t\t<div class=\"elementor-widget-wrap elementor-element-populated\">\n\t\t\t\t\t\t<div class=\"elementor-element elementor-element-37ff6fe7 elementor-widget elementor-widget-witr_section_title\" data-id=\"37ff6fe7\" data-element_type=\"widget\" data-e-type=\"widget\" data-widget_type=\"witr_section_title.default\">\n\t\t\t\t<div class=\"elementor-widget-container\">\n\t\t\t\t\t\t\t\t\t\t<!-- title center -->\n\t\t\t\t\t<div class=\"witr_section_title\">\n\t\t\t\t\t\t<div class=\"witr_section_title_inner text-center\">\n\t\t\t\t\t\t\n\t\t\t\t\t\t\t<!--<div class=\"witr_title_lines\"><span class=\"witr_line_shaps\"><span class=\"witr_shape_dv\">Divider <i aria-hidden=\"true\" class=\"fas fa-star\"><\/i><\/span><\/span><\/div>-->\n\t\t\t\t\t\t\t<!-- icon position -->\n\t\t\t\t\t\t\t\t\n\t\t\t\t\t\t\t<!-- end icon position -->\n\t\t\t\t\t\t\t\n\t\t\t\t\t\t\n\t\t\t\t\t\t\t<!-- title top -->\n\t\t\t\t\t\t\t\t\t\t\t\t\t\t\t<h2>OUR TEAM<\/h2>\t\t\n\t\t\t\t\t\t\t\n\n\t\t\t\t\t\t\t<!-- icon position -->\n\t\t\t\t\t\t\t\t\t\t\t\t\t\t\n\t\t\t\t\t\t\t<!-- image -->\n\t\t\t\t\t\t\t\t\t\t\t\t\t\t<!-- icon -->\n\t\t\t\t\t\t\t\t\t\t\t\t\t\t\n\t\t\t\t\t\t\t<!-- bar -->\n\t\t\t\t\t\t\t\n\t\t\t\t\t\t\t\n\t\t\t\t\t\t\t\t\n\t\t\t\t\t\t\t<!-- end icon position -->\n\n\n\t\t\t\t\t\t\t\n\t\t\t\t\t\t\t<!-- title middle -->\n\t\t\t\t\t\t\t\t\t\t\t\t\t\t\t<h3>Explore Support Member\n\n<\/h3>\t\t\n\t\t\t\t\t\t\t\t\t\t\t\t\t\t<!-- title bottom -->\n\t\t\t\t\t\t\t\n\t\t\t\t\t\t\t\n\t\t\t\t\t\t\t\n\t\t\t\t\t\t\t\t\n\t\t\t\t\t\t\t\n\n\t\t\t\t\t\t\t\n\t\t\t\t\t\t\t<!-- content -->\n\t\t\t\t\t\t\t\t\t\t\t\t\t\t\n\t\t\t\t\t\t<\/div>\n\t\t\t\t\t\t\t<!-- inner title -->\n\t\t\t\t\t\t\t\t\t\t\t\t\t\n\t\t\t\t\t<\/div>\n\n\t\t\t\t\t\t\t\t<\/div>\n\t\t\t\t<\/div>\n\t\t\t\t\t<\/div>\n\t\t<\/div>\n\t\t\t\t\t<\/div>\n\t\t<\/section>\n\t\t\t\t<\/div>","protected":false},"excerpt":{"rendered":"<p>BBL (Brazilian Butt Lift) BBL (Brazilian Butt Lift), yani Brezilya Poposu, son y\u0131llarda estetik cerrahi d\u00fcnyas\u0131nda en pop\u00fcler prosed\u00fcrlerden biri haline gelmi\u015ftir. Hem kad\u0131nlar hem de erkekler, v\u00fccut hatlar\u0131n\u0131 \u015fekillendirmek ve daha dolgun, k\u0131vr\u0131ml\u0131 bir kal\u00e7a g\u00f6r\u00fcn\u00fcm\u00fc elde etmek i\u00e7in bu i\u015flemi tercih etmektedir. BBL, sadece kal\u00e7alar\u0131n daha belirgin hale gelmesini sa\u011flamakla kalmaz, ayn\u0131 zamanda [&hellip;]<\/p>","protected":false},"author":1,"featured_media":0,"parent":0,"menu_order":0,"comment_status":"closed","ping_status":"closed","template":"","meta":{"footnotes":""},"class_list":["post-13601","page","type-page","status-publish","hentry"],"aioseo_notices":[],"_links":{"self":[{"href":"https:\/\/healthtourismturkis.com\/en\/wp-json\/wp\/v2\/pages\/13601","targetHints":{"allow":["GET"]}}],"collection":[{"href":"https:\/\/healthtourismturkis.com\/en\/wp-json\/wp\/v2\/pages"}],"about":[{"href":"https:\/\/healthtourismturkis.com\/en\/wp-json\/wp\/v2\/types\/page"}],"author":[{"embeddable":true,"href":"https:\/\/healthtourismturkis.com\/en\/wp-json\/wp\/v2\/users\/1"}],"replies":[{"embeddable":true,"href":"https:\/\/healthtourismturkis.com\/en\/wp-json\/wp\/v2\/comments?post=13601"}],"version-history":[{"count":4,"href":"https:\/\/healthtourismturkis.com\/en\/wp-json\/wp\/v2\/pages\/13601\/revisions"}],"predecessor-version":[{"id":13606,"href":"https:\/\/healthtourismturkis.com\/en\/wp-json\/wp\/v2\/pages\/13601\/revisions\/13606"}],"wp:attachment":[{"href":"https:\/\/healthtourismturkis.com\/en\/wp-json\/wp\/v2\/media?parent=13601"}],"curies":[{"name":"wp","href":"https:\/\/api.w.org\/{rel}","templated":true}]}}