{"id":12909,"date":"2023-02-01T09:08:23","date_gmt":"2023-02-01T09:08:23","guid":{"rendered":"https:\/\/healthtourismturkis.com\/?page_id=12909"},"modified":"2023-02-01T09:09:40","modified_gmt":"2023-02-01T09:09:40","slug":"mitral-darligi-ve-balon-valvuloplasti","status":"publish","type":"page","link":"https:\/\/healthtourismturkis.com\/en\/mitral-darligi-ve-balon-valvuloplasti\/","title":{"rendered":"Mitral Stenosis and Balloon Valvuloplasty"},"content":{"rendered":"<div data-elementor-type=\"wp-page\" data-elementor-id=\"12909\" class=\"elementor elementor-12909\" data-elementor-post-type=\"page\">\n\t\t\t\t\t\t<section class=\"elementor-section elementor-top-section elementor-element elementor-element-2385cd1e elementor-section-boxed elementor-section-height-default elementor-section-height-default\" data-id=\"2385cd1e\" data-element_type=\"section\">\n\t\t\t\t\t\t<div class=\"elementor-container elementor-column-gap-default\">\n\t\t\t\t\t<div class=\"elementor-column elementor-col-50 elementor-top-column elementor-element elementor-element-1e6ef3c2\" data-id=\"1e6ef3c2\" data-element_type=\"column\">\n\t\t\t<div class=\"elementor-widget-wrap elementor-element-populated\">\n\t\t\t\t\t\t<section class=\"elementor-section elementor-inner-section elementor-element elementor-element-1d7a828 elementor-section-boxed elementor-section-height-default elementor-section-height-default\" data-id=\"1d7a828\" data-element_type=\"section\">\n\t\t\t\t\t\t<div class=\"elementor-container elementor-column-gap-default\">\n\t\t\t\t\t<div class=\"elementor-column elementor-col-100 elementor-inner-column elementor-element elementor-element-34baa69c\" data-id=\"34baa69c\" data-element_type=\"column\">\n\t\t\t<div class=\"elementor-widget-wrap elementor-element-populated\">\n\t\t\t\t\t\t<div class=\"elementor-element elementor-element-17bb97be elementor-widget elementor-widget-witr_section_service\" data-id=\"17bb97be\" data-element_type=\"widget\" data-widget_type=\"witr_section_service.default\">\n\t\t\t\t<div class=\"elementor-widget-container\">\n\t\t\t\t\t\t\t\n\t\t\t<div class=\"service-item all_color_service text-left\">\n\t\t\t\t<div class=\"service_top_image\">\n\t\t\t\t\t<!-- image -->\n\t\t\t\t\t\t\t\t\t\t\t<img decoding=\"async\" src=\"http:\/\/healthtourismturkis.com\/wp-content\/uploads\/2023\/02\/kalp-kapagi.jpg\" alt=\"\" \/>\n\t\t\t\t\t\t\t\t\n\t\t\t\t<\/div>\n\t\t\t\t<div class=\"text_box all_icon_color\">\n\t\t\t\t\t<!-- icon -->\n\t\t\t\t\t\t\t\t\t\t<!-- custom icon -->\n\t\t\t\t\t\t\t\t\t\n\t\t\t\t\t<!-- image -->\n\t\t\t\t\t\t\n\t\t\t\t\t<!-- title -->\n\t\t\t\t\t\t\t\t\t\t<!-- content -->\n\t\t\t\t\t\t\t\t\t\t<!-- button -->\n\t\t\t\t\t\t\t\t\t\n\t\t\t\t<\/div> <!-- text_box -->\t\t\t\t\t\t\t\n\t\t\t<\/div> <!-- service item -->\t\t\t\t\t\t\t\n \t\t\t\t\t\t<\/div>\n\t\t\t\t<\/div>\n\t\t\t\t\t<\/div>\n\t\t<\/div>\n\t\t\t\t\t<\/div>\n\t\t<\/section>\n\t\t\t\t<div class=\"elementor-element elementor-element-fca5d95 elementor-widget elementor-widget-text-editor\" data-id=\"fca5d95\" data-element_type=\"widget\" data-widget_type=\"text-editor.default\">\n\t\t\t\t<div class=\"elementor-widget-container\">\n\t\t\t\t\t\t\t\t\t<p><strong>Mitral Stenosis and Balloon Valvuloplasty<\/strong><\/p><p>The mitral valve is the valve between the left atrium and the left ventricle in the heart. The valve narrows as a result of acute rheumatism of the joints. As a result, not enough blood can pass from the atrium to the left ventricle. At rest, the blood passing through the narrow valve is sufficient for the body's needs. However, during exertion, shortness of breath occurs because there is not enough blood passing through it.\u00a0<\/p><p>Treatment options vary depending on the degree of narrowing of the valve. For mild stenosis, medication is sufficient; for moderate to severe stenosis, the two options are mitral balloon valvuloplasty or open heart surgery.<\/p><p>The advantages of mitral balloon valvuloplasty are that it is performed under local anesthesia and patients can go to work the next day. However, valvuloplasty is a temporary procedure. But its advantage is that it postpones the mitral valve replacement operation.<\/p><p>\u00a0<\/p>\t\t\t\t\t\t\t\t<\/div>\n\t\t\t\t<\/div>\n\t\t\t\t\t<\/div>\n\t\t<\/div>\n\t\t\t\t<div class=\"elementor-column elementor-col-50 elementor-top-column elementor-element elementor-element-51ff2291\" data-id=\"51ff2291\" data-element_type=\"column\">\n\t\t\t<div class=\"elementor-widget-wrap elementor-element-populated\">\n\t\t\t\t\t\t<section class=\"elementor-section elementor-inner-section elementor-element elementor-element-3259e550 elementor-section-boxed elementor-section-height-default elementor-section-height-default\" data-id=\"3259e550\" data-element_type=\"section\">\n\t\t\t\t\t\t<div class=\"elementor-container elementor-column-gap-default\">\n\t\t\t\t\t<div class=\"elementor-column elementor-col-100 elementor-inner-column elementor-element elementor-element-1c7840ac\" data-id=\"1c7840ac\" data-element_type=\"column\">\n\t\t\t<div class=\"elementor-widget-wrap elementor-element-populated\">\n\t\t\t\t\t\t<div class=\"elementor-element elementor-element-313848a3 elementor-widget elementor-widget-witr_section_carousel_image\" data-id=\"313848a3\" data-element_type=\"widget\" data-widget_type=\"witr_section_carousel_image.default\">\n\t\t\t\t<div class=\"elementor-widget-container\">\n\t\t\t\t\t\t\t\t\t<!--======SCREENSHOTS PART START wittr_car_top_right ======-->\n\t\t\t\t<div class=\"imagess_area wittr_car_top_left\">\n\t\t\t\t\n\t\t\t\t\t\t<div class=\"witr_car_overlay imagess_id1\">\n\t\t\t\t\t\t\n\t\t\t\t\t\t\t<div class=\"witr_slick_columns\"><div class=\"slide_items\"><img decoding=\"async\" src=\"https:\/\/themexbd.com\/hisfull\/medical\/wp-content\/uploads\/2021\/01\/s1.jpg\" alt=\"\"\/><\/div><\/div><div class=\"witr_slick_columns\"><div class=\"slide_items\"><img decoding=\"async\" src=\"https:\/\/themexbd.com\/hisfull\/medical\/wp-content\/uploads\/2021\/01\/s3.jpg\" alt=\"\"\/><\/div><\/div>\n\t\t\t\t\t\t<\/div>\n\n\t\t\t\t\t\t\n\t\t\t\t\t\t\t\t\t\n\t\t\t\t<\/div> \n\t\t\t\t<!--======SCREENSHOTS PART ENDS ======-->\t\t\t\n\t\n\t<script type='text\/javascript'>\n\t\tjQuery(function($){\n\n\n\t\t\t\/*====== Screenshots Slide Slick =======*\/\n\t\t\t$('.imagess_id1').slick({\t\n\n\t\t\t\tinfinite: true,\n\t\t\t\tautoplay: true,\n\t\t\t\tautoplaySpeed: 2000,\n\t\t\t\tspeed: 1000,\t\t\t\t\t\n\t\t\t\tslidesToShow: 1,\n\t\t\t\tslidesToScroll: 1,\n\t\t\t\tcenterMode: true,\n\t\t\t\tcenterPadding: '',\t\t\t\t\t\n\t\t\t\tarrows: false,\n\t\t\t\tdots: false,\n\t\t\t\tresponsive: [\n\t\t\t\t\t{\n\t\t\t\t\t\tbreakpoint: 1200,\n\t\t\t\t\t\tsettings: {\n\t\t\t\t\t\t\tslidesToShow: 1,\n\t\t\t\t\t\t\tslidesToScroll: 1,\n\t\t\t\t\t\t}\n\t\t\t\t},\n\t\t\t\t\t{\n\t\t\t\t\t\tbreakpoint: 992,\n\t\t\t\t\t\tsettings: {\n\t\t\t\t\t\t\tslidesToShow: 1,\n\t\t\t\t\t\t\tslidesToScroll: 1,\n\t\t\t\t\t\t}\n\t\t\t\t},\n\t\t\t\t\t{\n\t\t\t\t\t\tbreakpoint: 768,\n\t\t\t\t\t\tsettings: {\n\t\t\t\t\t\t\tslidesToShow: 1,\n\t\t\t\t\t\t\tslidesToScroll: 1,\n\t\t\t\t\t\t}\n\t\t\t\t}\n\t\t\t\t\/\/ You can unslick at a given breakpoint now by adding:\n\t\t\t\t\/\/ settings: \"unslick\"\n\t\t\t\t\/\/ instead of a settings object\n\t\t\t\t]\n\t\t\t});\n\n\t\t});\n\t<\/script>\t\t\n\t\t\n\t\t\n\t\t\n\t\t\n\n\t\t\t\t<\/div>\n\t\t\t\t<\/div>\n\t\t\t\t<div class=\"elementor-element elementor-element-7d3bd835 hisfull-star-rating--align-left hisfull-star-rating--align-center elementor-widget elementor-widget-witr_section_apartment\" data-id=\"7d3bd835\" data-element_type=\"widget\" data-widget_type=\"witr_section_apartment.default\">\n\t\t\t\t<div class=\"elementor-widget-container\">\n\t\t\t\t\t\n\t\t\t\t\t<div class=\"apartment_area\">\t\t\t\t\n\t\t\t\t\t\t<div class=\"apartment_text\">\t\t\n\t\t\t\t\t\t\t<!-- title -->\n\t\t\t\t\t\t\t\t\t\t\t\t\t\t\t<h1>Contact<\/h1>\n\t\t\t\t\t\t\t\t\t\n\t\t\t\t\t\t\t<!-- content -->\n\t\t\t\t\t\t\t\t\t\t\t\t\t\t\t<h2>We are at your service 24\/7 <\/h2>\t\t\n\t\t\t\t\t\t\t\t\t\t\t\t\t\t\n\t\t\t\t\t\t<\/div>\t\t\n\t\t\t\t\t\t<div class=\"witr_apartment_form\">\n\t\t\t\t\t\t\t<p class=\"wpcf7-contact-form-not-found\"><strong>Error:<\/strong> Contact form not found.<\/p>\t\t\t\t\t\t\n\t\t\t\t\t\t<\/div>\t\t\t\t\t\n\t\t\t\t\t<\/div>\t\t\t\t\t\n\t\t\n\t\t\t\t\t\t<\/div>\n\t\t\t\t<\/div>\n\t\t\t\t\t<\/div>\n\t\t<\/div>\n\t\t\t\t\t<\/div>\n\t\t<\/section>\n\t\t\t\t\t<\/div>\n\t\t<\/div>\n\t\t\t\t\t<\/div>\n\t\t<\/section>\n\t\t\t\t<section class=\"elementor-section elementor-top-section elementor-element elementor-element-1b979712 elementor-section-boxed elementor-section-height-default elementor-section-height-default\" data-id=\"1b979712\" data-element_type=\"section\" data-settings=\"{&quot;background_background&quot;:&quot;classic&quot;}\">\n\t\t\t\t\t\t<div class=\"elementor-container elementor-column-gap-default\">\n\t\t\t\t\t<div class=\"elementor-column elementor-col-100 elementor-top-column elementor-element elementor-element-429e8afb\" data-id=\"429e8afb\" data-element_type=\"column\">\n\t\t\t<div class=\"elementor-widget-wrap elementor-element-populated\">\n\t\t\t\t\t\t<div class=\"elementor-element elementor-element-997d95f elementor-widget elementor-widget-witr_section_title\" data-id=\"997d95f\" data-element_type=\"widget\" data-widget_type=\"witr_section_title.default\">\n\t\t\t\t<div class=\"elementor-widget-container\">\n\t\t\t\t\t\t\t\t\t\t<!-- title center -->\n\t\t\t\t\t<div class=\"witr_section_title\">\n\t\t\t\t\t\t<div class=\"witr_section_title_inner text-center\">\n\t\t\t\t\t\t\n\t\t\t\t\t\t\t<!--<div class=\"witr_title_lines\"><span class=\"witr_line_shaps\"><span class=\"witr_shape_dv\">Divider <i aria-hidden=\"true\" class=\"fas fa-star\"><\/i><\/span><\/span><\/div>-->\n\t\t\t\t\t\t\t<!-- icon position -->\n\t\t\t\t\t\t\t\t\n\t\t\t\t\t\t\t<!-- end icon position -->\n\t\t\t\t\t\t\t\n\t\t\t\t\t\t\n\t\t\t\t\t\t\t<!-- title top -->\n\t\t\t\t\t\t\t\t\t\t\t\t\t\t\t<h2>Patient Satisfaction<\/h2>\t\t\n\t\t\t\t\t\t\t\n\n\t\t\t\t\t\t\t<!-- icon position -->\n\t\t\t\t\t\t\t\t\n\t\t\t\t\t\t\t<!-- end icon position -->\n\n\n\t\t\t\t\t\t\t\n\t\t\t\t\t\t\t<!-- title middle -->\n\t\t\t\t\t\t\t\t\t\t\t\t\t\t\t<h3>Beautiful thoughts from all of you<\/h3>\t\t\n\t\t\t\t\t\t\t\t\t\t\t\t\t\t<!-- title bottom -->\n\t\t\t\t\t\t\t\n\t\t\t\t\t\t\t\n\t\t\t\t\t\t\t\n\t\t\t\t\t\t\t\t\t\t\t\t\t\t\n\t\t\t\t\t\t\t<!-- image -->\n\t\t\t\t\t\t\t\t\t\t\t\t\t\t<!-- icon -->\n\t\t\t\t\t\t\t\t\t\t\t\t\t\t\n\t\t\t\t\t\t\t<!-- bar -->\n\t\t\t\t\t\t\t\t\t\t\t\t\t\t\n\t\t\t\t\t\t\t\t<div class=\"witr_bar_main\">\n\t\t\t\t\t\t\t\t\t<div class=\"witr_bar_inner\">\n\t\t\t\t\t\t\t\t\t<\/div>\n\t\t\t\t\t\t\t\t<\/div>\n\t\t\t\t\t\t\t\n\t\t\t\t\t\t\t\n\t\t\t\t\t\t\t\t\n\t\t\t\t\t\t\t\n\n\t\t\t\t\t\t\t\n\t\t\t\t\t\t\t<!-- content -->\n\t\t\t\t\t\t\t\t\t\t\t\t\t\t\n\t\t\t\t\t\t<\/div>\n\t\t\t\t\t\t\t<!-- inner title -->\n\t\t\t\t\t\t\t\t\t\t\t\t\t\n\t\t\t\t\t<\/div>\n\n\t\t\t\t\t\t\t\t<\/div>\n\t\t\t\t<\/div>\n\t\t\t\t<section class=\"elementor-section elementor-inner-section elementor-element elementor-element-1bb106c elementor-section-boxed elementor-section-height-default elementor-section-height-default\" data-id=\"1bb106c\" data-element_type=\"section\">\n\t\t\t\t\t\t<div class=\"elementor-container elementor-column-gap-default\">\n\t\t\t\t\t<div class=\"elementor-column elementor-col-100 elementor-inner-column elementor-element elementor-element-3e2bdfa1\" data-id=\"3e2bdfa1\" data-element_type=\"column\">\n\t\t\t<div class=\"elementor-widget-wrap elementor-element-populated\">\n\t\t\t\t\t\t<div class=\"elementor-element elementor-element-51b62d7b elementor-widget elementor-widget-witr_testimonial_section\" data-id=\"51b62d7b\" data-element_type=\"widget\" data-widget_type=\"witr_testimonial_section.default\">\n\t\t\t\t<div class=\"elementor-widget-container\">\n\t\t\t\t\t\t\t\t\n\t\t\t\t\t<div class=\"carso_id1 tshover testomonial-slide witr_testi_s10\">\t\n\t\t\t\t\t\t\t\t\t\t\t\t\n\t\t\t\t\t\t<!-- SINGLE TEAM -->\n\t\t\t\t\t\t<div class=\"witr_testi_itemt testi-width all_color_testimonial\">\t\n\t\t\t\t\t\t\n\t\t\t\t\t\t\t<!-- Start Single Testimonial -->\n\t\t\t\t\t\t\t<div class=\"em_single_testimonial\">\n\t\t\t\t\t\t\t\t\t<div class=\"test_q_icon\">\n\t\t\t\t\t\t\t\t\t\t<i class=\"fas fa-quote-left\"><\/i>\n\t\t\t\t\t\t\t\t\t<\/div>\n\t\t\t\t\t\t\t\t<div class=\"em_testi_content\">\n\t\t\t\t\t\t\t\t\t<div class=\"em_testi_text\">\n\t\t\t\t\t\t\t\t\t\t<!-- content -->\t\n\t\t\t\t\t\t\t\t\t\t<p>If you're looking for car insurance, we will help you to find the You bring emendous value to company. We have generated more leads in the last<\/p>\t\t\t\t\t\t\t\t\t<\/div>\n\t\t\t\t\t\t\t\t<\/div>\t\t\t\t\t\t\t\t\n\t\t\t\t\t\t\t\n\t\t\t\t\t\t\t\n\t\t\t\t\t\t\t\n\t\t\t\t\t\t\t\t \n\t\t\t\t\t\t\t\n\t\t\t\t\t\t\t\t\t<div class=\"em_test_thumb test-part\">\n\t\t\t\t\t\t\t\t\t\t<img decoding=\"async\" width=\"73\" height=\"73\" src=\"https:\/\/healthtourismturkis.com\/wp-content\/uploads\/2021\/02\/test-1.png\" class=\"attachment-post-thumbnail size-post-thumbnail wp-post-image\" alt=\"\" \/>\t\t\t\t\t\t\t\t\t<\/div>\n\t\t\t\t\t\t\t\t\t\t\t\t\t\t\t\t\t\t\t\t\n\t\t\t\t\t\t\t\t\t<div class=\"em_testi_title\">\n\t\t\t\t\t\t\t\t\t\t<h2>Farhan Smith <span>Health Mentor<\/span><\/h2>\t\t\t\t\t\t\t\t\t\t\t\n\t\t\t\t\t\t\t\t\t<\/div>\n\t\t\t\t\t\t\t\t\t<div class=\"em_testi_logo\">\n\t\t\t\t\t\t\t\t\t\t<div class=\"em_testilogo_inner\">\n\t\t\t\t\t\t\t\t\t\t\t\t\t\t\t\t\t\t\t\t\t\t\n\t\t\t\t\t\t\t\t\t\t<\/div>\n\t\t\t\t\t\t\t\t\t<\/div>\n\n\t\t\t\t\t\t\t\t\t\n\t\t\t\t\t\t\t<\/div>\t\t\t\t\t\t\t\t\t\t\n\t\t\t\t\t\t<\/div>\t\n\n\t\t\t\t\t\t\t\t\t\t\t\n\t\t\t\t\t\t<!-- SINGLE TEAM -->\n\t\t\t\t\t\t<div class=\"witr_testi_itemt testi-width all_color_testimonial\">\t\n\t\t\t\t\t\t\n\t\t\t\t\t\t\t<!-- Start Single Testimonial -->\n\t\t\t\t\t\t\t<div class=\"em_single_testimonial\">\n\t\t\t\t\t\t\t\t\t<div class=\"test_q_icon\">\n\t\t\t\t\t\t\t\t\t\t<i class=\"fas fa-quote-left\"><\/i>\n\t\t\t\t\t\t\t\t\t<\/div>\n\t\t\t\t\t\t\t\t<div class=\"em_testi_content\">\n\t\t\t\t\t\t\t\t\t<div class=\"em_testi_text\">\n\t\t\t\t\t\t\t\t\t\t<!-- content -->\t\n\t\t\t\t\t\t\t\t\t\t<p>If you're looking for car insurance, we will help you to find the You bring emendous value to company. We have generated more leads in the last<\/p>\t\t\t\t\t\t\t\t\t<\/div>\n\t\t\t\t\t\t\t\t<\/div>\t\t\t\t\t\t\t\t\n\t\t\t\t\t\t\t\n\t\t\t\t\t\t\t\n\t\t\t\t\t\t\t\n\t\t\t\t\t\t\t\t \n\t\t\t\t\t\t\t\n\t\t\t\t\t\t\t\t\t<div class=\"em_test_thumb test-part\">\n\t\t\t\t\t\t\t\t\t\t<img decoding=\"async\" width=\"73\" height=\"73\" src=\"https:\/\/healthtourismturkis.com\/wp-content\/uploads\/2021\/02\/test-2.png\" class=\"attachment-post-thumbnail size-post-thumbnail wp-post-image\" alt=\"\" \/>\t\t\t\t\t\t\t\t\t<\/div>\n\t\t\t\t\t\t\t\t\t\t\t\t\t\t\t\t\t\t\t\t\n\t\t\t\t\t\t\t\t\t<div class=\"em_testi_title\">\n\t\t\t\t\t\t\t\t\t\t<h2>Elwin Dawson <span>Medical Specialist<\/span><\/h2>\t\t\t\t\t\t\t\t\t\t\t\n\t\t\t\t\t\t\t\t\t<\/div>\n\t\t\t\t\t\t\t\t\t<div class=\"em_testi_logo\">\n\t\t\t\t\t\t\t\t\t\t<div class=\"em_testilogo_inner\">\n\t\t\t\t\t\t\t\t\t\t\t\t\t\t\t\t\t\t\t\t\t\t\n\t\t\t\t\t\t\t\t\t\t<\/div>\n\t\t\t\t\t\t\t\t\t<\/div>\n\n\t\t\t\t\t\t\t\t\t\n\t\t\t\t\t\t\t<\/div>\t\t\t\t\t\t\t\t\t\t\n\t\t\t\t\t\t<\/div>\t\n\n\t\t\t\t\t\t\t\t\t\t\t\n\t\t\t\t\t\t<!-- SINGLE TEAM -->\n\t\t\t\t\t\t<div class=\"witr_testi_itemt testi-width all_color_testimonial\">\t\n\t\t\t\t\t\t\n\t\t\t\t\t\t\t<!-- Start Single Testimonial -->\n\t\t\t\t\t\t\t<div class=\"em_single_testimonial\">\n\t\t\t\t\t\t\t\t\t<div class=\"test_q_icon\">\n\t\t\t\t\t\t\t\t\t\t<i class=\"fas fa-quote-left\"><\/i>\n\t\t\t\t\t\t\t\t\t<\/div>\n\t\t\t\t\t\t\t\t<div class=\"em_testi_content\">\n\t\t\t\t\t\t\t\t\t<div class=\"em_testi_text\">\n\t\t\t\t\t\t\t\t\t\t<!-- content -->\t\n\t\t\t\t\t\t\t\t\t\t<p>If you're looking for car insurance, we will help you to find the You bring emendous value to company. We have generated more leads in the last<\/p>\t\t\t\t\t\t\t\t\t<\/div>\n\t\t\t\t\t\t\t\t<\/div>\t\t\t\t\t\t\t\t\n\t\t\t\t\t\t\t\n\t\t\t\t\t\t\t\n\t\t\t\t\t\t\t\n\t\t\t\t\t\t\t\t \n\t\t\t\t\t\t\t\n\t\t\t\t\t\t\t\t\t<div class=\"em_test_thumb test-part\">\n\t\t\t\t\t\t\t\t\t\t<img decoding=\"async\" width=\"73\" height=\"73\" src=\"https:\/\/healthtourismturkis.com\/wp-content\/uploads\/2021\/02\/test-3.png\" class=\"attachment-post-thumbnail size-post-thumbnail wp-post-image\" alt=\"\" \/>\t\t\t\t\t\t\t\t\t<\/div>\n\t\t\t\t\t\t\t\t\t\t\t\t\t\t\t\t\t\t\t\t\n\t\t\t\t\t\t\t\t\t<div class=\"em_testi_title\">\n\t\t\t\t\t\t\t\t\t\t<h2>Poral Dawson <span>Home Nurse<\/span><\/h2>\t\t\t\t\t\t\t\t\t\t\t\n\t\t\t\t\t\t\t\t\t<\/div>\n\t\t\t\t\t\t\t\t\t<div class=\"em_testi_logo\">\n\t\t\t\t\t\t\t\t\t\t<div class=\"em_testilogo_inner\">\n\t\t\t\t\t\t\t\t\t\t\t\t\t\t\t\t\t\t\t\t\t\t\n\t\t\t\t\t\t\t\t\t\t<\/div>\n\t\t\t\t\t\t\t\t\t<\/div>\n\n\t\t\t\t\t\t\t\t\t\n\t\t\t\t\t\t\t<\/div>\t\t\t\t\t\t\t\t\t\t\n\t\t\t\t\t\t<\/div>\t\n\n\t\t\t\t\t\t\t\t\t\t\t\n\t\t\t\t\t\t<!-- SINGLE TEAM -->\n\t\t\t\t\t\t<div class=\"witr_testi_itemt testi-width all_color_testimonial\">\t\n\t\t\t\t\t\t\n\t\t\t\t\t\t\t<!-- Start Single Testimonial -->\n\t\t\t\t\t\t\t<div class=\"em_single_testimonial\">\n\t\t\t\t\t\t\t\t\t<div class=\"test_q_icon\">\n\t\t\t\t\t\t\t\t\t\t<i class=\"fas fa-quote-left\"><\/i>\n\t\t\t\t\t\t\t\t\t<\/div>\n\t\t\t\t\t\t\t\t<div class=\"em_testi_content\">\n\t\t\t\t\t\t\t\t\t<div class=\"em_testi_text\">\n\t\t\t\t\t\t\t\t\t\t<!-- content -->\t\n\t\t\t\t\t\t\t\t\t\t<p>If you're looking for car insurance, we will help you to find the You bring emendous value to company. We have generated more leads in the last<\/p>\t\t\t\t\t\t\t\t\t<\/div>\n\t\t\t\t\t\t\t\t<\/div>\t\t\t\t\t\t\t\t\n\t\t\t\t\t\t\t\n\t\t\t\t\t\t\t\n\t\t\t\t\t\t\t\n\t\t\t\t\t\t\t\t \n\t\t\t\t\t\t\t\n\t\t\t\t\t\t\t\t\t<div class=\"em_test_thumb test-part\">\n\t\t\t\t\t\t\t\t\t\t<img decoding=\"async\" width=\"73\" height=\"73\" src=\"https:\/\/healthtourismturkis.com\/wp-content\/uploads\/2021\/02\/test-2.png\" class=\"attachment-post-thumbnail size-post-thumbnail wp-post-image\" alt=\"\" \/>\t\t\t\t\t\t\t\t\t<\/div>\n\t\t\t\t\t\t\t\t\t\t\t\t\t\t\t\t\t\t\t\t\n\t\t\t\t\t\t\t\t\t<div class=\"em_testi_title\">\n\t\t\t\t\t\t\t\t\t\t<h2>Cori Anderson <span>Dental Specialist<\/span><\/h2>\t\t\t\t\t\t\t\t\t\t\t\n\t\t\t\t\t\t\t\t\t<\/div>\n\t\t\t\t\t\t\t\t\t<div class=\"em_testi_logo\">\n\t\t\t\t\t\t\t\t\t\t<div class=\"em_testilogo_inner\">\n\t\t\t\t\t\t\t\t\t\t\t\t\t\t\t\t\t\t\t\t\t\t\n\t\t\t\t\t\t\t\t\t\t<\/div>\n\t\t\t\t\t\t\t\t\t<\/div>\n\n\t\t\t\t\t\t\t\t\t\n\t\t\t\t\t\t\t<\/div>\t\t\t\t\t\t\t\t\t\t\n\t\t\t\t\t\t<\/div>\t\n\n\t\t\t\t\t\t\t\t\t\t<\/div>\n\t\t\t\t<script type='text\/javascript'>\n\t\t\t\t\tjQuery(function($){\n\n\t\t\t\t\t\t$('.carso_id1').slick({\n\t\t\t\t\t\t\tinfinite: true,\n\t\t\t\t\t\t\tautoplay: true,\n\t\t\t\t\t\t\tautoplaySpeed: 3000,\n\t\t\t\t\t\t\tspeed: 700,\t\t\t\t\t\n\t\t\t\t\t\t\tslidesToShow: 2,\n\t\t\t\t\t\t\tslidesToScroll: 1,\n\t\t\t\t\t\t\tarrows: true,\n\t\t\t\t\t\t\tdots: false,\n\t\t\t\t\t\t\tresponsive: [\n\t\t\t\t\t\t\t\t{\n\t\t\t\t\t\t\t\t\tbreakpoint: 1200,\n\t\t\t\t\t\t\t\t\tsettings: {\n\t\t\t\t\t\t\t\t\t\tslidesToShow: 2,\n\t\t\t\t\t\t\t\t\t\tslidesToScroll: 1,\n\t\t\t\t\t\t\t\t\t}\n\t\t\t\t\t\t\t},\n\t\t\t\t\t\t\t\t{\n\t\t\t\t\t\t\t\t\tbreakpoint: 992,\n\t\t\t\t\t\t\t\t\tsettings: {\n\t\t\t\t\t\t\t\t\t\tslidesToShow: 2,\n\t\t\t\t\t\t\t\t\t\tslidesToScroll: 1,\n\t\t\t\t\t\t\t\t\t}\n\t\t\t\t\t\t\t},\n\t\t\t\t\t\t\t\t{\n\t\t\t\t\t\t\t\t\tbreakpoint: 767,\n\t\t\t\t\t\t\t\t\tsettings: {\n\t\t\t\t\t\t\t\t\t\tslidesToShow: 1,\n\t\t\t\t\t\t\t\t\t\tslidesToScroll: 1,\n\t\t\t\t\t\t\t\t\t}\n\t\t\t\t\t\t\t}\n\t\t\t\t\t\t\t\/\/ You can unslick at a given breakpoint now by adding:\n\t\t\t\t\t\t\t\/\/ settings: \"unslick\"\n\t\t\t\t\t\t\t\/\/ instead of a settings object\n\t\t\t\t\t\t\t]\n\t\t\t\t\t\t});\n\n\t\t\t\t\t});\t\t\t\n\t\t\t\t\t\n\t\t\t\t<\/script>\t\t\t\t\t\t\t\n\t\t\t\t\t\t\t<\/div>\n\t\t\t\t<\/div>\n\t\t\t\t\t<\/div>\n\t\t<\/div>\n\t\t\t\t\t<\/div>\n\t\t<\/section>\n\t\t\t\t\t<\/div>\n\t\t<\/div>\n\t\t\t\t\t<\/div>\n\t\t<\/section>\n\t\t\t\t<section class=\"elementor-section elementor-top-section elementor-element elementor-element-3892e3d4 elementor-section-boxed elementor-section-height-default elementor-section-height-default\" data-id=\"3892e3d4\" data-element_type=\"section\">\n\t\t\t\t\t\t<div class=\"elementor-container elementor-column-gap-default\">\n\t\t\t\t\t<div class=\"elementor-column elementor-col-100 elementor-top-column elementor-element elementor-element-59ebdbb4\" data-id=\"59ebdbb4\" data-element_type=\"column\">\n\t\t\t<div class=\"elementor-widget-wrap elementor-element-populated\">\n\t\t\t\t\t\t<div class=\"elementor-element elementor-element-7f0ce60a elementor-widget elementor-widget-witr_section_title\" data-id=\"7f0ce60a\" data-element_type=\"widget\" data-widget_type=\"witr_section_title.default\">\n\t\t\t\t<div class=\"elementor-widget-container\">\n\t\t\t\t\t\t\t\t\t\t<!-- title center -->\n\t\t\t\t\t<div class=\"witr_section_title\">\n\t\t\t\t\t\t<div class=\"witr_section_title_inner text-center\">\n\t\t\t\t\t\t\n\t\t\t\t\t\t\t<!--<div class=\"witr_title_lines\"><span class=\"witr_line_shaps\"><span class=\"witr_shape_dv\">Divider <i aria-hidden=\"true\" class=\"fas fa-star\"><\/i><\/span><\/span><\/div>-->\n\t\t\t\t\t\t\t<!-- icon position -->\n\t\t\t\t\t\t\t\t\n\t\t\t\t\t\t\t<!-- end icon position -->\n\t\t\t\t\t\t\t\n\t\t\t\t\t\t\n\t\t\t\t\t\t\t<!-- title top -->\n\t\t\t\t\t\t\t\t\t\t\t\t\t\t\t<h2>OUR TEAM<\/h2>\t\t\n\t\t\t\t\t\t\t\n\n\t\t\t\t\t\t\t<!-- icon position -->\n\t\t\t\t\t\t\t\t\t\t\t\t\t\t\n\t\t\t\t\t\t\t<!-- image -->\n\t\t\t\t\t\t\t\t\t\t\t\t\t\t<!-- icon -->\n\t\t\t\t\t\t\t\t\t\t\t\t\t\t\n\t\t\t\t\t\t\t<!-- bar -->\n\t\t\t\t\t\t\t\n\t\t\t\t\t\t\t\n\t\t\t\t\t\t\t\t\n\t\t\t\t\t\t\t<!-- end icon position -->\n\n\n\t\t\t\t\t\t\t\n\t\t\t\t\t\t\t<!-- title middle -->\n\t\t\t\t\t\t\t\t\t\t\t\t\t\t\t<h3>Explore Support Member\n\n<\/h3>\t\t\n\t\t\t\t\t\t\t\t\t\t\t\t\t\t<!-- title bottom -->\n\t\t\t\t\t\t\t\n\t\t\t\t\t\t\t\n\t\t\t\t\t\t\t\n\t\t\t\t\t\t\t\t\n\t\t\t\t\t\t\t\n\n\t\t\t\t\t\t\t\n\t\t\t\t\t\t\t<!-- content -->\n\t\t\t\t\t\t\t\t\t\t\t\t\t\t\n\t\t\t\t\t\t<\/div>\n\t\t\t\t\t\t\t<!-- inner title -->\n\t\t\t\t\t\t\t\t\t\t\t\t\t\n\t\t\t\t\t<\/div>\n\n\t\t\t\t\t\t\t\t<\/div>\n\t\t\t\t<\/div>\n\t\t\t\t\t<\/div>\n\t\t<\/div>\n\t\t\t\t\t<\/div>\n\t\t<\/section>\n\t\t\t\t<\/div>","protected":false},"excerpt":{"rendered":"<p>Mitral Darl\u0131\u011f\u0131 ve Balon Valv\u00fcloplasti Mitral kapa\u011f\u0131 kalpte sol kulak\u00e7\u0131k ile sol kar\u0131nc\u0131k aras\u0131ndaki kapakt\u0131r. Ge\u00e7irilmi\u015f akut mafsal romatizmas\u0131 sonucu kapak daral\u0131r. Neticede yeteri kadar kan kulak\u00e7\u0131ktan sol kar\u0131nc\u0131\u011fa ge\u00e7emez. \u0130stirahat s\u0131ras\u0131nda dar kapaktan ge\u00e7en kan v\u00fccut ihtiya\u00e7lar\u0131 i\u00e7in yeterlidir. Ancak efor s\u0131ras\u0131nda buradan ge\u00e7en kan yeterli olmad\u0131\u011f\u0131 i\u00e7in nefes darl\u0131\u011f\u0131 olur.\u00a0 Tedavi se\u00e7enekleri, kapaktaki [&hellip;]<\/p>","protected":false},"author":1,"featured_media":0,"parent":0,"menu_order":0,"comment_status":"closed","ping_status":"closed","template":"","meta":{"footnotes":""},"class_list":["post-12909","page","type-page","status-publish","hentry"],"aioseo_notices":[],"_links":{"self":[{"href":"https:\/\/healthtourismturkis.com\/en\/wp-json\/wp\/v2\/pages\/12909","targetHints":{"allow":["GET"]}}],"collection":[{"href":"https:\/\/healthtourismturkis.com\/en\/wp-json\/wp\/v2\/pages"}],"about":[{"href":"https:\/\/healthtourismturkis.com\/en\/wp-json\/wp\/v2\/types\/page"}],"author":[{"embeddable":true,"href":"https:\/\/healthtourismturkis.com\/en\/wp-json\/wp\/v2\/users\/1"}],"replies":[{"embeddable":true,"href":"https:\/\/healthtourismturkis.com\/en\/wp-json\/wp\/v2\/comments?post=12909"}],"version-history":[{"count":4,"href":"https:\/\/healthtourismturkis.com\/en\/wp-json\/wp\/v2\/pages\/12909\/revisions"}],"predecessor-version":[{"id":12915,"href":"https:\/\/healthtourismturkis.com\/en\/wp-json\/wp\/v2\/pages\/12909\/revisions\/12915"}],"wp:attachment":[{"href":"https:\/\/healthtourismturkis.com\/en\/wp-json\/wp\/v2\/media?parent=12909"}],"curies":[{"name":"wp","href":"https:\/\/api.w.org\/{rel}","templated":true}]}}