{"id":12736,"date":"2023-01-30T15:52:21","date_gmt":"2023-01-30T15:52:21","guid":{"rendered":"https:\/\/healthtourismturkis.com\/?page_id=12736"},"modified":"2025-02-11T18:00:34","modified_gmt":"2025-02-11T18:00:34","slug":"kalp-damar-cerrahi","status":"publish","type":"page","link":"https:\/\/healthtourismturkis.com\/en\/kalp-damar-cerrahi\/","title":{"rendered":"Cardiovascular Surgery"},"content":{"rendered":"<div data-elementor-type=\"wp-page\" data-elementor-id=\"12736\" class=\"elementor elementor-12736\" data-elementor-post-type=\"page\">\n\t\t\t\t\t\t<section class=\"elementor-section elementor-top-section elementor-element elementor-element-bd31c31 elementor-section-boxed elementor-section-height-default elementor-section-height-default\" data-id=\"bd31c31\" data-element_type=\"section\">\n\t\t\t\t\t\t<div class=\"elementor-container elementor-column-gap-default\">\n\t\t\t\t\t<div class=\"elementor-column elementor-col-100 elementor-top-column elementor-element elementor-element-2d0d7c0\" data-id=\"2d0d7c0\" data-element_type=\"column\">\n\t\t\t<div class=\"elementor-widget-wrap elementor-element-populated\">\n\t\t\t\t\t\t<div class=\"elementor-element elementor-element-3853015 elementor-widget elementor-widget-spacer\" data-id=\"3853015\" data-element_type=\"widget\" data-widget_type=\"spacer.default\">\n\t\t\t\t<div class=\"elementor-widget-container\">\n\t\t\t\t\t\t\t<div class=\"elementor-spacer\">\n\t\t\t<div class=\"elementor-spacer-inner\"><\/div>\n\t\t<\/div>\n\t\t\t\t\t\t<\/div>\n\t\t\t\t<\/div>\n\t\t\t\t<div class=\"elementor-element elementor-element-99b04b1 elementor-widget elementor-widget-witr_section_title\" data-id=\"99b04b1\" data-element_type=\"widget\" data-widget_type=\"witr_section_title.default\">\n\t\t\t\t<div class=\"elementor-widget-container\">\n\t\t\t\t\t\t\t\t\t\t<!-- title center -->\n\t\t\t\t\t<div class=\"witr_section_title\">\n\t\t\t\t\t\t<div class=\"witr_section_title_inner text-center\">\n\t\t\t\t\t\t\n\t\t\t\t\t\t\t<!--<div class=\"witr_title_lines\"><span class=\"witr_line_shaps\"><span class=\"witr_shape_dv\">Divider <i aria-hidden=\"true\" class=\"fas fa-star\"><\/i><\/span><\/span><\/div>-->\n\t\t\t\t\t\t\t<!-- icon position -->\n\t\t\t\t\t\t\t\t\n\t\t\t\t\t\t\t<!-- end icon position -->\n\t\t\t\t\t\t\t\n\t\t\t\t\t\t\n\t\t\t\t\t\t\t<!-- title top -->\n\t\t\t\t\t\t\t\n\n\t\t\t\t\t\t\t<!-- icon position -->\n\t\t\t\t\t\t\t\t\n\t\t\t\t\t\t\t<!-- end icon position -->\n\n\n\t\t\t\t\t\t\t\n\t\t\t\t\t\t\t<!-- title middle -->\n\t\t\t\t\t\t\t\t\t\t\t\t\t\t<!-- title bottom -->\n\t\t\t\t\t\t\t\n\t\t\t\t\t\t\t\n\t\t\t\t\t\t\t\n\t\t\t\t\t\t\t\t\t\t\t\t\t\t\n\t\t\t\t\t\t\t<!-- image -->\n\t\t\t\t\t\t\t\t\t\t\t\t\t\t<!-- icon -->\n\t\t\t\t\t\t\t\t\t\t\t\t\t\t\n\t\t\t\t\t\t\t<!-- bar -->\n\t\t\t\t\t\t\t\t\t\t\t\t\t\t\n\t\t\t\t\t\t\t\t<div class=\"witr_bar_main\">\n\t\t\t\t\t\t\t\t\t<div class=\"witr_bar_inner\">\n\t\t\t\t\t\t\t\t\t<\/div>\n\t\t\t\t\t\t\t\t<\/div>\n\t\t\t\t\t\t\t\n\t\t\t\t\t\t\t\n\t\t\t\t\t\t\t\t\n\t\t\t\t\t\t\t\n\n\t\t\t\t\t\t\t\n\t\t\t\t\t\t\t<!-- content -->\n\t\t\t\t\t\t\t\t\t\t\t\t\t\t\n\t\t\t\t\t\t<\/div>\n\t\t\t\t\t\t\t<!-- inner title -->\n\t\t\t\t\t\t\t\t\t\t\t\t\t\t\t<div class=\"witr_back_title\">\n\t\t\t\t\t\t\t\t\t<h4>Cardiovascular Surgery<\/h4>\n\t\t\t\t\t\t\t\t<\/div>\n\t\t\t\t\t\t\t\t\t\t\t\t\t\n\t\t\t\t\t<\/div>\n\n\t\t\t\t\t\t\t\t<\/div>\n\t\t\t\t<\/div>\n\t\t\t\t<div class=\"elementor-element elementor-element-dd3cbef elementor-widget elementor-widget-spacer\" data-id=\"dd3cbef\" data-element_type=\"widget\" data-widget_type=\"spacer.default\">\n\t\t\t\t<div class=\"elementor-widget-container\">\n\t\t\t\t\t\t\t<div class=\"elementor-spacer\">\n\t\t\t<div class=\"elementor-spacer-inner\"><\/div>\n\t\t<\/div>\n\t\t\t\t\t\t<\/div>\n\t\t\t\t<\/div>\n\t\t\t\t<section class=\"elementor-section elementor-inner-section elementor-element elementor-element-0ec0fc9 elementor-section-boxed elementor-section-height-default elementor-section-height-default\" data-id=\"0ec0fc9\" data-element_type=\"section\">\n\t\t\t\t\t\t<div class=\"elementor-container elementor-column-gap-default\">\n\t\t\t\t\t<div class=\"elementor-column elementor-col-33 elementor-inner-column elementor-element elementor-element-73e8df4\" data-id=\"73e8df4\" data-element_type=\"column\">\n\t\t\t<div class=\"elementor-widget-wrap elementor-element-populated\">\n\t\t\t\t\t\t<div class=\"elementor-element elementor-element-45168e7 elementor-widget elementor-widget-witr_section_service\" data-id=\"45168e7\" data-element_type=\"widget\" data-widget_type=\"witr_section_service.default\">\n\t\t\t\t<div class=\"elementor-widget-container\">\n\t\t\t\t\t\t\t\n\t\t\t<div class=\"service-item all_color_service text-center\">\n\t\t\t\t<div class=\"service_top_image\">\n\t\t\t\t\t<!-- image -->\n\t\t\t\t\t\t\t\t\t\t\t<img decoding=\"async\" src=\"http:\/\/healthtourismturkis.com\/wp-content\/uploads\/2023\/02\/RES12.png\" alt=\"\" \/>\n\t\t\t\t\t\t\t\t\n\t\t\t\t<\/div>\n\t\t\t\t<div class=\"text_box all_icon_color\">\n\t\t\t\t\t<!-- icon -->\n\t\t\t\t\t\t\t\t\t\t<!-- custom icon -->\n\t\t\t\t\t\t\t\t\t\n\t\t\t\t\t<!-- image -->\n\t\t\t\t\t\t\n\t\t\t\t\t<!-- title -->\n\t\t\t\t\t\t\t\t\t\t \n\t\t\t\t\t\t<h3><a href=\"https:\/\/healthtourismturkis.com\/index.php\/stent-takilmasi\/\">Stent Placement<\/a><\/h3>\n\t\t\t\t\t\t\t\t\t\t\t\t\t\t\t<!-- content -->\n\t\t\t\t\t\t\t\t\t\t\t<p>Intracoronary Stent Coronary Stent (steel wireframe) is a device that is used in coronary vessels  <\/p>\t\t\n\t\t\t\t\t\t\t\t\t\t<!-- button -->\n\t\t\t\t\t\t\t\t\t\t\t<div class=\"service-btn\">\n\t\t\t\t\t\t<a href=\"https:\/\/healthtourismturkis.com\/index.php\/stent-takilmasi\/\">Read more\t\t\t\t\t\t\t \n\t\t\t\t\t\t\t\t<!-- custom icon -->\n\t\t\t\t\t\t\t\t\t\n\t\t\t\t\t\t\t\t\t<span class=\"fa fa-long-arrow-right\"><\/span>\n\t\t\t\t\t\t\t\t\t\t\t\t\t\t\t\t\n\t\t\t\t\t\t<\/a>\n\t\t\t\t\t\t<\/div>\n\t\t\t\t\t\t\t\t\t\n\t\t\t\t<\/div> <!-- text_box -->\t\t\t\t\t\t\t\n\t\t\t<\/div> <!-- service item -->\t\t\t\t\t\t\t\n \t\t\t\t\t\t<\/div>\n\t\t\t\t<\/div>\n\t\t\t\t\t<\/div>\n\t\t<\/div>\n\t\t\t\t<div class=\"elementor-column elementor-col-33 elementor-inner-column elementor-element elementor-element-c6226be\" data-id=\"c6226be\" data-element_type=\"column\">\n\t\t\t<div class=\"elementor-widget-wrap elementor-element-populated\">\n\t\t\t\t\t\t<div class=\"elementor-element elementor-element-2a06955 elementor-widget elementor-widget-witr_section_service\" data-id=\"2a06955\" data-element_type=\"widget\" data-widget_type=\"witr_section_service.default\">\n\t\t\t\t<div class=\"elementor-widget-container\">\n\t\t\t\t\t\t\t\n\t\t\t<div class=\"service-item all_color_service text-center\">\n\t\t\t\t<div class=\"service_top_image\">\n\t\t\t\t\t<!-- image -->\n\t\t\t\t\t\t\t\t\t\t\t<img decoding=\"async\" src=\"http:\/\/healthtourismturkis.com\/wp-content\/uploads\/2023\/02\/res-13.png\" alt=\"\" \/>\n\t\t\t\t\t\t\t\t\n\t\t\t\t<\/div>\n\t\t\t\t<div class=\"text_box all_icon_color\">\n\t\t\t\t\t<!-- icon -->\n\t\t\t\t\t\t\t\t\t\t<!-- custom icon -->\n\t\t\t\t\t\t\t\t\t\n\t\t\t\t\t<!-- image -->\n\t\t\t\t\t\t\n\t\t\t\t\t<!-- title -->\n\t\t\t\t\t\t\t\t\t\t \n\t\t\t\t\t\t<h3><a href=\"https:\/\/healthtourismturkis.com\/index.php\/balon-anjiyoplasti\/\">Balloon Angioplasty<\/a><\/h3>\n\t\t\t\t\t\t\t\t\t\t\t\t\t\t\t<!-- content -->\n\t\t\t\t\t\t\t\t\t\t\t<p>Coronary Artery Disease (CAD) is a disease of the arteries that supply the heart muscle, called coronary arteries. <\/p>\t\t\n\t\t\t\t\t\t\t\t\t\t<!-- button -->\n\t\t\t\t\t\t\t\t\t\t\t<div class=\"service-btn\">\n\t\t\t\t\t\t<a href=\"https:\/\/healthtourismturkis.com\/index.php\/balon-anjiyoplasti\/\">Read more\t\t\t\t\t\t\t \n\t\t\t\t\t\t\t\t<!-- custom icon -->\n\t\t\t\t\t\t\t\t\t\n\t\t\t\t\t\t\t\t\t<span class=\"fa fa-long-arrow-right\"><\/span>\n\t\t\t\t\t\t\t\t\t\t\t\t\t\t\t\t\n\t\t\t\t\t\t<\/a>\n\t\t\t\t\t\t<\/div>\n\t\t\t\t\t\t\t\t\t\n\t\t\t\t<\/div> <!-- text_box -->\t\t\t\t\t\t\t\n\t\t\t<\/div> <!-- service item -->\t\t\t\t\t\t\t\n \t\t\t\t\t\t<\/div>\n\t\t\t\t<\/div>\n\t\t\t\t\t<\/div>\n\t\t<\/div>\n\t\t\t\t<div class=\"elementor-column elementor-col-33 elementor-inner-column elementor-element elementor-element-e44fe01\" data-id=\"e44fe01\" data-element_type=\"column\">\n\t\t\t<div class=\"elementor-widget-wrap elementor-element-populated\">\n\t\t\t\t\t\t<div class=\"elementor-element elementor-element-ec06a04 elementor-widget elementor-widget-witr_section_service\" data-id=\"ec06a04\" data-element_type=\"widget\" data-widget_type=\"witr_section_service.default\">\n\t\t\t\t<div class=\"elementor-widget-container\">\n\t\t\t\t\t\t\t\n\t\t\t<div class=\"service-item all_color_service text-center\">\n\t\t\t\t<div class=\"service_top_image\">\n\t\t\t\t\t<!-- image -->\n\t\t\t\t\t\t\t\t\t\t\t<img decoding=\"async\" src=\"http:\/\/healthtourismturkis.com\/wp-content\/uploads\/2023\/02\/res-14.png\" alt=\"\" \/>\n\t\t\t\t\t\t\t\t\n\t\t\t\t<\/div>\n\t\t\t\t<div class=\"text_box all_icon_color\">\n\t\t\t\t\t<!-- icon -->\n\t\t\t\t\t\t\t\t\t\t<!-- custom icon -->\n\t\t\t\t\t\t\t\t\t\n\t\t\t\t\t<!-- image -->\n\t\t\t\t\t\t\n\t\t\t\t\t<!-- title -->\n\t\t\t\t\t\t\t\t\t\t \n\t\t\t\t\t\t<h3><a href=\"https:\/\/healthtourismturkis.com\/index.php\/mitral-darligi-ve-balon-valvuloplasti\/\">Mitral Stenosis and Balloon Valvuloplasty<\/a><\/h3>\n\t\t\t\t\t\t\t\t\t\t\t\t\t\t\t<!-- content -->\n\t\t\t\t\t\t\t\t\t\t\t<p>The mitral valve is the valve between the left atrium and the left ventricle in the heart.  <\/p>\t\t\n\t\t\t\t\t\t\t\t\t\t<!-- button -->\n\t\t\t\t\t\t\t\t\t\t\t<div class=\"service-btn\">\n\t\t\t\t\t\t<a href=\"https:\/\/healthtourismturkis.com\/index.php\/mitral-darligi-ve-balon-valvuloplasti\/\">Read more\t\t\t\t\t\t\t \n\t\t\t\t\t\t\t\t<!-- custom icon -->\n\t\t\t\t\t\t\t\t\t\n\t\t\t\t\t\t\t\t\t<span class=\"fa fa-long-arrow-right\"><\/span>\n\t\t\t\t\t\t\t\t\t\t\t\t\t\t\t\t\n\t\t\t\t\t\t<\/a>\n\t\t\t\t\t\t<\/div>\n\t\t\t\t\t\t\t\t\t\n\t\t\t\t<\/div> <!-- text_box -->\t\t\t\t\t\t\t\n\t\t\t<\/div> <!-- service item -->\t\t\t\t\t\t\t\n \t\t\t\t\t\t<\/div>\n\t\t\t\t<\/div>\n\t\t\t\t\t<\/div>\n\t\t<\/div>\n\t\t\t\t\t<\/div>\n\t\t<\/section>\n\t\t\t\t\t<\/div>\n\t\t<\/div>\n\t\t\t\t\t<\/div>\n\t\t<\/section>\n\t\t\t\t<\/div>","protected":false},"excerpt":{"rendered":"<p>Kalp Damar Cerrahi Stent Tak\u0131lmas\u0131 \u0130ntrakoroner Stent Koroner Stent (\u00e7elik tel kafes), koroner damarlar\u0131nda balon tedavisi ile yeterli Devam\u0131 Balon Anjiyoplasti Koroner Arter Hastal\u0131\u011f\u0131 (KAH) kalp adalesini besleyen ve koroner arterler olarak adland\u0131r\u0131lan atardamarlar\u0131n Devam\u0131 Mitral Darl\u0131\u011f\u0131 ve Balon Valv\u00fcloplasti Mitral kapa\u011f\u0131 kalpte sol kulak\u00e7\u0131k ile sol kar\u0131nc\u0131k aras\u0131ndaki kapakt\u0131r. Ge\u00e7irilmi\u015f Devam\u0131<\/p>","protected":false},"author":1,"featured_media":0,"parent":0,"menu_order":0,"comment_status":"closed","ping_status":"closed","template":"","meta":{"footnotes":""},"class_list":["post-12736","page","type-page","status-publish","hentry"],"aioseo_notices":[],"_links":{"self":[{"href":"https:\/\/healthtourismturkis.com\/en\/wp-json\/wp\/v2\/pages\/12736","targetHints":{"allow":["GET"]}}],"collection":[{"href":"https:\/\/healthtourismturkis.com\/en\/wp-json\/wp\/v2\/pages"}],"about":[{"href":"https:\/\/healthtourismturkis.com\/en\/wp-json\/wp\/v2\/types\/page"}],"author":[{"embeddable":true,"href":"https:\/\/healthtourismturkis.com\/en\/wp-json\/wp\/v2\/users\/1"}],"replies":[{"embeddable":true,"href":"https:\/\/healthtourismturkis.com\/en\/wp-json\/wp\/v2\/comments?post=12736"}],"version-history":[{"count":20,"href":"https:\/\/healthtourismturkis.com\/en\/wp-json\/wp\/v2\/pages\/12736\/revisions"}],"predecessor-version":[{"id":13855,"href":"https:\/\/healthtourismturkis.com\/en\/wp-json\/wp\/v2\/pages\/12736\/revisions\/13855"}],"wp:attachment":[{"href":"https:\/\/healthtourismturkis.com\/en\/wp-json\/wp\/v2\/media?parent=12736"}],"curies":[{"name":"wp","href":"https:\/\/api.w.org\/{rel}","templated":true}]}}